{"id":7286,"date":"2025-01-22T08:34:30","date_gmt":"2025-01-22T07:34:30","guid":{"rendered":"https:\/\/doftrum.se\/produkt\/solar-haze-ellipse\/"},"modified":"2025-01-22T10:26:23","modified_gmt":"2025-01-22T09:26:23","slug":"solar-haze-ellipse","status":"publish","type":"product","link":"https:\/\/doftrum.se\/no\/produkt\/solar-haze-ellipse\/","title":{"rendered":"Solar Haze &#8211; Ellipse"},"content":{"rendered":"","protected":false},"excerpt":{"rendered":"<p>Morgensolens f\u00f8rste str\u00e5ler kaster lys og sikt over dampen som sakte stiger opp fra bakken. Duftene av sprudlende sitrus, grapefrukt og litchinektar trosser tyngdelovene og svever vektl\u00f8st opp i atmosf\u00e6ren, p\u00e5 sin ferd mot solen. <\/p>\n","protected":false},"featured_media":7025,"comment_status":"closed","ping_status":"closed","template":"","meta":{"_acf_changed":false},"varumarke":[19],"product_brand":[],"product_cat":[924],"product_tag":[],"class_list":{"0":"post-7286","1":"product","2":"type-product","3":"status-publish","4":"has-post-thumbnail","6":"varumarke-woodwick","7":"product_cat-duftlys-no-2","8":"pa_basnot-ravfarget","9":"pa_basnot-rosevann","10":"pa_basnot-spunnet-sukker","11":"pa_doftfamilj-frukt-og-sitrusfrukter","12":"pa_farg-gul-no-2","13":"pa_mellannot-gardenia-no","14":"pa_mellannot-hibiskus-no","15":"pa_mellannot-sure-baer","16":"pa_sort-och-storlek-ellipse-no","17":"pa_toppnot-grapefrukt-no","18":"pa_toppnot-litchi-no","19":"pa_toppnot-mousserende-aldehyder","20":"pa_toppnot-rosa-pepperkorn","21":"pa_vaxtyp-soyablanding","22":"pa_vaxvikt-4536-g-no","24":"first","25":"instock","26":"product-type-simple"},"acf":[],"_links":{"self":[{"href":"https:\/\/doftrum.se\/no\/wp-json\/wp\/v2\/product\/7286","targetHints":{"allow":["GET"]}}],"collection":[{"href":"https:\/\/doftrum.se\/no\/wp-json\/wp\/v2\/product"}],"about":[{"href":"https:\/\/doftrum.se\/no\/wp-json\/wp\/v2\/types\/product"}],"replies":[{"embeddable":true,"href":"https:\/\/doftrum.se\/no\/wp-json\/wp\/v2\/comments?post=7286"}],"wp:featuredmedia":[{"embeddable":true,"href":"https:\/\/doftrum.se\/no\/wp-json\/wp\/v2\/media\/7025"}],"wp:attachment":[{"href":"https:\/\/doftrum.se\/no\/wp-json\/wp\/v2\/media?parent=7286"}],"wp:term":[{"taxonomy":"varumarke","embeddable":true,"href":"https:\/\/doftrum.se\/no\/wp-json\/wp\/v2\/varumarke?post=7286"},{"taxonomy":"product_brand","embeddable":true,"href":"https:\/\/doftrum.se\/no\/wp-json\/wp\/v2\/product_brand?post=7286"},{"taxonomy":"product_cat","embeddable":true,"href":"https:\/\/doftrum.se\/no\/wp-json\/wp\/v2\/product_cat?post=7286"},{"taxonomy":"product_tag","embeddable":true,"href":"https:\/\/doftrum.se\/no\/wp-json\/wp\/v2\/product_tag?post=7286"}],"curies":[{"name":"wp","href":"https:\/\/api.w.org\/{rel}","templated":true}]}}