{"id":7146,"date":"2025-01-21T08:41:22","date_gmt":"2025-01-21T07:41:22","guid":{"rendered":"https:\/\/doftrum.se\/produkt\/azure-sky-filled-votive\/"},"modified":"2025-01-21T08:41:22","modified_gmt":"2025-01-21T07:41:22","slug":"azure-sky-filled-votive","status":"publish","type":"product","link":"https:\/\/doftrum.se\/no\/produkt\/azure-sky-filled-votive\/","title":{"rendered":"Azure Sky &#8211; Filled Votive"},"content":{"rendered":"","protected":false},"excerpt":{"rendered":"<p>Bare f\u00f8tter m\u00f8ter b\u00f8lgeskvulp mens du spaserer i solen langs den magisk vakre italienske kysten. Noter av tidevann, frisk mango, s\u00f8t kokoskrem og solfylt tuberose. <\/p>\n","protected":false},"featured_media":6983,"comment_status":"closed","ping_status":"closed","template":"","meta":{"_acf_changed":false},"varumarke":[18],"product_brand":[],"product_cat":[924],"product_tag":[],"class_list":{"0":"post-7146","1":"product","2":"type-product","3":"status-publish","4":"has-post-thumbnail","6":"varumarke-yankee-candle","7":"product_cat-duftlys-no-2","8":"pa_basnot-ravfarget","9":"pa_basnot-tropisk-moskus","10":"pa_basnot-vanilje","11":"pa_doftfamilj-fruktig-no","12":"pa_farg-bla-no-2","13":"pa_mellannot-havsalt","14":"pa_mellannot-kokosnottkrem","15":"pa_mellannot-ros-no","16":"pa_mellannot-tuberos-no","17":"pa_sort-och-storlek-fylt-votiv","18":"pa_toppnot-ananas-no","19":"pa_toppnot-mango-no","20":"pa_toppnot-oransje","21":"pa_vaxtyp-soyablanding","22":"pa_vaxvikt-37-g-no","24":"first","25":"instock","26":"product-type-simple"},"acf":[],"_links":{"self":[{"href":"https:\/\/doftrum.se\/no\/wp-json\/wp\/v2\/product\/7146","targetHints":{"allow":["GET"]}}],"collection":[{"href":"https:\/\/doftrum.se\/no\/wp-json\/wp\/v2\/product"}],"about":[{"href":"https:\/\/doftrum.se\/no\/wp-json\/wp\/v2\/types\/product"}],"replies":[{"embeddable":true,"href":"https:\/\/doftrum.se\/no\/wp-json\/wp\/v2\/comments?post=7146"}],"wp:featuredmedia":[{"embeddable":true,"href":"https:\/\/doftrum.se\/no\/wp-json\/wp\/v2\/media\/6983"}],"wp:attachment":[{"href":"https:\/\/doftrum.se\/no\/wp-json\/wp\/v2\/media?parent=7146"}],"wp:term":[{"taxonomy":"varumarke","embeddable":true,"href":"https:\/\/doftrum.se\/no\/wp-json\/wp\/v2\/varumarke?post=7146"},{"taxonomy":"product_brand","embeddable":true,"href":"https:\/\/doftrum.se\/no\/wp-json\/wp\/v2\/product_brand?post=7146"},{"taxonomy":"product_cat","embeddable":true,"href":"https:\/\/doftrum.se\/no\/wp-json\/wp\/v2\/product_cat?post=7146"},{"taxonomy":"product_tag","embeddable":true,"href":"https:\/\/doftrum.se\/no\/wp-json\/wp\/v2\/product_tag?post=7146"}],"curies":[{"name":"wp","href":"https:\/\/api.w.org\/{rel}","templated":true}]}}