{"id":7137,"date":"2025-01-21T08:41:22","date_gmt":"2025-01-21T07:41:22","guid":{"rendered":"https:\/\/doftrum.se\/produkt\/lemon-gelato-signature-medium-jar\/"},"modified":"2025-01-21T08:41:22","modified_gmt":"2025-01-21T07:41:22","slug":"lemon-gelato-signature-medium-jar","status":"publish","type":"product","link":"https:\/\/doftrum.se\/no\/produkt\/lemon-gelato-signature-medium-jar\/","title":{"rendered":"Lemon Gelato &#8211; Signature Medium Jar"},"content":{"rendered":"","protected":false},"excerpt":{"rendered":"<p>Kj\u00f8l deg ned p\u00e5 en varm ettermiddag! Et stopp p\u00e5 en italiensk gelato-bar der syrlige frukter og iskalde og s\u00f8te herligheter frister sansene dine. <\/p>\n","protected":false},"featured_media":7003,"comment_status":"closed","ping_status":"closed","template":"","meta":{"_acf_changed":false},"varumarke":[18],"product_brand":[],"product_cat":[924],"product_tag":[],"class_list":{"0":"post-7137","1":"product","2":"type-product","3":"status-publish","4":"has-post-thumbnail","6":"varumarke-yankee-candle","7":"product_cat-duftlys-no-2","8":"pa_basnot-kremet-iskrem","9":"pa_basnot-musky-skog","10":"pa_basnot-vanilje","11":"pa_doftfamilj-sitrusfrukter-no","12":"pa_farg-gul-no-2","13":"pa_mellannot-bjornebaer","14":"pa_mellannot-jordbaer","15":"pa_mellannot-marshmallows-no","16":"pa_sort-och-storlek-signatur-medium-krukke","17":"pa_toppnot-isete-sitroner","18":"pa_toppnot-kalk","19":"pa_toppnot-solbaer","20":"pa_vaxtyp-soyablanding","21":"pa_vaxvikt-368-g-no","23":"first","24":"instock","25":"product-type-simple"},"acf":[],"_links":{"self":[{"href":"https:\/\/doftrum.se\/no\/wp-json\/wp\/v2\/product\/7137","targetHints":{"allow":["GET"]}}],"collection":[{"href":"https:\/\/doftrum.se\/no\/wp-json\/wp\/v2\/product"}],"about":[{"href":"https:\/\/doftrum.se\/no\/wp-json\/wp\/v2\/types\/product"}],"replies":[{"embeddable":true,"href":"https:\/\/doftrum.se\/no\/wp-json\/wp\/v2\/comments?post=7137"}],"wp:featuredmedia":[{"embeddable":true,"href":"https:\/\/doftrum.se\/no\/wp-json\/wp\/v2\/media\/7003"}],"wp:attachment":[{"href":"https:\/\/doftrum.se\/no\/wp-json\/wp\/v2\/media?parent=7137"}],"wp:term":[{"taxonomy":"varumarke","embeddable":true,"href":"https:\/\/doftrum.se\/no\/wp-json\/wp\/v2\/varumarke?post=7137"},{"taxonomy":"product_brand","embeddable":true,"href":"https:\/\/doftrum.se\/no\/wp-json\/wp\/v2\/product_brand?post=7137"},{"taxonomy":"product_cat","embeddable":true,"href":"https:\/\/doftrum.se\/no\/wp-json\/wp\/v2\/product_cat?post=7137"},{"taxonomy":"product_tag","embeddable":true,"href":"https:\/\/doftrum.se\/no\/wp-json\/wp\/v2\/product_tag?post=7137"}],"curies":[{"name":"wp","href":"https:\/\/api.w.org\/{rel}","templated":true}]}}