{"id":6331,"date":"2024-10-17T11:46:02","date_gmt":"2024-10-17T09:46:02","guid":{"rendered":"https:\/\/doftrum.se\/produkt\/faceted-pattern-eu-new-scent-plug\/"},"modified":"2024-10-17T11:46:02","modified_gmt":"2024-10-17T09:46:02","slug":"faceted-pattern-eu-new-scent-plug","status":"publish","type":"product","link":"https:\/\/doftrum.se\/no\/produkt\/faceted-pattern-eu-new-scent-plug\/","title":{"rendered":"Faceted Pattern Eu &#8211; New Scent Plug"},"content":{"rendered":"","protected":false},"excerpt":{"rendered":"<p>ScentPlug er Yankee Candles serie med elektriske apparater og p\u00e5fyllingsbokser, ogs\u00e5 kjent som duftspredere eller luftfriskere. Duftplugger plugges enkelt inn i stikkontakten og sprer dermed duftene ut i rommet med den duftstyrken og -intensiteten du \u00f8nsker. Scentplugs er Yankee Candles nye design, og erstatter alle tidligere elektriske baser og refiller.<\/p>\n<p>V\u00e6r oppmerksom p\u00e5 dette! Du trenger bare \u00e9n enhet (startsett), som du deretter kan fylle p\u00e5 med p\u00e5fyll av favorittduften din.<\/p>\n","protected":false},"featured_media":6250,"comment_status":"open","ping_status":"closed","template":"","meta":{"_acf_changed":false},"varumarke":[],"product_brand":[],"product_cat":[1869],"product_tag":[],"class_list":{"0":"post-6331","1":"product","2":"type-product","3":"status-publish","4":"has-post-thumbnail","6":"product_cat-ikke-kategorisert","8":"first","9":"instock","10":"shipping-taxable","11":"product-type-simple"},"acf":[],"_links":{"self":[{"href":"https:\/\/doftrum.se\/no\/wp-json\/wp\/v2\/product\/6331","targetHints":{"allow":["GET"]}}],"collection":[{"href":"https:\/\/doftrum.se\/no\/wp-json\/wp\/v2\/product"}],"about":[{"href":"https:\/\/doftrum.se\/no\/wp-json\/wp\/v2\/types\/product"}],"replies":[{"embeddable":true,"href":"https:\/\/doftrum.se\/no\/wp-json\/wp\/v2\/comments?post=6331"}],"wp:featuredmedia":[{"embeddable":true,"href":"https:\/\/doftrum.se\/no\/wp-json\/wp\/v2\/media\/6250"}],"wp:attachment":[{"href":"https:\/\/doftrum.se\/no\/wp-json\/wp\/v2\/media?parent=6331"}],"wp:term":[{"taxonomy":"varumarke","embeddable":true,"href":"https:\/\/doftrum.se\/no\/wp-json\/wp\/v2\/varumarke?post=6331"},{"taxonomy":"product_brand","embeddable":true,"href":"https:\/\/doftrum.se\/no\/wp-json\/wp\/v2\/product_brand?post=6331"},{"taxonomy":"product_cat","embeddable":true,"href":"https:\/\/doftrum.se\/no\/wp-json\/wp\/v2\/product_cat?post=6331"},{"taxonomy":"product_tag","embeddable":true,"href":"https:\/\/doftrum.se\/no\/wp-json\/wp\/v2\/product_tag?post=6331"}],"curies":[{"name":"wp","href":"https:\/\/api.w.org\/{rel}","templated":true}]}}