{"id":6127,"date":"2024-10-10T10:11:26","date_gmt":"2024-10-10T08:11:26","guid":{"rendered":"https:\/\/doftrum.se\/produkt\/relax\/"},"modified":"2024-10-24T13:53:10","modified_gmt":"2024-10-24T11:53:10","slug":"relax","status":"publish","type":"product","link":"https:\/\/doftrum.se\/no\/produkt\/relax\/","title":{"rendered":"Relax"},"content":{"rendered":"","protected":false},"excerpt":{"rendered":"<p>Avslappingspakken er utviklet for \u00e5 hjelpe deg med \u00e5 slappe av og stresse ned. Med beroligende dufter sprer den en f\u00f8lelse av ro og balanse, perfekt for \u00e5 skape et avslappet og harmonisk milj\u00f8 i hjemmet ditt. <\/p>\n","protected":false},"featured_media":6218,"comment_status":"open","ping_status":"closed","template":"","meta":{"_acf_changed":false},"varumarke":[],"product_brand":[],"product_cat":[1869],"product_tag":[],"class_list":{"0":"post-6127","1":"product","2":"type-product","3":"status-publish","4":"has-post-thumbnail","6":"product_cat-ikke-kategorisert","8":"first","9":"instock","10":"shipping-taxable","11":"product-type-simple"},"acf":[],"_links":{"self":[{"href":"https:\/\/doftrum.se\/no\/wp-json\/wp\/v2\/product\/6127","targetHints":{"allow":["GET"]}}],"collection":[{"href":"https:\/\/doftrum.se\/no\/wp-json\/wp\/v2\/product"}],"about":[{"href":"https:\/\/doftrum.se\/no\/wp-json\/wp\/v2\/types\/product"}],"replies":[{"embeddable":true,"href":"https:\/\/doftrum.se\/no\/wp-json\/wp\/v2\/comments?post=6127"}],"wp:featuredmedia":[{"embeddable":true,"href":"https:\/\/doftrum.se\/no\/wp-json\/wp\/v2\/media\/6218"}],"wp:attachment":[{"href":"https:\/\/doftrum.se\/no\/wp-json\/wp\/v2\/media?parent=6127"}],"wp:term":[{"taxonomy":"varumarke","embeddable":true,"href":"https:\/\/doftrum.se\/no\/wp-json\/wp\/v2\/varumarke?post=6127"},{"taxonomy":"product_brand","embeddable":true,"href":"https:\/\/doftrum.se\/no\/wp-json\/wp\/v2\/product_brand?post=6127"},{"taxonomy":"product_cat","embeddable":true,"href":"https:\/\/doftrum.se\/no\/wp-json\/wp\/v2\/product_cat?post=6127"},{"taxonomy":"product_tag","embeddable":true,"href":"https:\/\/doftrum.se\/no\/wp-json\/wp\/v2\/product_tag?post=6127"}],"curies":[{"name":"wp","href":"https:\/\/api.w.org\/{rel}","templated":true}]}}