{"id":6126,"date":"2024-10-10T10:04:57","date_gmt":"2024-10-10T08:04:57","guid":{"rendered":"https:\/\/doftrum.se\/produkt\/julstamning\/"},"modified":"2024-11-12T10:48:42","modified_gmt":"2024-11-12T09:48:42","slug":"julstamning","status":"publish","type":"product","link":"https:\/\/doftrum.se\/no\/produkt\/julstamning\/","title":{"rendered":"Julst\u00e4mning"},"content":{"rendered":"","protected":false},"excerpt":{"rendered":"<p>Spre en herlig atmosf\u00e6re av julemagi med dufter av krydret kanel, forfriskende grapefrukt og frisk gran. Denne kolleksjonen skaper en koselig og festlig f\u00f8lelse i hjemmet ditt, perfekt for \u00e5 nyte de magiske \u00f8yeblikkene med familie og venner i juletiden. <\/p>\n","protected":false},"featured_media":6222,"comment_status":"open","ping_status":"closed","template":"","meta":{"_acf_changed":false},"varumarke":[],"product_brand":[],"product_cat":[1869],"product_tag":[],"class_list":{"0":"post-6126","1":"product","2":"type-product","3":"status-publish","4":"has-post-thumbnail","6":"product_cat-ikke-kategorisert","8":"first","9":"instock","10":"shipping-taxable","11":"product-type-simple"},"acf":[],"_links":{"self":[{"href":"https:\/\/doftrum.se\/no\/wp-json\/wp\/v2\/product\/6126","targetHints":{"allow":["GET"]}}],"collection":[{"href":"https:\/\/doftrum.se\/no\/wp-json\/wp\/v2\/product"}],"about":[{"href":"https:\/\/doftrum.se\/no\/wp-json\/wp\/v2\/types\/product"}],"replies":[{"embeddable":true,"href":"https:\/\/doftrum.se\/no\/wp-json\/wp\/v2\/comments?post=6126"}],"wp:featuredmedia":[{"embeddable":true,"href":"https:\/\/doftrum.se\/no\/wp-json\/wp\/v2\/media\/6222"}],"wp:attachment":[{"href":"https:\/\/doftrum.se\/no\/wp-json\/wp\/v2\/media?parent=6126"}],"wp:term":[{"taxonomy":"varumarke","embeddable":true,"href":"https:\/\/doftrum.se\/no\/wp-json\/wp\/v2\/varumarke?post=6126"},{"taxonomy":"product_brand","embeddable":true,"href":"https:\/\/doftrum.se\/no\/wp-json\/wp\/v2\/product_brand?post=6126"},{"taxonomy":"product_cat","embeddable":true,"href":"https:\/\/doftrum.se\/no\/wp-json\/wp\/v2\/product_cat?post=6126"},{"taxonomy":"product_tag","embeddable":true,"href":"https:\/\/doftrum.se\/no\/wp-json\/wp\/v2\/product_tag?post=6126"}],"curies":[{"name":"wp","href":"https:\/\/api.w.org\/{rel}","templated":true}]}}