{"id":6124,"date":"2024-10-10T09:53:40","date_gmt":"2024-10-10T07:53:40","guid":{"rendered":"https:\/\/doftrum.se\/produkt\/julbak\/"},"modified":"2024-10-24T13:30:04","modified_gmt":"2024-10-24T11:30:04","slug":"julbak","status":"publish","type":"product","link":"https:\/\/doftrum.se\/no\/produkt\/julbak\/","title":{"rendered":"Julbak"},"content":{"rendered":"","protected":false},"excerpt":{"rendered":"<p>Fang den herlige \u00e5nden av julebaksttradisjoner! Med sine herlige aromaer av s\u00f8t kanel, hint av krydret nellik og sm\u00f8raktige croissanter vil den skape en koselig og julete f\u00f8lelse i hjemmet ditt. <\/p>\n","protected":false},"featured_media":6216,"comment_status":"open","ping_status":"closed","template":"","meta":{"_acf_changed":false},"varumarke":[],"product_brand":[],"product_cat":[1869],"product_tag":[],"class_list":{"0":"post-6124","1":"product","2":"type-product","3":"status-publish","4":"has-post-thumbnail","6":"product_cat-ikke-kategorisert","8":"first","9":"instock","10":"shipping-taxable","11":"product-type-simple"},"acf":[],"_links":{"self":[{"href":"https:\/\/doftrum.se\/no\/wp-json\/wp\/v2\/product\/6124","targetHints":{"allow":["GET"]}}],"collection":[{"href":"https:\/\/doftrum.se\/no\/wp-json\/wp\/v2\/product"}],"about":[{"href":"https:\/\/doftrum.se\/no\/wp-json\/wp\/v2\/types\/product"}],"replies":[{"embeddable":true,"href":"https:\/\/doftrum.se\/no\/wp-json\/wp\/v2\/comments?post=6124"}],"wp:featuredmedia":[{"embeddable":true,"href":"https:\/\/doftrum.se\/no\/wp-json\/wp\/v2\/media\/6216"}],"wp:attachment":[{"href":"https:\/\/doftrum.se\/no\/wp-json\/wp\/v2\/media?parent=6124"}],"wp:term":[{"taxonomy":"varumarke","embeddable":true,"href":"https:\/\/doftrum.se\/no\/wp-json\/wp\/v2\/varumarke?post=6124"},{"taxonomy":"product_brand","embeddable":true,"href":"https:\/\/doftrum.se\/no\/wp-json\/wp\/v2\/product_brand?post=6124"},{"taxonomy":"product_cat","embeddable":true,"href":"https:\/\/doftrum.se\/no\/wp-json\/wp\/v2\/product_cat?post=6124"},{"taxonomy":"product_tag","embeddable":true,"href":"https:\/\/doftrum.se\/no\/wp-json\/wp\/v2\/product_tag?post=6124"}],"curies":[{"name":"wp","href":"https:\/\/api.w.org\/{rel}","templated":true}]}}