{"id":5834,"date":"2024-09-24T09:34:58","date_gmt":"2024-09-24T07:34:58","guid":{"rendered":"https:\/\/doftrum.se\/produkt\/aw24-julkalender-bok\/"},"modified":"2024-11-26T08:38:26","modified_gmt":"2024-11-26T07:38:26","slug":"aw24-julkalender-bok","status":"publish","type":"product","link":"https:\/\/doftrum.se\/no\/produkt\/aw24-julkalender-bok\/","title":{"rendered":"Yankee Candle Adventskalender bok"},"content":{"rendered":"<p>Gi en veldig fin nedtellingsgave til jul. Eller hvorfor ikke kj\u00f8pe en til deg selv? <\/p>\n","protected":false},"excerpt":{"rendered":"<p>Har du problemer med \u00e5 velge din favorittduft? Yankee Candles luksuri\u00f8se julekalender er den perfekte l\u00f8sningen! Med 24 ulike dufter \u00e5 oppdage og nyte, f\u00e5r du en ny, spennende duftopplevelse hver dag frem til julaften. Perfekt som gave til deg selv eller noen som elsker \u00e5 fylle hjemmet sitt med stemningsfulle dufter i \u00e5rets koseligste tid.   <\/p>\n<p>Julekalenderen inneholder: 12 telys + 12 fylte stearinlys, Silver Sage &amp; Pine, Cinnamon Stick, Wild Orchid, Amber &amp; Sandalwood, Bayside Cedar, Vanilla Bean Espresso, Vanilla Cupcake, Black Cherry, Red Raspberry, Clean Cotton, Spiced Banana Bread, Soft Wool &amp; Amber + 1 s\u00f8lvbelagt glassholder.<\/p>\n","protected":false},"featured_media":5836,"comment_status":"open","ping_status":"closed","template":"","meta":{"_acf_changed":false},"varumarke":[18],"product_brand":[],"product_cat":[924],"product_tag":[1871],"class_list":{"0":"post-5834","1":"product","2":"type-product","3":"status-publish","4":"has-post-thumbnail","6":"varumarke-yankee-candle","7":"product_cat-duftlys-no-2","8":"product_tag-yc-no","10":"first","11":"instock","12":"shipping-taxable","13":"product-type-simple"},"acf":[],"_links":{"self":[{"href":"https:\/\/doftrum.se\/no\/wp-json\/wp\/v2\/product\/5834","targetHints":{"allow":["GET"]}}],"collection":[{"href":"https:\/\/doftrum.se\/no\/wp-json\/wp\/v2\/product"}],"about":[{"href":"https:\/\/doftrum.se\/no\/wp-json\/wp\/v2\/types\/product"}],"replies":[{"embeddable":true,"href":"https:\/\/doftrum.se\/no\/wp-json\/wp\/v2\/comments?post=5834"}],"wp:featuredmedia":[{"embeddable":true,"href":"https:\/\/doftrum.se\/no\/wp-json\/wp\/v2\/media\/5836"}],"wp:attachment":[{"href":"https:\/\/doftrum.se\/no\/wp-json\/wp\/v2\/media?parent=5834"}],"wp:term":[{"taxonomy":"varumarke","embeddable":true,"href":"https:\/\/doftrum.se\/no\/wp-json\/wp\/v2\/varumarke?post=5834"},{"taxonomy":"product_brand","embeddable":true,"href":"https:\/\/doftrum.se\/no\/wp-json\/wp\/v2\/product_brand?post=5834"},{"taxonomy":"product_cat","embeddable":true,"href":"https:\/\/doftrum.se\/no\/wp-json\/wp\/v2\/product_cat?post=5834"},{"taxonomy":"product_tag","embeddable":true,"href":"https:\/\/doftrum.se\/no\/wp-json\/wp\/v2\/product_tag?post=5834"}],"curies":[{"name":"wp","href":"https:\/\/api.w.org\/{rel}","templated":true}]}}