{"id":5757,"date":"2024-09-19T11:11:25","date_gmt":"2024-09-19T09:11:25","guid":{"rendered":"https:\/\/doftrum.se\/produkt\/signature-small-tumbler-black-coconut\/"},"modified":"2024-09-23T11:29:31","modified_gmt":"2024-09-23T09:29:31","slug":"signature-small-tumbler-black-coconut","status":"publish","type":"product","link":"https:\/\/doftrum.se\/no\/produkt\/signature-small-tumbler-black-coconut\/","title":{"rendered":"Signature Small Tumbler Black Coconut"},"content":{"rendered":"","protected":false},"excerpt":{"rendered":"<p>Duften av kremet kokosn\u00f8tt, sedertre og tropiske \u00f8yblomster lover en luksuri\u00f8s, rolig og fredfull kveld.<\/p>\n","protected":false},"featured_media":5727,"comment_status":"open","ping_status":"closed","template":"","meta":{"_acf_changed":false},"varumarke":[18],"product_brand":[],"product_cat":[924],"product_tag":[1871],"class_list":{"0":"post-5757","1":"product","2":"type-product","3":"status-publish","4":"has-post-thumbnail","6":"varumarke-yankee-candle","7":"product_cat-duftlys-no-2","8":"product_tag-yc-no","9":"pa_basnot-blandede-treslag","10":"pa_basnot-musk","11":"pa_basnot-pudderaktige-toner","12":"pa_doftfamilj-blomstrende","13":"pa_farg-svart-no-2","14":"pa_mellannot-kokosnottblomst","15":"pa_sort-och-storlek-signatur-lite-beger","16":"pa_toppnot-fruktig-ananas-no","17":"pa_toppnot-kokosnott","18":"pa_vaxtyp-soyablanding","19":"pa_vaxvikt-122-g-no","21":"first","22":"instock","23":"shipping-taxable","24":"product-type-simple"},"acf":[],"_links":{"self":[{"href":"https:\/\/doftrum.se\/no\/wp-json\/wp\/v2\/product\/5757","targetHints":{"allow":["GET"]}}],"collection":[{"href":"https:\/\/doftrum.se\/no\/wp-json\/wp\/v2\/product"}],"about":[{"href":"https:\/\/doftrum.se\/no\/wp-json\/wp\/v2\/types\/product"}],"replies":[{"embeddable":true,"href":"https:\/\/doftrum.se\/no\/wp-json\/wp\/v2\/comments?post=5757"}],"wp:featuredmedia":[{"embeddable":true,"href":"https:\/\/doftrum.se\/no\/wp-json\/wp\/v2\/media\/5727"}],"wp:attachment":[{"href":"https:\/\/doftrum.se\/no\/wp-json\/wp\/v2\/media?parent=5757"}],"wp:term":[{"taxonomy":"varumarke","embeddable":true,"href":"https:\/\/doftrum.se\/no\/wp-json\/wp\/v2\/varumarke?post=5757"},{"taxonomy":"product_brand","embeddable":true,"href":"https:\/\/doftrum.se\/no\/wp-json\/wp\/v2\/product_brand?post=5757"},{"taxonomy":"product_cat","embeddable":true,"href":"https:\/\/doftrum.se\/no\/wp-json\/wp\/v2\/product_cat?post=5757"},{"taxonomy":"product_tag","embeddable":true,"href":"https:\/\/doftrum.se\/no\/wp-json\/wp\/v2\/product_tag?post=5757"}],"curies":[{"name":"wp","href":"https:\/\/api.w.org\/{rel}","templated":true}]}}