{"id":5749,"date":"2024-09-16T08:47:21","date_gmt":"2024-09-16T06:47:21","guid":{"rendered":"https:\/\/doftrum.se\/produkt\/signature-small-tumbler-sage-citrus\/"},"modified":"2024-09-23T11:28:38","modified_gmt":"2024-09-23T09:28:38","slug":"signature-small-tumbler-sage-citrus","status":"publish","type":"product","link":"https:\/\/doftrum.se\/no\/produkt\/signature-small-tumbler-sage-citrus\/","title":{"rendered":"Signature Small Tumbler Sage &#038; Citrus"},"content":{"rendered":"","protected":false},"excerpt":{"rendered":"<p>En herlig frisk blanding av jordn\u00e6re salvienoter som blander seg med luksuri\u00f8s talkum og sitron-lime. Sammen skaper de en naturlig, energigivende og harmonisk f\u00f8lelse.<\/p>\n","protected":false},"featured_media":5741,"comment_status":"open","ping_status":"closed","template":"","meta":{"_acf_changed":false},"varumarke":[18],"product_brand":[],"product_cat":[924],"product_tag":[1871],"class_list":{"0":"post-5749","1":"product","2":"type-product","3":"status-publish","4":"has-post-thumbnail","6":"varumarke-yankee-candle","7":"product_cat-duftlys-no-2","8":"product_tag-yc-no","9":"pa_basnot-blandede-treslag","10":"pa_basnot-musk","11":"pa_basnot-patchouli-no","12":"pa_basnot-pudderaktige-toner-no","13":"pa_doftfamilj-sitrusfrukter-no","14":"pa_farg-gronn","15":"pa_mellannot-geranium-no","16":"pa_mellannot-lavendel-no","17":"pa_sort-och-storlek-signatur-lite-beger","18":"pa_toppnot-blandede-gronne-urter","19":"pa_toppnot-lavendel-no","20":"pa_toppnot-sitrusfrukter","21":"pa_vaxtyp-soyablanding","22":"pa_vaxvikt-122-g-no","24":"first","25":"instock","26":"shipping-taxable","27":"product-type-simple"},"acf":[],"_links":{"self":[{"href":"https:\/\/doftrum.se\/no\/wp-json\/wp\/v2\/product\/5749","targetHints":{"allow":["GET"]}}],"collection":[{"href":"https:\/\/doftrum.se\/no\/wp-json\/wp\/v2\/product"}],"about":[{"href":"https:\/\/doftrum.se\/no\/wp-json\/wp\/v2\/types\/product"}],"replies":[{"embeddable":true,"href":"https:\/\/doftrum.se\/no\/wp-json\/wp\/v2\/comments?post=5749"}],"wp:featuredmedia":[{"embeddable":true,"href":"https:\/\/doftrum.se\/no\/wp-json\/wp\/v2\/media\/5741"}],"wp:attachment":[{"href":"https:\/\/doftrum.se\/no\/wp-json\/wp\/v2\/media?parent=5749"}],"wp:term":[{"taxonomy":"varumarke","embeddable":true,"href":"https:\/\/doftrum.se\/no\/wp-json\/wp\/v2\/varumarke?post=5749"},{"taxonomy":"product_brand","embeddable":true,"href":"https:\/\/doftrum.se\/no\/wp-json\/wp\/v2\/product_brand?post=5749"},{"taxonomy":"product_cat","embeddable":true,"href":"https:\/\/doftrum.se\/no\/wp-json\/wp\/v2\/product_cat?post=5749"},{"taxonomy":"product_tag","embeddable":true,"href":"https:\/\/doftrum.se\/no\/wp-json\/wp\/v2\/product_tag?post=5749"}],"curies":[{"name":"wp","href":"https:\/\/api.w.org\/{rel}","templated":true}]}}