{"id":5747,"date":"2024-09-16T08:32:59","date_gmt":"2024-09-16T06:32:59","guid":{"rendered":"https:\/\/doftrum.se\/produkt\/signature-small-tumbler-soft-blanket\/"},"modified":"2024-09-23T11:28:26","modified_gmt":"2024-09-23T09:28:26","slug":"signature-small-tumbler-soft-blanket","status":"publish","type":"product","link":"https:\/\/doftrum.se\/no\/produkt\/signature-small-tumbler-soft-blanket\/","title":{"rendered":"Signature Small Tumbler Soft Blanket"},"content":{"rendered":"<p>En duft som sv\u00f8per deg inn i myke, koselige dr\u00f8mmer. Som en vuggesang av sitrus, luksuri\u00f8s vanilje og varm rav.<\/p>\n","protected":false},"excerpt":{"rendered":"<p>En duft som sv\u00f8per deg inn i myke, koselige dr\u00f8mmer. Som en vuggesang av sitrus, luksuri\u00f8s vanilje og varm rav.<\/p>\n","protected":false},"featured_media":5737,"comment_status":"open","ping_status":"closed","template":"","meta":{"_acf_changed":false},"varumarke":[18],"product_brand":[],"product_cat":[924],"product_tag":[1871],"class_list":{"0":"post-5747","1":"product","2":"type-product","3":"status-publish","4":"has-post-thumbnail","6":"varumarke-yankee-candle","7":"product_cat-duftlys-no-2","8":"product_tag-yc-no","9":"pa_basnot-kakao-no","10":"pa_basnot-musk","11":"pa_basnot-ravfarget","12":"pa_doftfamilj-rent-fresh","13":"pa_farg-hvit","14":"pa_mellannot-kashmir-vanilje","15":"pa_mellannot-pudderaktig-rosa-toner","16":"pa_mellannot-tobakksblomst","17":"pa_sort-och-storlek-signatur-lite-beger","18":"pa_toppnot-bergamott-no","19":"pa_toppnot-bjornebaer","20":"pa_toppnot-sitrusfrukter","21":"pa_vaxtyp-soyablanding","22":"pa_vaxvikt-122-g-no","24":"first","25":"instock","26":"shipping-taxable","27":"product-type-simple"},"acf":[],"_links":{"self":[{"href":"https:\/\/doftrum.se\/no\/wp-json\/wp\/v2\/product\/5747","targetHints":{"allow":["GET"]}}],"collection":[{"href":"https:\/\/doftrum.se\/no\/wp-json\/wp\/v2\/product"}],"about":[{"href":"https:\/\/doftrum.se\/no\/wp-json\/wp\/v2\/types\/product"}],"replies":[{"embeddable":true,"href":"https:\/\/doftrum.se\/no\/wp-json\/wp\/v2\/comments?post=5747"}],"wp:featuredmedia":[{"embeddable":true,"href":"https:\/\/doftrum.se\/no\/wp-json\/wp\/v2\/media\/5737"}],"wp:attachment":[{"href":"https:\/\/doftrum.se\/no\/wp-json\/wp\/v2\/media?parent=5747"}],"wp:term":[{"taxonomy":"varumarke","embeddable":true,"href":"https:\/\/doftrum.se\/no\/wp-json\/wp\/v2\/varumarke?post=5747"},{"taxonomy":"product_brand","embeddable":true,"href":"https:\/\/doftrum.se\/no\/wp-json\/wp\/v2\/product_brand?post=5747"},{"taxonomy":"product_cat","embeddable":true,"href":"https:\/\/doftrum.se\/no\/wp-json\/wp\/v2\/product_cat?post=5747"},{"taxonomy":"product_tag","embeddable":true,"href":"https:\/\/doftrum.se\/no\/wp-json\/wp\/v2\/product_tag?post=5747"}],"curies":[{"name":"wp","href":"https:\/\/api.w.org\/{rel}","templated":true}]}}