{"id":5688,"date":"2024-09-03T08:00:45","date_gmt":"2024-09-03T06:00:45","guid":{"rendered":"https:\/\/doftrum.se\/produkt\/yankee-candle-adventskalender-2024\/"},"modified":"2024-11-26T08:38:25","modified_gmt":"2024-11-26T07:38:25","slug":"yankee-candle-adventskalender-2024","status":"publish","type":"product","link":"https:\/\/doftrum.se\/no\/produkt\/yankee-candle-adventskalender-2024\/","title":{"rendered":"Yankee Candle Adventskalender 2024"},"content":{"rendered":"<p>Her er den perfekte julekalenderen for alle som elsker dufter og koselige stemninger. Hver dag frem til julaften kan du glede deg over en ny, velduftende overraskelse som skaper julestemning i hjemmet ditt. Kalenderen inneholder 24 duftlys i ulike aromaer som skaper en magisk atmosf\u00e6re, og dessuten en elegant lysestake i glass som blir en vakker interi\u00f8rdetalj. Gi deg selv eller en du er glad i en minneverdig nedtelling til jul med denne unike og luksuri\u00f8se kalenderen.<\/p>\n","protected":false},"excerpt":{"rendered":"<p>Her er den perfekte julekalenderen for alle som elsker dufter og koselige stemninger. Hver dag frem til julaften kan du glede deg over en ny, velduftende overraskelse som skaper julestemning i hjemmet ditt. Kalenderen inneholder 24 duftlys i ulike aromaer som skaper en magisk atmosf\u00e6re, og dessuten en elegant lysestake i glass som blir en vakker interi\u00f8rdetalj. Gi deg selv eller en du er glad i en minneverdig nedtelling til jul med denne unike og luksuri\u00f8se kalenderen.<\/p>\n","protected":false},"featured_media":5833,"comment_status":"open","ping_status":"closed","template":"","meta":{"_acf_changed":false},"varumarke":[18],"product_brand":[],"product_cat":[924,1320],"product_tag":[1871],"class_list":{"0":"post-5688","1":"product","2":"type-product","3":"status-publish","4":"has-post-thumbnail","6":"varumarke-yankee-candle","7":"product_cat-duftlys-no-2","8":"product_cat-gavepakke","9":"product_tag-yc-no","11":"first","12":"instock","13":"shipping-taxable","14":"product-type-simple"},"acf":[],"_links":{"self":[{"href":"https:\/\/doftrum.se\/no\/wp-json\/wp\/v2\/product\/5688","targetHints":{"allow":["GET"]}}],"collection":[{"href":"https:\/\/doftrum.se\/no\/wp-json\/wp\/v2\/product"}],"about":[{"href":"https:\/\/doftrum.se\/no\/wp-json\/wp\/v2\/types\/product"}],"replies":[{"embeddable":true,"href":"https:\/\/doftrum.se\/no\/wp-json\/wp\/v2\/comments?post=5688"}],"wp:featuredmedia":[{"embeddable":true,"href":"https:\/\/doftrum.se\/no\/wp-json\/wp\/v2\/media\/5833"}],"wp:attachment":[{"href":"https:\/\/doftrum.se\/no\/wp-json\/wp\/v2\/media?parent=5688"}],"wp:term":[{"taxonomy":"varumarke","embeddable":true,"href":"https:\/\/doftrum.se\/no\/wp-json\/wp\/v2\/varumarke?post=5688"},{"taxonomy":"product_brand","embeddable":true,"href":"https:\/\/doftrum.se\/no\/wp-json\/wp\/v2\/product_brand?post=5688"},{"taxonomy":"product_cat","embeddable":true,"href":"https:\/\/doftrum.se\/no\/wp-json\/wp\/v2\/product_cat?post=5688"},{"taxonomy":"product_tag","embeddable":true,"href":"https:\/\/doftrum.se\/no\/wp-json\/wp\/v2\/product_tag?post=5688"}],"curies":[{"name":"wp","href":"https:\/\/api.w.org\/{rel}","templated":true}]}}