{"id":5598,"date":"2024-06-27T15:17:21","date_gmt":"2024-06-27T13:17:21","guid":{"rendered":"https:\/\/doftrum.se\/produkt\/phantom-cherry-large-hourglass\/"},"modified":"2024-12-18T08:24:56","modified_gmt":"2024-12-18T07:24:56","slug":"phantom-cherry-large-hourglass","status":"publish","type":"product","link":"https:\/\/doftrum.se\/no\/produkt\/phantom-cherry-large-hourglass\/","title":{"rendered":"Phantom Cherry &#8211; Large Hourglass"},"content":{"rendered":"","protected":false},"excerpt":{"rendered":"<p>Dypt inne i Schwarzwald er luften fylt av en overd\u00e5dig s\u00f8dme. Dufter av m\u00f8rke kirseb\u00e6r, ravtre, kasjmir og r\u00f8kt vanilje skaper en tett omfavnelse av mystikk og luksus.<\/p>\n","protected":false},"featured_media":5530,"comment_status":"open","ping_status":"closed","template":"","meta":{"_acf_changed":false},"varumarke":[19],"product_brand":[],"product_cat":[924],"product_tag":[1873],"class_list":{"0":"post-5598","1":"product","2":"type-product","3":"status-publish","4":"has-post-thumbnail","6":"varumarke-woodwick","7":"product_cat-duftlys-no-2","8":"product_tag-ww-no","9":"pa_basnot-kasjmir","10":"pa_basnot-melkeaktig-moskus","11":"pa_basnot-rokt-og-kremet-vanilje","12":"pa_basnot-sandeltre","13":"pa_doftfamilj-krydret","14":"pa_farg-rod-no-2","15":"pa_mellannot-knust-nellik","16":"pa_mellannot-mossa-no","17":"pa_mellannot-ravfarget-treverk","18":"pa_mellannot-tonkabonne","19":"pa_sort-och-storlek-stort-timeglass","20":"pa_toppnot-bringebaer","21":"pa_toppnot-morke-kirsebaer","22":"pa_toppnot-rabarbra","23":"pa_vaxtyp-forsteklasses-blanding-av-soya-og-parafin","24":"pa_vaxvikt-610-g-no","26":"first","27":"instock","28":"product-type-simple"},"acf":[],"_links":{"self":[{"href":"https:\/\/doftrum.se\/no\/wp-json\/wp\/v2\/product\/5598","targetHints":{"allow":["GET"]}}],"collection":[{"href":"https:\/\/doftrum.se\/no\/wp-json\/wp\/v2\/product"}],"about":[{"href":"https:\/\/doftrum.se\/no\/wp-json\/wp\/v2\/types\/product"}],"replies":[{"embeddable":true,"href":"https:\/\/doftrum.se\/no\/wp-json\/wp\/v2\/comments?post=5598"}],"wp:featuredmedia":[{"embeddable":true,"href":"https:\/\/doftrum.se\/no\/wp-json\/wp\/v2\/media\/5530"}],"wp:attachment":[{"href":"https:\/\/doftrum.se\/no\/wp-json\/wp\/v2\/media?parent=5598"}],"wp:term":[{"taxonomy":"varumarke","embeddable":true,"href":"https:\/\/doftrum.se\/no\/wp-json\/wp\/v2\/varumarke?post=5598"},{"taxonomy":"product_brand","embeddable":true,"href":"https:\/\/doftrum.se\/no\/wp-json\/wp\/v2\/product_brand?post=5598"},{"taxonomy":"product_cat","embeddable":true,"href":"https:\/\/doftrum.se\/no\/wp-json\/wp\/v2\/product_cat?post=5598"},{"taxonomy":"product_tag","embeddable":true,"href":"https:\/\/doftrum.se\/no\/wp-json\/wp\/v2\/product_tag?post=5598"}],"curies":[{"name":"wp","href":"https:\/\/api.w.org\/{rel}","templated":true}]}}