{"id":5591,"date":"2024-06-27T15:45:53","date_gmt":"2024-06-27T13:45:53","guid":{"rendered":"https:\/\/doftrum.se\/produkt\/red-apple-wreath-signature-large-tumbler\/"},"modified":"2024-12-18T08:21:39","modified_gmt":"2024-12-18T07:21:39","slug":"red-apple-wreath-signature-large-tumbler","status":"publish","type":"product","link":"https:\/\/doftrum.se\/no\/produkt\/red-apple-wreath-signature-large-tumbler\/","title":{"rendered":"Red Apple Wreath &#8211; Signature Large Tumbler"},"content":{"rendered":"","protected":false},"excerpt":{"rendered":"<p>S\u00f8te epler, kanel, valn\u00f8tter og l\u00f8nnesirup.<br \/>\nEn aromatisk blanding som f\u00e5r alle til \u00e5 \u00f8nske seg hjem til jul. <\/p>\n","protected":false},"featured_media":5418,"comment_status":"open","ping_status":"closed","template":"","meta":{"_acf_changed":false},"varumarke":[18],"product_brand":[],"product_cat":[924],"product_tag":[1871],"class_list":{"0":"post-5591","1":"product","2":"type-product","3":"status-publish","4":"has-post-thumbnail","6":"varumarke-yankee-candle","7":"product_cat-duftlys-no-2","8":"product_tag-yc-no","9":"pa_basnot-lonnesirup","10":"pa_basnot-ravfarget","11":"pa_basnot-smeltet-smor","12":"pa_basnot-vanilje","13":"pa_doftfamilj-fruktig-no","14":"pa_farg-rod-no-2","15":"pa_mellannot-brunt-sukker","16":"pa_mellannot-epleskall","17":"pa_mellannot-knuste-valnotter","18":"pa_sort-och-storlek-signatur-stort-beger","19":"pa_toppnot-gylne-epler","20":"pa_toppnot-kanelblad-no","21":"pa_toppnot-nellik","22":"pa_vaxtyp-soyablanding","23":"pa_vaxvikt-567-g-no","25":"first","26":"instock","27":"product-type-simple"},"acf":[],"_links":{"self":[{"href":"https:\/\/doftrum.se\/no\/wp-json\/wp\/v2\/product\/5591","targetHints":{"allow":["GET"]}}],"collection":[{"href":"https:\/\/doftrum.se\/no\/wp-json\/wp\/v2\/product"}],"about":[{"href":"https:\/\/doftrum.se\/no\/wp-json\/wp\/v2\/types\/product"}],"replies":[{"embeddable":true,"href":"https:\/\/doftrum.se\/no\/wp-json\/wp\/v2\/comments?post=5591"}],"wp:featuredmedia":[{"embeddable":true,"href":"https:\/\/doftrum.se\/no\/wp-json\/wp\/v2\/media\/5418"}],"wp:attachment":[{"href":"https:\/\/doftrum.se\/no\/wp-json\/wp\/v2\/media?parent=5591"}],"wp:term":[{"taxonomy":"varumarke","embeddable":true,"href":"https:\/\/doftrum.se\/no\/wp-json\/wp\/v2\/varumarke?post=5591"},{"taxonomy":"product_brand","embeddable":true,"href":"https:\/\/doftrum.se\/no\/wp-json\/wp\/v2\/product_brand?post=5591"},{"taxonomy":"product_cat","embeddable":true,"href":"https:\/\/doftrum.se\/no\/wp-json\/wp\/v2\/product_cat?post=5591"},{"taxonomy":"product_tag","embeddable":true,"href":"https:\/\/doftrum.se\/no\/wp-json\/wp\/v2\/product_tag?post=5591"}],"curies":[{"name":"wp","href":"https:\/\/api.w.org\/{rel}","templated":true}]}}