{"id":5588,"date":"2024-06-27T15:17:21","date_gmt":"2024-06-27T13:17:21","guid":{"rendered":"https:\/\/doftrum.se\/produkt\/gilded-sands-medium-hourglass\/"},"modified":"2024-12-18T08:24:57","modified_gmt":"2024-12-18T07:24:57","slug":"gilded-sands-medium-hourglass","status":"publish","type":"product","link":"https:\/\/doftrum.se\/no\/produkt\/gilded-sands-medium-hourglass\/","title":{"rendered":"Gilded Sands &#8211; Medium Hourglass"},"content":{"rendered":"","protected":false},"excerpt":{"rendered":"<p>En duft som tar deg med til de skjulte skattene i de egyptiske pyramidene. En uventet f\u00f8lelse av luksus og overflod i et t\u00f8rt sandlandskap. Varm \u00f8rkenluft blander seg med duftene av fiken og guajaktre &#8211; og sammen skaper de en mystikk som bare historiske omgivelser kan gi oss.<\/p>\n","protected":false},"featured_media":5528,"comment_status":"open","ping_status":"closed","template":"","meta":{"_acf_changed":false},"varumarke":[19],"product_brand":[],"product_cat":[924],"product_tag":[1873],"class_list":{"0":"post-5588","1":"product","2":"type-product","3":"status-publish","4":"has-post-thumbnail","6":"varumarke-woodwick","7":"product_cat-duftlys-no-2","8":"product_tag-ww-no","9":"pa_basnot-elemi-honning","10":"pa_basnot-guajak-treet","11":"pa_basnot-ravfarget-sand","12":"pa_doftfamilj-tresort","13":"pa_farg-brun-no-2","14":"pa_mellannot-jasminblomst","15":"pa_mellannot-orkenluft","16":"pa_mellannot-vetivergress","17":"pa_sort-och-storlek-medium-timeglass","18":"pa_toppnot-bergamott-no","19":"pa_toppnot-fiken","20":"pa_toppnot-pepperkorn","21":"pa_vaxtyp-forsteklasses-blanding-av-soya-og-parafin","22":"pa_vaxvikt-275-g-no","24":"first","25":"instock","26":"product-type-simple"},"acf":[],"_links":{"self":[{"href":"https:\/\/doftrum.se\/no\/wp-json\/wp\/v2\/product\/5588","targetHints":{"allow":["GET"]}}],"collection":[{"href":"https:\/\/doftrum.se\/no\/wp-json\/wp\/v2\/product"}],"about":[{"href":"https:\/\/doftrum.se\/no\/wp-json\/wp\/v2\/types\/product"}],"replies":[{"embeddable":true,"href":"https:\/\/doftrum.se\/no\/wp-json\/wp\/v2\/comments?post=5588"}],"wp:featuredmedia":[{"embeddable":true,"href":"https:\/\/doftrum.se\/no\/wp-json\/wp\/v2\/media\/5528"}],"wp:attachment":[{"href":"https:\/\/doftrum.se\/no\/wp-json\/wp\/v2\/media?parent=5588"}],"wp:term":[{"taxonomy":"varumarke","embeddable":true,"href":"https:\/\/doftrum.se\/no\/wp-json\/wp\/v2\/varumarke?post=5588"},{"taxonomy":"product_brand","embeddable":true,"href":"https:\/\/doftrum.se\/no\/wp-json\/wp\/v2\/product_brand?post=5588"},{"taxonomy":"product_cat","embeddable":true,"href":"https:\/\/doftrum.se\/no\/wp-json\/wp\/v2\/product_cat?post=5588"},{"taxonomy":"product_tag","embeddable":true,"href":"https:\/\/doftrum.se\/no\/wp-json\/wp\/v2\/product_tag?post=5588"}],"curies":[{"name":"wp","href":"https:\/\/api.w.org\/{rel}","templated":true}]}}