{"id":5556,"date":"2024-06-27T15:46:06","date_gmt":"2024-06-27T13:46:06","guid":{"rendered":"https:\/\/doftrum.se\/produkt\/holiday-cheer-signature-large-jar\/"},"modified":"2024-12-18T08:21:41","modified_gmt":"2024-12-18T07:21:41","slug":"holiday-cheer-signature-large-jar","status":"publish","type":"product","link":"https:\/\/doftrum.se\/no\/produkt\/holiday-cheer-signature-large-jar\/","title":{"rendered":"Holiday Cheer &#8211; Signature Large Jar"},"content":{"rendered":"","protected":false},"excerpt":{"rendered":"<p>En varm sk\u00e5l for julen! En innbydende og s\u00f8t duftblanding av kardemomme, bj\u00f8rneb\u00e6rvin og vaniljesukker som du vil elske \u00e5 dele med andre.<\/p>\n","protected":false},"featured_media":5446,"comment_status":"open","ping_status":"closed","template":"","meta":{"_acf_changed":false},"varumarke":[18],"product_brand":[],"product_cat":[924],"product_tag":[1871],"class_list":{"0":"post-5556","1":"product","2":"type-product","3":"status-publish","4":"has-post-thumbnail","6":"varumarke-yankee-candle","7":"product_cat-duftlys-no-2","8":"product_tag-yc-no","9":"pa_basnot-ravfarget","10":"pa_basnot-tonkabonne","11":"pa_basnot-vaniljesukker","12":"pa_doftfamilj-fruktig-no","13":"pa_farg-rod-no-2","14":"pa_mellannot-bjornebaergris","15":"pa_mellannot-orkide-no","16":"pa_mellannot-plomme","17":"pa_sort-och-storlek-signatur-stor-krukke","18":"pa_toppnot-kardemomme","19":"pa_toppnot-lakris","20":"pa_toppnot-svart-pepper","21":"pa_vaxtyp-soyablanding","22":"pa_vaxvikt-568-g-no","24":"first","25":"instock","26":"product-type-simple"},"acf":[],"_links":{"self":[{"href":"https:\/\/doftrum.se\/no\/wp-json\/wp\/v2\/product\/5556","targetHints":{"allow":["GET"]}}],"collection":[{"href":"https:\/\/doftrum.se\/no\/wp-json\/wp\/v2\/product"}],"about":[{"href":"https:\/\/doftrum.se\/no\/wp-json\/wp\/v2\/types\/product"}],"replies":[{"embeddable":true,"href":"https:\/\/doftrum.se\/no\/wp-json\/wp\/v2\/comments?post=5556"}],"wp:featuredmedia":[{"embeddable":true,"href":"https:\/\/doftrum.se\/no\/wp-json\/wp\/v2\/media\/5446"}],"wp:attachment":[{"href":"https:\/\/doftrum.se\/no\/wp-json\/wp\/v2\/media?parent=5556"}],"wp:term":[{"taxonomy":"varumarke","embeddable":true,"href":"https:\/\/doftrum.se\/no\/wp-json\/wp\/v2\/varumarke?post=5556"},{"taxonomy":"product_brand","embeddable":true,"href":"https:\/\/doftrum.se\/no\/wp-json\/wp\/v2\/product_brand?post=5556"},{"taxonomy":"product_cat","embeddable":true,"href":"https:\/\/doftrum.se\/no\/wp-json\/wp\/v2\/product_cat?post=5556"},{"taxonomy":"product_tag","embeddable":true,"href":"https:\/\/doftrum.se\/no\/wp-json\/wp\/v2\/product_tag?post=5556"}],"curies":[{"name":"wp","href":"https:\/\/api.w.org\/{rel}","templated":true}]}}