{"id":5554,"date":"2024-06-27T15:46:06","date_gmt":"2024-06-27T13:46:06","guid":{"rendered":"https:\/\/doftrum.se\/produkt\/sparkling-winterberry-signature-large-jar\/"},"modified":"2024-12-18T08:21:49","modified_gmt":"2024-12-18T07:21:49","slug":"sparkling-winterberry-signature-large-jar","status":"publish","type":"product","link":"https:\/\/doftrum.se\/no\/produkt\/sparkling-winterberry-signature-large-jar\/","title":{"rendered":"Sparkling Winterberry &#8211; Signature Large Jar"},"content":{"rendered":"","protected":false},"excerpt":{"rendered":"<p>Som en velduftende julekrans av syrlig granateple, granbalsam og sn\u00f8dekt sedertre. En symfoni av dufter som umiddelbart gj\u00f8r at det blir jul p\u00e5 hytta.<\/p>\n","protected":false},"featured_media":5652,"comment_status":"open","ping_status":"closed","template":"","meta":{"_acf_changed":false},"varumarke":[18],"product_brand":[],"product_cat":[924],"product_tag":[1871],"class_list":{"0":"post-5554","1":"product","2":"type-product","3":"status-publish","4":"has-post-thumbnail","6":"varumarke-yankee-candle","7":"product_cat-duftlys-no-2","8":"product_tag-yc-no","9":"pa_basnot-hvit-mose","10":"pa_basnot-musk","11":"pa_basnot-snodekket-sedertre","12":"pa_doftfamilj-rent-fresh","13":"pa_farg-rod-no-2","14":"pa_farg-rosa-no","15":"pa_mellannot-balsamin-no","16":"pa_mellannot-einer","17":"pa_mellannot-spearmint","18":"pa_sort-och-storlek-signatur-stor-krukke","19":"pa_toppnot-apple-no","20":"pa_toppnot-granateple","21":"pa_toppnot-rosa-ananas-no","22":"pa_toppnot-vinterbaer","23":"pa_vaxtyp-soyablanding","24":"pa_vaxvikt-568-g-no","26":"first","27":"instock","28":"product-type-simple"},"acf":[],"_links":{"self":[{"href":"https:\/\/doftrum.se\/no\/wp-json\/wp\/v2\/product\/5554","targetHints":{"allow":["GET"]}}],"collection":[{"href":"https:\/\/doftrum.se\/no\/wp-json\/wp\/v2\/product"}],"about":[{"href":"https:\/\/doftrum.se\/no\/wp-json\/wp\/v2\/types\/product"}],"replies":[{"embeddable":true,"href":"https:\/\/doftrum.se\/no\/wp-json\/wp\/v2\/comments?post=5554"}],"wp:featuredmedia":[{"embeddable":true,"href":"https:\/\/doftrum.se\/no\/wp-json\/wp\/v2\/media\/5652"}],"wp:attachment":[{"href":"https:\/\/doftrum.se\/no\/wp-json\/wp\/v2\/media?parent=5554"}],"wp:term":[{"taxonomy":"varumarke","embeddable":true,"href":"https:\/\/doftrum.se\/no\/wp-json\/wp\/v2\/varumarke?post=5554"},{"taxonomy":"product_brand","embeddable":true,"href":"https:\/\/doftrum.se\/no\/wp-json\/wp\/v2\/product_brand?post=5554"},{"taxonomy":"product_cat","embeddable":true,"href":"https:\/\/doftrum.se\/no\/wp-json\/wp\/v2\/product_cat?post=5554"},{"taxonomy":"product_tag","embeddable":true,"href":"https:\/\/doftrum.se\/no\/wp-json\/wp\/v2\/product_tag?post=5554"}],"curies":[{"name":"wp","href":"https:\/\/api.w.org\/{rel}","templated":true}]}}