{"id":5358,"date":"2024-06-27T15:46:19","date_gmt":"2024-06-27T13:46:19","guid":{"rendered":"https:\/\/doftrum.se\/produkt\/woodland-weekend-memories-signature-medium-jar\/"},"modified":"2024-12-18T08:22:02","modified_gmt":"2024-12-18T07:22:02","slug":"woodland-weekend-memories-signature-medium-jar","status":"publish","type":"product","link":"https:\/\/doftrum.se\/no\/produkt\/woodland-weekend-memories-signature-medium-jar\/","title":{"rendered":"Woodland Weekend Memories &#8211; Signature Medium Jar"},"content":{"rendered":"","protected":false},"excerpt":{"rendered":"<p>Et overb\u00e6rende skogseventyr der du er omgitt av myke ravfargede aromaer, friske h\u00f8stfrukter og en s\u00f8t undertone av kremet kokosmelk.<\/p>\n","protected":false},"featured_media":5281,"comment_status":"open","ping_status":"closed","template":"","meta":{"_acf_changed":false},"varumarke":[18],"product_brand":[],"product_cat":[924],"product_tag":[1871],"class_list":{"0":"post-5358","1":"product","2":"type-product","3":"status-publish","4":"has-post-thumbnail","6":"varumarke-yankee-candle","7":"product_cat-duftlys-no-2","8":"product_tag-yc-no","9":"pa_basnot-hvit-mose","10":"pa_basnot-musk","11":"pa_basnot-snodekket-sedertre","12":"pa_farg-gra-no","13":"pa_mellannot-balsamin-no","14":"pa_mellannot-einer","15":"pa_mellannot-spearmint","16":"pa_sort-och-storlek-signatur-medium-krukke","17":"pa_toppnot-apple-no","18":"pa_toppnot-granateple","19":"pa_toppnot-rosa-ananas-no","20":"pa_toppnot-vinterbaer","21":"pa_vaxtyp-soyablanding","22":"pa_vaxvikt-368-g-no","24":"first","25":"instock","26":"product-type-simple"},"acf":[],"_links":{"self":[{"href":"https:\/\/doftrum.se\/no\/wp-json\/wp\/v2\/product\/5358","targetHints":{"allow":["GET"]}}],"collection":[{"href":"https:\/\/doftrum.se\/no\/wp-json\/wp\/v2\/product"}],"about":[{"href":"https:\/\/doftrum.se\/no\/wp-json\/wp\/v2\/types\/product"}],"replies":[{"embeddable":true,"href":"https:\/\/doftrum.se\/no\/wp-json\/wp\/v2\/comments?post=5358"}],"wp:featuredmedia":[{"embeddable":true,"href":"https:\/\/doftrum.se\/no\/wp-json\/wp\/v2\/media\/5281"}],"wp:attachment":[{"href":"https:\/\/doftrum.se\/no\/wp-json\/wp\/v2\/media?parent=5358"}],"wp:term":[{"taxonomy":"varumarke","embeddable":true,"href":"https:\/\/doftrum.se\/no\/wp-json\/wp\/v2\/varumarke?post=5358"},{"taxonomy":"product_brand","embeddable":true,"href":"https:\/\/doftrum.se\/no\/wp-json\/wp\/v2\/product_brand?post=5358"},{"taxonomy":"product_cat","embeddable":true,"href":"https:\/\/doftrum.se\/no\/wp-json\/wp\/v2\/product_cat?post=5358"},{"taxonomy":"product_tag","embeddable":true,"href":"https:\/\/doftrum.se\/no\/wp-json\/wp\/v2\/product_tag?post=5358"}],"curies":[{"name":"wp","href":"https:\/\/api.w.org\/{rel}","templated":true}]}}