{"id":5345,"date":"2024-06-27T15:46:19","date_gmt":"2024-06-27T13:46:19","guid":{"rendered":"https:\/\/doftrum.se\/produkt\/afternoon-scrapbooking-filled-votive\/"},"modified":"2024-12-18T08:21:56","modified_gmt":"2024-12-18T07:21:56","slug":"afternoon-scrapbooking-filled-votive","status":"publish","type":"product","link":"https:\/\/doftrum.se\/no\/produkt\/afternoon-scrapbooking-filled-votive\/","title":{"rendered":"Afternoon Scrapbooking &#8211; Filled Votive"},"content":{"rendered":"","protected":false},"excerpt":{"rendered":"<p>En h\u00e5ndverks\u00f8kt foran peisen med noter av mykt skinn, eple og gl\u00f8dende rav.<\/p>\n","protected":false},"featured_media":5246,"comment_status":"open","ping_status":"closed","template":"","meta":{"_acf_changed":false},"varumarke":[18],"product_brand":[],"product_cat":[924],"product_tag":[1871],"class_list":{"0":"post-5345","1":"product","2":"type-product","3":"status-publish","4":"has-post-thumbnail","6":"varumarke-yankee-candle","7":"product_cat-duftlys-no-2","8":"product_tag-yc-no","9":"pa_basnot-musk","10":"pa_basnot-patchouli-no","11":"pa_basnot-sedertre","12":"pa_basnot-varm-ravfarget","13":"pa_doftfamilj-tresort","14":"pa_farg-beige-no-2","15":"pa_mellannot-eukalyptus-no","16":"pa_mellannot-labdanum-no","17":"pa_mellannot-nellik","18":"pa_mellannot-skinn","19":"pa_sort-och-storlek-fylt-votiv","20":"pa_toppnot-bergamott-no","21":"pa_toppnot-frisk-hostluft-no","22":"pa_toppnot-gule-epler","23":"pa_toppnot-ingefaer","24":"pa_toppnot-muskatnott","25":"pa_toppnot-sitron","26":"pa_vaxtyp-soyablanding","27":"pa_vaxvikt-37-g-no","29":"first","30":"instock","31":"product-type-simple"},"acf":[],"_links":{"self":[{"href":"https:\/\/doftrum.se\/no\/wp-json\/wp\/v2\/product\/5345","targetHints":{"allow":["GET"]}}],"collection":[{"href":"https:\/\/doftrum.se\/no\/wp-json\/wp\/v2\/product"}],"about":[{"href":"https:\/\/doftrum.se\/no\/wp-json\/wp\/v2\/types\/product"}],"replies":[{"embeddable":true,"href":"https:\/\/doftrum.se\/no\/wp-json\/wp\/v2\/comments?post=5345"}],"wp:featuredmedia":[{"embeddable":true,"href":"https:\/\/doftrum.se\/no\/wp-json\/wp\/v2\/media\/5246"}],"wp:attachment":[{"href":"https:\/\/doftrum.se\/no\/wp-json\/wp\/v2\/media?parent=5345"}],"wp:term":[{"taxonomy":"varumarke","embeddable":true,"href":"https:\/\/doftrum.se\/no\/wp-json\/wp\/v2\/varumarke?post=5345"},{"taxonomy":"product_brand","embeddable":true,"href":"https:\/\/doftrum.se\/no\/wp-json\/wp\/v2\/product_brand?post=5345"},{"taxonomy":"product_cat","embeddable":true,"href":"https:\/\/doftrum.se\/no\/wp-json\/wp\/v2\/product_cat?post=5345"},{"taxonomy":"product_tag","embeddable":true,"href":"https:\/\/doftrum.se\/no\/wp-json\/wp\/v2\/product_tag?post=5345"}],"curies":[{"name":"wp","href":"https:\/\/api.w.org\/{rel}","templated":true}]}}