{"id":5344,"date":"2024-06-27T15:46:19","date_gmt":"2024-06-27T13:46:19","guid":{"rendered":"https:\/\/doftrum.se\/produkt\/parisian-holiday-brunch-signature-medium-jar\/"},"modified":"2024-12-18T08:21:56","modified_gmt":"2024-12-18T07:21:56","slug":"parisian-holiday-brunch-signature-medium-jar","status":"publish","type":"product","link":"https:\/\/doftrum.se\/no\/produkt\/parisian-holiday-brunch-signature-medium-jar\/","title":{"rendered":"Parisian Holiday Brunch &#8211; Signature Medium Jar"},"content":{"rendered":"","protected":false},"excerpt":{"rendered":"<p>La deg rive med til et dr\u00f8mmende parisisk bakeri fylt av duftene av sm\u00f8raktige croissanter, bringeb\u00e6rsyltet\u00f8y, fiken og brunt sukker.<\/p>\n","protected":false},"featured_media":5294,"comment_status":"open","ping_status":"closed","template":"","meta":{"_acf_changed":false},"varumarke":[18],"product_brand":[],"product_cat":[924],"product_tag":[1871],"class_list":{"0":"post-5344","1":"product","2":"type-product","3":"status-publish","4":"has-post-thumbnail","6":"varumarke-yankee-candle","7":"product_cat-duftlys-no-2","8":"product_tag-yc-no","9":"pa_basnot-bringebaersyltetoy","10":"pa_basnot-kremet-kokosnott","11":"pa_basnot-vanilje","12":"pa_doftfamilj-fruktig-no","13":"pa_farg-rosa-no","14":"pa_mellannot-brunt-sukker","15":"pa_mellannot-smoraktig-croissant","16":"pa_mellannot-smuldrende-kjeks","17":"pa_sort-och-storlek-signatur-medium-krukke","18":"pa_toppnot-fikenkompott","19":"pa_toppnot-oransje","20":"pa_toppnot-rabarbra-syltetoy","21":"pa_vaxtyp-soyablanding","22":"pa_vaxvikt-368-g-no","24":"first","25":"instock","26":"product-type-simple"},"acf":[],"_links":{"self":[{"href":"https:\/\/doftrum.se\/no\/wp-json\/wp\/v2\/product\/5344","targetHints":{"allow":["GET"]}}],"collection":[{"href":"https:\/\/doftrum.se\/no\/wp-json\/wp\/v2\/product"}],"about":[{"href":"https:\/\/doftrum.se\/no\/wp-json\/wp\/v2\/types\/product"}],"replies":[{"embeddable":true,"href":"https:\/\/doftrum.se\/no\/wp-json\/wp\/v2\/comments?post=5344"}],"wp:featuredmedia":[{"embeddable":true,"href":"https:\/\/doftrum.se\/no\/wp-json\/wp\/v2\/media\/5294"}],"wp:attachment":[{"href":"https:\/\/doftrum.se\/no\/wp-json\/wp\/v2\/media?parent=5344"}],"wp:term":[{"taxonomy":"varumarke","embeddable":true,"href":"https:\/\/doftrum.se\/no\/wp-json\/wp\/v2\/varumarke?post=5344"},{"taxonomy":"product_brand","embeddable":true,"href":"https:\/\/doftrum.se\/no\/wp-json\/wp\/v2\/product_brand?post=5344"},{"taxonomy":"product_cat","embeddable":true,"href":"https:\/\/doftrum.se\/no\/wp-json\/wp\/v2\/product_cat?post=5344"},{"taxonomy":"product_tag","embeddable":true,"href":"https:\/\/doftrum.se\/no\/wp-json\/wp\/v2\/product_tag?post=5344"}],"curies":[{"name":"wp","href":"https:\/\/api.w.org\/{rel}","templated":true}]}}