{"id":4816,"date":"2024-03-05T15:00:58","date_gmt":"2024-03-05T14:00:58","guid":{"rendered":"https:\/\/doftrum.se\/produkt\/spiced-blackberry-medium-hourglass\/"},"modified":"2024-12-18T08:22:31","modified_gmt":"2024-12-18T07:22:31","slug":"spiced-blackberry-medium-hourglass","status":"publish","type":"product","link":"https:\/\/doftrum.se\/no\/produkt\/spiced-blackberry-medium-hourglass\/","title":{"rendered":"Spiced Blackberry &#8211; Medium Hourglass"},"content":{"rendered":"","protected":false},"excerpt":{"rendered":"<p>Forf\u00f8rende toner av herlig fyldige bj\u00f8rneb\u00e6r, krydret kanel og flassende, vaniljepreget wienerbr\u00f8d.<\/p>\n","protected":false},"featured_media":2774,"comment_status":"open","ping_status":"closed","template":"","meta":{"_acf_changed":false},"varumarke":[19],"product_brand":[],"product_cat":[924],"product_tag":[1873],"class_list":{"0":"post-4816","1":"product","2":"type-product","3":"status-publish","4":"has-post-thumbnail","6":"varumarke-woodwick","7":"product_cat-duftlys-no-2","8":"product_tag-ww-no","9":"pa_basnot-blandede-treslag","10":"pa_basnot-tonkabonne","11":"pa_basnot-vaniljesukker","12":"pa_doftfamilj-frukt-og-sitrusfrukter","13":"pa_farg-lilla","14":"pa_mellannot-blandet-frukt-no","15":"pa_mellannot-kanel-no","16":"pa_mellannot-karamell-no","17":"pa_mellannot-kokosnott","18":"pa_mellannot-lokale","19":"pa_mellannot-nellik","20":"pa_sort-och-storlek-medium-timeglass","21":"pa_toppnot-appelsinskall","22":"pa_toppnot-cassis-eple","23":"pa_toppnot-fersken","24":"pa_toppnot-sure-baer","25":"pa_vaxtyp-forsteklasses-blanding-av-soya-og-parafin","26":"pa_vaxvikt-275-g-no","28":"first","29":"instock","30":"product-type-simple"},"acf":[],"_links":{"self":[{"href":"https:\/\/doftrum.se\/no\/wp-json\/wp\/v2\/product\/4816","targetHints":{"allow":["GET"]}}],"collection":[{"href":"https:\/\/doftrum.se\/no\/wp-json\/wp\/v2\/product"}],"about":[{"href":"https:\/\/doftrum.se\/no\/wp-json\/wp\/v2\/types\/product"}],"replies":[{"embeddable":true,"href":"https:\/\/doftrum.se\/no\/wp-json\/wp\/v2\/comments?post=4816"}],"wp:featuredmedia":[{"embeddable":true,"href":"https:\/\/doftrum.se\/no\/wp-json\/wp\/v2\/media\/2774"}],"wp:attachment":[{"href":"https:\/\/doftrum.se\/no\/wp-json\/wp\/v2\/media?parent=4816"}],"wp:term":[{"taxonomy":"varumarke","embeddable":true,"href":"https:\/\/doftrum.se\/no\/wp-json\/wp\/v2\/varumarke?post=4816"},{"taxonomy":"product_brand","embeddable":true,"href":"https:\/\/doftrum.se\/no\/wp-json\/wp\/v2\/product_brand?post=4816"},{"taxonomy":"product_cat","embeddable":true,"href":"https:\/\/doftrum.se\/no\/wp-json\/wp\/v2\/product_cat?post=4816"},{"taxonomy":"product_tag","embeddable":true,"href":"https:\/\/doftrum.se\/no\/wp-json\/wp\/v2\/product_tag?post=4816"}],"curies":[{"name":"wp","href":"https:\/\/api.w.org\/{rel}","templated":true}]}}