{"id":4803,"date":"2024-03-05T15:00:45","date_gmt":"2024-03-05T14:00:45","guid":{"rendered":"https:\/\/doftrum.se\/produkt\/warm-woods-trilogy-ellipse\/"},"modified":"2024-12-18T08:22:26","modified_gmt":"2024-12-18T07:22:26","slug":"warm-woods-trilogy-ellipse","status":"publish","type":"product","link":"https:\/\/doftrum.se\/no\/produkt\/warm-woods-trilogy-ellipse\/","title":{"rendered":"Warm Woods &#8211; Trilogy Ellipse"},"content":{"rendered":"","protected":false},"excerpt":{"rendered":"<p>Skap en unik atmosf\u00e6re n\u00e5r lagene av dufter smelter sammen. Denne herlige blandingen av varme tresorter og r\u00f8yk er alt du trenger for en skikkelig kosestund.<\/p>\n","protected":false},"featured_media":2814,"comment_status":"open","ping_status":"closed","template":"","meta":{"_acf_changed":false},"varumarke":[19],"product_brand":[],"product_cat":[924],"product_tag":[1873],"class_list":{"0":"post-4803","1":"product","2":"type-product","3":"status-publish","4":"has-post-thumbnail","6":"varumarke-woodwick","7":"product_cat-duftlys-no-2","8":"product_tag-ww-no","9":"pa_basnot-nellik","10":"pa_basnot-sandeltre","11":"pa_doftfamilj-tresort","12":"pa_farg-flerfarget","13":"pa_mellannot-rodt-tre","14":"pa_sort-och-storlek-ellipse-trilogien","15":"pa_toppnot-apen-ild","16":"pa_vaxtyp-forsteklasses-blanding-av-soya-og-parafin","17":"pa_vaxvikt-4536-g-no","19":"first","20":"instock","21":"product-type-simple"},"acf":[],"_links":{"self":[{"href":"https:\/\/doftrum.se\/no\/wp-json\/wp\/v2\/product\/4803","targetHints":{"allow":["GET"]}}],"collection":[{"href":"https:\/\/doftrum.se\/no\/wp-json\/wp\/v2\/product"}],"about":[{"href":"https:\/\/doftrum.se\/no\/wp-json\/wp\/v2\/types\/product"}],"replies":[{"embeddable":true,"href":"https:\/\/doftrum.se\/no\/wp-json\/wp\/v2\/comments?post=4803"}],"wp:featuredmedia":[{"embeddable":true,"href":"https:\/\/doftrum.se\/no\/wp-json\/wp\/v2\/media\/2814"}],"wp:attachment":[{"href":"https:\/\/doftrum.se\/no\/wp-json\/wp\/v2\/media?parent=4803"}],"wp:term":[{"taxonomy":"varumarke","embeddable":true,"href":"https:\/\/doftrum.se\/no\/wp-json\/wp\/v2\/varumarke?post=4803"},{"taxonomy":"product_brand","embeddable":true,"href":"https:\/\/doftrum.se\/no\/wp-json\/wp\/v2\/product_brand?post=4803"},{"taxonomy":"product_cat","embeddable":true,"href":"https:\/\/doftrum.se\/no\/wp-json\/wp\/v2\/product_cat?post=4803"},{"taxonomy":"product_tag","embeddable":true,"href":"https:\/\/doftrum.se\/no\/wp-json\/wp\/v2\/product_tag?post=4803"}],"curies":[{"name":"wp","href":"https:\/\/api.w.org\/{rel}","templated":true}]}}