{"id":4791,"date":"2024-03-05T15:00:28","date_gmt":"2024-03-05T14:00:28","guid":{"rendered":"https:\/\/doftrum.se\/produkt\/evening-luxe-trilogy-medium-hourglass\/"},"modified":"2024-12-18T08:22:13","modified_gmt":"2024-12-18T07:22:13","slug":"evening-luxe-trilogy-medium-hourglass","status":"publish","type":"product","link":"https:\/\/doftrum.se\/no\/produkt\/evening-luxe-trilogy-medium-hourglass\/","title":{"rendered":"Evening Luxe &#8211; Trilogy Medium Hourglass"},"content":{"rendered":"","protected":false},"excerpt":{"rendered":"<p>Skap en unik atmosf\u00e6re n\u00e5r lagene av dufter smelter sammen. Denne oppkvikkende blandingen av friske blomster, rislende vann og organisk treverk \u00e5pner sansene dine og gir deg ny energi.<\/p>\n","protected":false},"featured_media":2641,"comment_status":"open","ping_status":"closed","template":"","meta":{"_acf_changed":false},"varumarke":[19],"product_brand":[],"product_cat":[924],"product_tag":[1873],"class_list":{"0":"post-4791","1":"product","2":"type-product","3":"status-publish","4":"has-post-thumbnail","6":"varumarke-woodwick","7":"product_cat-duftlys-no-2","8":"product_tag-ww-no","9":"pa_basnot-hvit-teak","10":"pa_farg-flerfarget","11":"pa_mellannot-lavendel-no","12":"pa_mellannot-spa-no","13":"pa_sort-och-storlek-trilogy-medium-timeglass","14":"pa_toppnot-hinoki-dahlia-no","15":"pa_vaxtyp-forsteklasses-blanding-av-soya-og-parafin","16":"pa_vaxvikt-275-g-no","18":"first","19":"instock","20":"product-type-simple"},"acf":[],"_links":{"self":[{"href":"https:\/\/doftrum.se\/no\/wp-json\/wp\/v2\/product\/4791","targetHints":{"allow":["GET"]}}],"collection":[{"href":"https:\/\/doftrum.se\/no\/wp-json\/wp\/v2\/product"}],"about":[{"href":"https:\/\/doftrum.se\/no\/wp-json\/wp\/v2\/types\/product"}],"replies":[{"embeddable":true,"href":"https:\/\/doftrum.se\/no\/wp-json\/wp\/v2\/comments?post=4791"}],"wp:featuredmedia":[{"embeddable":true,"href":"https:\/\/doftrum.se\/no\/wp-json\/wp\/v2\/media\/2641"}],"wp:attachment":[{"href":"https:\/\/doftrum.se\/no\/wp-json\/wp\/v2\/media?parent=4791"}],"wp:term":[{"taxonomy":"varumarke","embeddable":true,"href":"https:\/\/doftrum.se\/no\/wp-json\/wp\/v2\/varumarke?post=4791"},{"taxonomy":"product_brand","embeddable":true,"href":"https:\/\/doftrum.se\/no\/wp-json\/wp\/v2\/product_brand?post=4791"},{"taxonomy":"product_cat","embeddable":true,"href":"https:\/\/doftrum.se\/no\/wp-json\/wp\/v2\/product_cat?post=4791"},{"taxonomy":"product_tag","embeddable":true,"href":"https:\/\/doftrum.se\/no\/wp-json\/wp\/v2\/product_tag?post=4791"}],"curies":[{"name":"wp","href":"https:\/\/api.w.org\/{rel}","templated":true}]}}