{"id":4729,"date":"2024-03-05T14:59:35","date_gmt":"2024-03-05T13:59:35","guid":{"rendered":"https:\/\/doftrum.se\/produkt\/wild-berry-beets-large-hourglass\/"},"modified":"2024-12-18T08:23:51","modified_gmt":"2024-12-18T07:23:51","slug":"wild-berry-beets-large-hourglass","status":"publish","type":"product","link":"https:\/\/doftrum.se\/no\/produkt\/wild-berry-beets-large-hourglass\/","title":{"rendered":"Wild Berry &amp; Beets &#8211; Large Hourglass"},"content":{"rendered":"","protected":false},"excerpt":{"rendered":"<p>Aroma av skogsb\u00e6r og fyldige, jordn\u00e6re r\u00f8dbeter med toner av eik, appelsin og iris.<\/p>\n","protected":false},"featured_media":2458,"comment_status":"open","ping_status":"closed","template":"","meta":{"_acf_changed":false},"varumarke":[19],"product_brand":[],"product_cat":[924],"product_tag":[1873],"class_list":{"0":"post-4729","1":"product","2":"type-product","3":"status-publish","4":"has-post-thumbnail","6":"varumarke-woodwick","7":"product_cat-duftlys-no-2","8":"product_tag-ww-no","9":"pa_basnot-eik","10":"pa_basnot-iris-no","11":"pa_basnot-patchouliblomst-no","12":"pa_doftfamilj-frukt-og-sitrusfrukter","13":"pa_farg-rosa-no","14":"pa_mellannot-oransje","15":"pa_mellannot-rodbeter","16":"pa_mellannot-vintergronn","17":"pa_sort-och-storlek-stort-timeglass","18":"pa_toppnot-mint","19":"pa_toppnot-smultring","20":"pa_toppnot-villbringebaer","21":"pa_vaxtyp-forsteklasses-blanding-av-soya-og-parafin","22":"pa_vaxvikt-610-g-no","24":"first","25":"instock","26":"product-type-simple"},"acf":[],"_links":{"self":[{"href":"https:\/\/doftrum.se\/no\/wp-json\/wp\/v2\/product\/4729","targetHints":{"allow":["GET"]}}],"collection":[{"href":"https:\/\/doftrum.se\/no\/wp-json\/wp\/v2\/product"}],"about":[{"href":"https:\/\/doftrum.se\/no\/wp-json\/wp\/v2\/types\/product"}],"replies":[{"embeddable":true,"href":"https:\/\/doftrum.se\/no\/wp-json\/wp\/v2\/comments?post=4729"}],"wp:featuredmedia":[{"embeddable":true,"href":"https:\/\/doftrum.se\/no\/wp-json\/wp\/v2\/media\/2458"}],"wp:attachment":[{"href":"https:\/\/doftrum.se\/no\/wp-json\/wp\/v2\/media?parent=4729"}],"wp:term":[{"taxonomy":"varumarke","embeddable":true,"href":"https:\/\/doftrum.se\/no\/wp-json\/wp\/v2\/varumarke?post=4729"},{"taxonomy":"product_brand","embeddable":true,"href":"https:\/\/doftrum.se\/no\/wp-json\/wp\/v2\/product_brand?post=4729"},{"taxonomy":"product_cat","embeddable":true,"href":"https:\/\/doftrum.se\/no\/wp-json\/wp\/v2\/product_cat?post=4729"},{"taxonomy":"product_tag","embeddable":true,"href":"https:\/\/doftrum.se\/no\/wp-json\/wp\/v2\/product_tag?post=4729"}],"curies":[{"name":"wp","href":"https:\/\/api.w.org\/{rel}","templated":true}]}}