{"id":4703,"date":"2024-03-05T15:01:25","date_gmt":"2024-03-05T14:01:25","guid":{"rendered":"https:\/\/doftrum.se\/produkt\/calming-retreat-trilogy-large-hourglass\/"},"modified":"2024-12-18T08:24:43","modified_gmt":"2024-12-18T07:24:43","slug":"calming-retreat-trilogy-large-hourglass","status":"publish","type":"product","link":"https:\/\/doftrum.se\/no\/produkt\/calming-retreat-trilogy-large-hourglass\/","title":{"rendered":"Calming Retreat &#8211; Trilogy Large Hourglass"},"content":{"rendered":"","protected":false},"excerpt":{"rendered":"<p>Skap en unik atmosf\u00e6re n\u00e5r lagene av dufter smelter sammen. Denne blandingen av friske, beroligende og energigivende dufter hjelper deg \u00e5 slappe av og koble av, akkurat som et luksuri\u00f8st spabes\u00f8k.<\/p>\n","protected":false},"featured_media":2745,"comment_status":"open","ping_status":"closed","template":"","meta":{"_acf_changed":false},"varumarke":[19],"product_brand":[],"product_cat":[924],"product_tag":[1873],"class_list":{"0":"post-4703","1":"product","2":"type-product","3":"status-publish","4":"has-post-thumbnail","6":"varumarke-woodwick","7":"product_cat-duftlys-no-2","8":"product_tag-ww-no","9":"pa_basnot-hvit-te-og-sjasmin","10":"pa_doftfamilj-frukt-og-sitrusfrukter","11":"pa_farg-flerfarget","12":"pa_mellannot-havsalt-og-bomull","13":"pa_sort-och-storlek-trilogy-stort-timeglass","14":"pa_toppnot-lavendel-no","15":"pa_toppnot-spa-no","16":"pa_vaxtyp-forsteklasses-blanding-av-soya-og-parafin","17":"pa_vaxvikt-610-g-no","19":"first","20":"instock","21":"product-type-simple"},"acf":[],"_links":{"self":[{"href":"https:\/\/doftrum.se\/no\/wp-json\/wp\/v2\/product\/4703","targetHints":{"allow":["GET"]}}],"collection":[{"href":"https:\/\/doftrum.se\/no\/wp-json\/wp\/v2\/product"}],"about":[{"href":"https:\/\/doftrum.se\/no\/wp-json\/wp\/v2\/types\/product"}],"replies":[{"embeddable":true,"href":"https:\/\/doftrum.se\/no\/wp-json\/wp\/v2\/comments?post=4703"}],"wp:featuredmedia":[{"embeddable":true,"href":"https:\/\/doftrum.se\/no\/wp-json\/wp\/v2\/media\/2745"}],"wp:attachment":[{"href":"https:\/\/doftrum.se\/no\/wp-json\/wp\/v2\/media?parent=4703"}],"wp:term":[{"taxonomy":"varumarke","embeddable":true,"href":"https:\/\/doftrum.se\/no\/wp-json\/wp\/v2\/varumarke?post=4703"},{"taxonomy":"product_brand","embeddable":true,"href":"https:\/\/doftrum.se\/no\/wp-json\/wp\/v2\/product_brand?post=4703"},{"taxonomy":"product_cat","embeddable":true,"href":"https:\/\/doftrum.se\/no\/wp-json\/wp\/v2\/product_cat?post=4703"},{"taxonomy":"product_tag","embeddable":true,"href":"https:\/\/doftrum.se\/no\/wp-json\/wp\/v2\/product_tag?post=4703"}],"curies":[{"name":"wp","href":"https:\/\/api.w.org\/{rel}","templated":true}]}}