{"id":4661,"date":"2024-03-05T12:53:31","date_gmt":"2024-03-05T11:53:31","guid":{"rendered":"https:\/\/doftrum.se\/produkt\/balance-harmony-waterlily-pear-cbc-large-tumbler\/"},"modified":"2024-10-10T15:39:20","modified_gmt":"2024-10-10T13:39:20","slug":"balance-harmony-waterlily-pear-cbc-large-tumbler","status":"publish","type":"product","link":"https:\/\/doftrum.se\/no\/produkt\/balance-harmony-waterlily-pear-cbc-large-tumbler\/","title":{"rendered":"Balance &amp; Harmony (Waterlily Pear) &#8211; CBC Large Tumbler"},"content":{"rendered":"","protected":false},"excerpt":{"rendered":"<p>S\u00f8t p\u00e6re, fuktig vannlilje og gr\u00f8nne regnskogsblomster. Denne duften gir balanse og harmoni n\u00e5r du trenger et \u00f8yeblikk av ro.<\/p>\n","protected":false},"featured_media":2683,"comment_status":"open","ping_status":"closed","template":"","meta":{"_acf_changed":false},"varumarke":[20],"product_brand":[],"product_cat":[924],"product_tag":[],"class_list":{"0":"post-4661","1":"product","2":"type-product","3":"status-publish","4":"has-post-thumbnail","6":"varumarke-chesapeake-bay","7":"product_cat-duftlys-no-2","8":"pa_basnot-anis-no","9":"pa_basnot-gronne-blader","10":"pa_basnot-palisander","11":"pa_basnot-ren-moskus","12":"pa_basnot-sandeltre","13":"pa_doftfamilj-blomstrende","14":"pa_farg-gronn","15":"pa_mellannot-cyclamen","16":"pa_mellannot-fiolett","17":"pa_mellannot-kokosnott-no","18":"pa_mellannot-ros-no","19":"pa_mellannot-sjasmin","20":"pa_mellannot-vannlilje","21":"pa_sort-och-storlek-cbc-large-tumbler-no","22":"pa_toppnot-appelsinskall","23":"pa_toppnot-apple-no","24":"pa_toppnot-bergamott-no","25":"pa_toppnot-ferskt-ozon","26":"pa_toppnot-paere","27":"pa_toppnot-tropiske-frukter","28":"pa_vaxvikt-355-g-no","30":"first","31":"instock","32":"product-type-simple"},"acf":[],"_links":{"self":[{"href":"https:\/\/doftrum.se\/no\/wp-json\/wp\/v2\/product\/4661","targetHints":{"allow":["GET"]}}],"collection":[{"href":"https:\/\/doftrum.se\/no\/wp-json\/wp\/v2\/product"}],"about":[{"href":"https:\/\/doftrum.se\/no\/wp-json\/wp\/v2\/types\/product"}],"replies":[{"embeddable":true,"href":"https:\/\/doftrum.se\/no\/wp-json\/wp\/v2\/comments?post=4661"}],"wp:featuredmedia":[{"embeddable":true,"href":"https:\/\/doftrum.se\/no\/wp-json\/wp\/v2\/media\/2683"}],"wp:attachment":[{"href":"https:\/\/doftrum.se\/no\/wp-json\/wp\/v2\/media?parent=4661"}],"wp:term":[{"taxonomy":"varumarke","embeddable":true,"href":"https:\/\/doftrum.se\/no\/wp-json\/wp\/v2\/varumarke?post=4661"},{"taxonomy":"product_brand","embeddable":true,"href":"https:\/\/doftrum.se\/no\/wp-json\/wp\/v2\/product_brand?post=4661"},{"taxonomy":"product_cat","embeddable":true,"href":"https:\/\/doftrum.se\/no\/wp-json\/wp\/v2\/product_cat?post=4661"},{"taxonomy":"product_tag","embeddable":true,"href":"https:\/\/doftrum.se\/no\/wp-json\/wp\/v2\/product_tag?post=4661"}],"curies":[{"name":"wp","href":"https:\/\/api.w.org\/{rel}","templated":true}]}}