{"id":4603,"date":"2024-03-05T15:21:28","date_gmt":"2024-03-05T14:21:28","guid":{"rendered":"https:\/\/doftrum.se\/produkt\/iced-berry-lemonade-fragranced-reeds\/"},"modified":"2024-12-18T08:21:16","modified_gmt":"2024-12-18T07:21:16","slug":"iced-berry-lemonade-fragranced-reeds","status":"publish","type":"product","link":"https:\/\/doftrum.se\/no\/produkt\/iced-berry-lemonade-fragranced-reeds\/","title":{"rendered":"Iced Berry Lemonade &#8211; Doftpinnar Startpaket"},"content":{"rendered":"","protected":false},"excerpt":{"rendered":"<p>Nyt et kaldt glass rosa limonade p\u00e5 en varm sommerdag. Toner av sitronsukker blandet med rubinr\u00f8d grapefrukt og saftige pomelosmaker rister sammen til en forfriskende drink i solskinnet.<\/p>\n<p>Dette Yankee Candles-duftpinnesettet inneholder en flaske med din favorittduft og pinner for \u00e5 spre en jevn duft i hele rommet. En perfekt m\u00e5te \u00e5 fylle hjemmet ditt med duft uten ild eller str\u00f8m! <\/p>\n","protected":false},"featured_media":3107,"comment_status":"open","ping_status":"closed","template":"","meta":{"_acf_changed":false},"varumarke":[18],"product_brand":[],"product_cat":[1206],"product_tag":[1871],"class_list":{"0":"post-4603","1":"product","2":"type-product","3":"status-publish","4":"has-post-thumbnail","6":"varumarke-yankee-candle","7":"product_cat-reed-diffuser-no","8":"product_tag-yc-no","9":"pa_basnot-fiolett-blad","10":"pa_basnot-maleri","11":"pa_basnot-vaniljestang","12":"pa_doftfamilj-sitrusfrukter-no","13":"pa_farg-gul-no-2","14":"pa_mellannot-ananas-no","15":"pa_mellannot-pomelo-no","16":"pa_mellannot-rode-bringebaer","17":"pa_mellannot-yuzu-no","18":"pa_sort-och-storlek-duftende-siv","19":"pa_toppnot-jordbaerblader","20":"pa_toppnot-rubinrod-grapefrukt-no","21":"pa_toppnot-sitronsukker","22":"pa_toppnot-sot-mandarin-no","23":"pa_vaxvikt-100-ml-no","25":"first","26":"instock","27":"product-type-simple"},"acf":[],"_links":{"self":[{"href":"https:\/\/doftrum.se\/no\/wp-json\/wp\/v2\/product\/4603","targetHints":{"allow":["GET"]}}],"collection":[{"href":"https:\/\/doftrum.se\/no\/wp-json\/wp\/v2\/product"}],"about":[{"href":"https:\/\/doftrum.se\/no\/wp-json\/wp\/v2\/types\/product"}],"replies":[{"embeddable":true,"href":"https:\/\/doftrum.se\/no\/wp-json\/wp\/v2\/comments?post=4603"}],"wp:featuredmedia":[{"embeddable":true,"href":"https:\/\/doftrum.se\/no\/wp-json\/wp\/v2\/media\/3107"}],"wp:attachment":[{"href":"https:\/\/doftrum.se\/no\/wp-json\/wp\/v2\/media?parent=4603"}],"wp:term":[{"taxonomy":"varumarke","embeddable":true,"href":"https:\/\/doftrum.se\/no\/wp-json\/wp\/v2\/varumarke?post=4603"},{"taxonomy":"product_brand","embeddable":true,"href":"https:\/\/doftrum.se\/no\/wp-json\/wp\/v2\/product_brand?post=4603"},{"taxonomy":"product_cat","embeddable":true,"href":"https:\/\/doftrum.se\/no\/wp-json\/wp\/v2\/product_cat?post=4603"},{"taxonomy":"product_tag","embeddable":true,"href":"https:\/\/doftrum.se\/no\/wp-json\/wp\/v2\/product_tag?post=4603"}],"curies":[{"name":"wp","href":"https:\/\/api.w.org\/{rel}","templated":true}]}}