{"id":4588,"date":"2024-03-05T15:21:28","date_gmt":"2024-03-05T14:21:28","guid":{"rendered":"https:\/\/doftrum.se\/produkt\/midnight-jasmine-fragranced-reeds\/"},"modified":"2024-12-18T08:21:15","modified_gmt":"2024-12-18T07:21:15","slug":"midnight-jasmine-fragranced-reeds","status":"publish","type":"product","link":"https:\/\/doftrum.se\/no\/produkt\/midnight-jasmine-fragranced-reeds\/","title":{"rendered":"Midnight Jasmine &#8211; Doftpinnar Startpaket"},"content":{"rendered":"","protected":false},"excerpt":{"rendered":"<p>En forf\u00f8rende frodig duft av vannjasmin, s\u00f8t kaprifol, neroliolje og mandarinblomst.<\/p>\n<p>Dette Yankee Candles-duftpinnesettet inneholder en flaske med din favorittduft og pinner for \u00e5 spre en jevn duft i hele rommet. En perfekt m\u00e5te \u00e5 fylle hjemmet ditt med duft uten ild eller str\u00f8m! <\/p>\n","protected":false},"featured_media":3096,"comment_status":"open","ping_status":"closed","template":"","meta":{"_acf_changed":false},"varumarke":[18],"product_brand":[],"product_cat":[1206],"product_tag":[1871],"class_list":{"0":"post-4588","1":"product","2":"type-product","3":"status-publish","4":"has-post-thumbnail","6":"varumarke-yankee-candle","7":"product_cat-reed-diffuser-no","8":"product_tag-yc-no","9":"pa_basnot-musk","10":"pa_basnot-pudderaktige-toner","11":"pa_doftfamilj-blomstrende","12":"pa_farg-hvit","13":"pa_mellannot-grapefrukt-no","14":"pa_sort-och-storlek-duftende-siv","15":"pa_toppnot-gul-grapefrukt-no","16":"pa_toppnot-mandarinblomst","17":"pa_toppnot-neroliolje","18":"pa_toppnot-orantique-no","19":"pa_vaxvikt-100-ml-no","21":"first","22":"instock","23":"product-type-simple"},"acf":[],"_links":{"self":[{"href":"https:\/\/doftrum.se\/no\/wp-json\/wp\/v2\/product\/4588","targetHints":{"allow":["GET"]}}],"collection":[{"href":"https:\/\/doftrum.se\/no\/wp-json\/wp\/v2\/product"}],"about":[{"href":"https:\/\/doftrum.se\/no\/wp-json\/wp\/v2\/types\/product"}],"replies":[{"embeddable":true,"href":"https:\/\/doftrum.se\/no\/wp-json\/wp\/v2\/comments?post=4588"}],"wp:featuredmedia":[{"embeddable":true,"href":"https:\/\/doftrum.se\/no\/wp-json\/wp\/v2\/media\/3096"}],"wp:attachment":[{"href":"https:\/\/doftrum.se\/no\/wp-json\/wp\/v2\/media?parent=4588"}],"wp:term":[{"taxonomy":"varumarke","embeddable":true,"href":"https:\/\/doftrum.se\/no\/wp-json\/wp\/v2\/varumarke?post=4588"},{"taxonomy":"product_brand","embeddable":true,"href":"https:\/\/doftrum.se\/no\/wp-json\/wp\/v2\/product_brand?post=4588"},{"taxonomy":"product_cat","embeddable":true,"href":"https:\/\/doftrum.se\/no\/wp-json\/wp\/v2\/product_cat?post=4588"},{"taxonomy":"product_tag","embeddable":true,"href":"https:\/\/doftrum.se\/no\/wp-json\/wp\/v2\/product_tag?post=4588"}],"curies":[{"name":"wp","href":"https:\/\/api.w.org\/{rel}","templated":true}]}}