{"id":4587,"date":"2024-03-05T15:20:56","date_gmt":"2024-03-05T14:20:56","guid":{"rendered":"https:\/\/doftrum.se\/produkt\/autumn-daydream-signature-medium-jar\/"},"modified":"2024-12-18T08:19:53","modified_gmt":"2024-12-18T07:19:53","slug":"autumn-daydream-signature-medium-jar","status":"publish","type":"product","link":"https:\/\/doftrum.se\/no\/produkt\/autumn-daydream-signature-medium-jar\/","title":{"rendered":"Autumn Daydream &#8211; Signature Medium Jar"},"content":{"rendered":"","protected":false},"excerpt":{"rendered":"<p>F\u00f8lelsen av en perfekt h\u00f8sttur p\u00e5 stier med duften av nellik, lavendel, balsam og eukalyptustr\u00e6r.<\/p>\n","protected":false},"featured_media":3054,"comment_status":"open","ping_status":"closed","template":"","meta":{"_acf_changed":false},"varumarke":[18],"product_brand":[],"product_cat":[924],"product_tag":[1871],"class_list":{"0":"post-4587","1":"product","2":"type-product","3":"status-publish","4":"has-post-thumbnail","6":"varumarke-yankee-candle","7":"product_cat-duftlys-no-2","8":"product_tag-yc-no","9":"pa_basnot-balsamtre","10":"pa_basnot-eukalyptustraer","11":"pa_doftfamilj-fruktig-no","12":"pa_farg-rod-no-2","13":"pa_mellannot-geraniumolje","14":"pa_mellannot-lavendel-no","15":"pa_mellannot-rabarbra","16":"pa_sort-och-storlek-signatur-medium-krukke","17":"pa_toppnot-kaki","18":"pa_toppnot-muskatellersalvie","19":"pa_toppnot-nellik","20":"pa_vaxtyp-soyablanding","21":"pa_vaxvikt-368-g-no","23":"first","24":"instock","25":"product-type-simple"},"acf":[],"_links":{"self":[{"href":"https:\/\/doftrum.se\/no\/wp-json\/wp\/v2\/product\/4587","targetHints":{"allow":["GET"]}}],"collection":[{"href":"https:\/\/doftrum.se\/no\/wp-json\/wp\/v2\/product"}],"about":[{"href":"https:\/\/doftrum.se\/no\/wp-json\/wp\/v2\/types\/product"}],"replies":[{"embeddable":true,"href":"https:\/\/doftrum.se\/no\/wp-json\/wp\/v2\/comments?post=4587"}],"wp:featuredmedia":[{"embeddable":true,"href":"https:\/\/doftrum.se\/no\/wp-json\/wp\/v2\/media\/3054"}],"wp:attachment":[{"href":"https:\/\/doftrum.se\/no\/wp-json\/wp\/v2\/media?parent=4587"}],"wp:term":[{"taxonomy":"varumarke","embeddable":true,"href":"https:\/\/doftrum.se\/no\/wp-json\/wp\/v2\/varumarke?post=4587"},{"taxonomy":"product_brand","embeddable":true,"href":"https:\/\/doftrum.se\/no\/wp-json\/wp\/v2\/product_brand?post=4587"},{"taxonomy":"product_cat","embeddable":true,"href":"https:\/\/doftrum.se\/no\/wp-json\/wp\/v2\/product_cat?post=4587"},{"taxonomy":"product_tag","embeddable":true,"href":"https:\/\/doftrum.se\/no\/wp-json\/wp\/v2\/product_tag?post=4587"}],"curies":[{"name":"wp","href":"https:\/\/api.w.org\/{rel}","templated":true}]}}