{"id":4583,"date":"2024-03-05T15:21:28","date_gmt":"2024-03-05T14:21:28","guid":{"rendered":"https:\/\/doftrum.se\/produkt\/clean-cotton-reed-diffuser-refills\/"},"modified":"2025-01-23T11:56:23","modified_gmt":"2025-01-23T10:56:23","slug":"clean-cotton-reed-diffuser-refills","status":"publish","type":"product","link":"https:\/\/doftrum.se\/no\/produkt\/clean-cotton-reed-diffuser-refills\/","title":{"rendered":"Clean Cotton &#8211; Doftpinnar Refill"},"content":{"rendered":"","protected":false},"excerpt":{"rendered":"<p>En duftolje fra Yankee Candle. En duft s\u00e5 frisk som solt\u00f8rkede bomullslaken som bl\u00e5ser i vinden. Fornemmelsen forsterkes av aromaer av hvite blomster og sitron.<\/p>\n","protected":false},"featured_media":3095,"comment_status":"open","ping_status":"closed","template":"","meta":{"_acf_changed":false},"varumarke":[18],"product_brand":[],"product_cat":[1206],"product_tag":[1871],"class_list":{"0":"post-4583","1":"product","2":"type-product","3":"status-publish","4":"has-post-thumbnail","6":"varumarke-yankee-candle","7":"product_cat-reed-diffuser-no","8":"product_tag-yc-no","9":"pa_basnot-blandede-treslag","10":"pa_basnot-musk","11":"pa_basnot-sedertre","12":"pa_basnot-vetivergress","13":"pa_doftfamilj-rent-fresh","14":"pa_farg-hvit","15":"pa_mellannot-liljekonvall","16":"pa_mellannot-rosebud","17":"pa_sort-och-storlek-reed-diffuser-refills-no","18":"pa_toppnot-bergamott-no","19":"pa_toppnot-ferskt-oksygen","20":"pa_toppnot-gronne-blader","21":"pa_vaxvikt-100-ml-no","23":"first","24":"instock","25":"product-type-simple"},"acf":[],"_links":{"self":[{"href":"https:\/\/doftrum.se\/no\/wp-json\/wp\/v2\/product\/4583","targetHints":{"allow":["GET"]}}],"collection":[{"href":"https:\/\/doftrum.se\/no\/wp-json\/wp\/v2\/product"}],"about":[{"href":"https:\/\/doftrum.se\/no\/wp-json\/wp\/v2\/types\/product"}],"replies":[{"embeddable":true,"href":"https:\/\/doftrum.se\/no\/wp-json\/wp\/v2\/comments?post=4583"}],"wp:featuredmedia":[{"embeddable":true,"href":"https:\/\/doftrum.se\/no\/wp-json\/wp\/v2\/media\/3095"}],"wp:attachment":[{"href":"https:\/\/doftrum.se\/no\/wp-json\/wp\/v2\/media?parent=4583"}],"wp:term":[{"taxonomy":"varumarke","embeddable":true,"href":"https:\/\/doftrum.se\/no\/wp-json\/wp\/v2\/varumarke?post=4583"},{"taxonomy":"product_brand","embeddable":true,"href":"https:\/\/doftrum.se\/no\/wp-json\/wp\/v2\/product_brand?post=4583"},{"taxonomy":"product_cat","embeddable":true,"href":"https:\/\/doftrum.se\/no\/wp-json\/wp\/v2\/product_cat?post=4583"},{"taxonomy":"product_tag","embeddable":true,"href":"https:\/\/doftrum.se\/no\/wp-json\/wp\/v2\/product_tag?post=4583"}],"curies":[{"name":"wp","href":"https:\/\/api.w.org\/{rel}","templated":true}]}}