{"id":4565,"date":"2024-03-05T15:20:14","date_gmt":"2024-03-05T14:20:14","guid":{"rendered":"https:\/\/doftrum.se\/produkt\/black-coconut-signature-large-tumbler\/"},"modified":"2024-12-18T08:19:46","modified_gmt":"2024-12-18T07:19:46","slug":"black-coconut-signature-large-tumbler","status":"publish","type":"product","link":"https:\/\/doftrum.se\/no\/produkt\/black-coconut-signature-large-tumbler\/","title":{"rendered":"Black Coconut &#8211; Signature Large Tumbler"},"content":{"rendered":"","protected":false},"excerpt":{"rendered":"<p>Duften av kremet kokosn\u00f8tt, sedertre og tropiske \u00f8yblomster lover en luksuri\u00f8s, rolig og fredfull kveld.<\/p>\n","protected":false},"featured_media":3050,"comment_status":"open","ping_status":"closed","template":"","meta":{"_acf_changed":false},"varumarke":[18],"product_brand":[],"product_cat":[924],"product_tag":[1871],"class_list":{"0":"post-4565","1":"product","2":"type-product","3":"status-publish","4":"has-post-thumbnail","6":"varumarke-yankee-candle","7":"product_cat-duftlys-no-2","8":"product_tag-yc-no","9":"pa_basnot-blandede-treslag","10":"pa_basnot-musk","11":"pa_basnot-pudderaktige-toner","12":"pa_doftfamilj-blomstrende","13":"pa_farg-svart-no-2","14":"pa_mellannot-kokosnottblomst","15":"pa_sort-och-storlek-signatur-stort-beger","16":"pa_toppnot-fruktig-ananas-no","17":"pa_toppnot-kokosnott","18":"pa_vaxtyp-soyablanding","19":"pa_vaxvikt-567-g-no","21":"first","22":"instock","23":"product-type-simple"},"acf":[],"_links":{"self":[{"href":"https:\/\/doftrum.se\/no\/wp-json\/wp\/v2\/product\/4565","targetHints":{"allow":["GET"]}}],"collection":[{"href":"https:\/\/doftrum.se\/no\/wp-json\/wp\/v2\/product"}],"about":[{"href":"https:\/\/doftrum.se\/no\/wp-json\/wp\/v2\/types\/product"}],"replies":[{"embeddable":true,"href":"https:\/\/doftrum.se\/no\/wp-json\/wp\/v2\/comments?post=4565"}],"wp:featuredmedia":[{"embeddable":true,"href":"https:\/\/doftrum.se\/no\/wp-json\/wp\/v2\/media\/3050"}],"wp:attachment":[{"href":"https:\/\/doftrum.se\/no\/wp-json\/wp\/v2\/media?parent=4565"}],"wp:term":[{"taxonomy":"varumarke","embeddable":true,"href":"https:\/\/doftrum.se\/no\/wp-json\/wp\/v2\/varumarke?post=4565"},{"taxonomy":"product_brand","embeddable":true,"href":"https:\/\/doftrum.se\/no\/wp-json\/wp\/v2\/product_brand?post=4565"},{"taxonomy":"product_cat","embeddable":true,"href":"https:\/\/doftrum.se\/no\/wp-json\/wp\/v2\/product_cat?post=4565"},{"taxonomy":"product_tag","embeddable":true,"href":"https:\/\/doftrum.se\/no\/wp-json\/wp\/v2\/product_tag?post=4565"}],"curies":[{"name":"wp","href":"https:\/\/api.w.org\/{rel}","templated":true}]}}