{"id":4562,"date":"2024-03-05T15:19:57","date_gmt":"2024-03-05T14:19:57","guid":{"rendered":"https:\/\/doftrum.se\/produkt\/pink-sands-ehf-starter-kit-hw\/"},"modified":"2024-12-18T08:19:43","modified_gmt":"2024-12-18T07:19:43","slug":"pink-sands-ehf-starter-kit-hw","status":"publish","type":"product","link":"https:\/\/doftrum.se\/no\/produkt\/pink-sands-ehf-starter-kit-hw\/","title":{"rendered":"Pink Sands &#8211; ScentPlug Startkit"},"content":{"rendered":"","protected":false},"excerpt":{"rendered":"<p>ScentPlug og ScentPlug refill er Yankee Candles utvalg av elektriske apparater og refiller, ogs\u00e5 kjent som duftspredere eller luftfriskere. Duftplugger plugges enkelt inn i stikkontakten og sprer dermed duftene ut i rommet med den duftstyrken og -intensiteten du \u00f8nsker. Scentplugs er Yankee Candles nye design, og erstatter alle tidligere elektriske baser og refiller.<\/p>\n<p>V\u00e6r oppmerksom p\u00e5 dette! Du trenger bare \u00e9n enhet (startsett), som du deretter kan fylle p\u00e5 med p\u00e5fyll av favorittduften din.<\/p>\n<p>Duften av friske sitrusfrukter, s\u00f8te blomster og krydret vanilje f\u00e5r deg til \u00e5 dr\u00f8mme deg bort til en varm, eksotisk \u00f8y.<\/p>\n","protected":false},"featured_media":3910,"comment_status":"open","ping_status":"closed","template":"","meta":{"_acf_changed":false},"varumarke":[18],"product_brand":[],"product_cat":[949],"product_tag":[1871],"class_list":{"0":"post-4562","1":"product","2":"type-product","3":"status-publish","4":"has-post-thumbnail","6":"varumarke-yankee-candle","7":"product_cat-scent-plug-no","8":"product_tag-yc-no","9":"pa_basnot-blandede-treslag","10":"pa_basnot-krydret-vanilje","11":"pa_basnot-musk","12":"pa_doftfamilj-blomstrende","13":"pa_farg-rosa-no","14":"pa_mellannot-osmanthusblomst","15":"pa_sort-och-storlek-ehf-startpakke-hw","16":"pa_toppnot-baernoter","17":"pa_toppnot-melon-no","18":"pa_toppnot-sitrusfrukter","19":"pa_vaxvikt-185-ml-no","21":"first","22":"instock","23":"product-type-simple"},"acf":[],"_links":{"self":[{"href":"https:\/\/doftrum.se\/no\/wp-json\/wp\/v2\/product\/4562","targetHints":{"allow":["GET"]}}],"collection":[{"href":"https:\/\/doftrum.se\/no\/wp-json\/wp\/v2\/product"}],"about":[{"href":"https:\/\/doftrum.se\/no\/wp-json\/wp\/v2\/types\/product"}],"replies":[{"embeddable":true,"href":"https:\/\/doftrum.se\/no\/wp-json\/wp\/v2\/comments?post=4562"}],"wp:featuredmedia":[{"embeddable":true,"href":"https:\/\/doftrum.se\/no\/wp-json\/wp\/v2\/media\/3910"}],"wp:attachment":[{"href":"https:\/\/doftrum.se\/no\/wp-json\/wp\/v2\/media?parent=4562"}],"wp:term":[{"taxonomy":"varumarke","embeddable":true,"href":"https:\/\/doftrum.se\/no\/wp-json\/wp\/v2\/varumarke?post=4562"},{"taxonomy":"product_brand","embeddable":true,"href":"https:\/\/doftrum.se\/no\/wp-json\/wp\/v2\/product_brand?post=4562"},{"taxonomy":"product_cat","embeddable":true,"href":"https:\/\/doftrum.se\/no\/wp-json\/wp\/v2\/product_cat?post=4562"},{"taxonomy":"product_tag","embeddable":true,"href":"https:\/\/doftrum.se\/no\/wp-json\/wp\/v2\/product_tag?post=4562"}],"curies":[{"name":"wp","href":"https:\/\/api.w.org\/{rel}","templated":true}]}}