{"id":4532,"date":"2024-03-05T15:18:50","date_gmt":"2024-03-05T14:18:50","guid":{"rendered":"https:\/\/doftrum.se\/produkt\/clean-cotton-filled-votive\/"},"modified":"2024-12-18T08:19:35","modified_gmt":"2024-12-18T07:19:35","slug":"clean-cotton-filled-votive","status":"publish","type":"product","link":"https:\/\/doftrum.se\/no\/produkt\/clean-cotton-filled-votive\/","title":{"rendered":"Clean Cotton &#8211; Filled Votive"},"content":{"rendered":"","protected":false},"excerpt":{"rendered":"<p>En duft s\u00e5 frisk som solt\u00f8rkede bomullslaken som bl\u00e5ser i vinden. Fornemmelsen forsterkes av aromaer av hvite blomster og sitron.<\/p>\n","protected":false},"featured_media":3124,"comment_status":"open","ping_status":"closed","template":"","meta":{"_acf_changed":false},"varumarke":[18],"product_brand":[],"product_cat":[924],"product_tag":[1871],"class_list":{"0":"post-4532","1":"product","2":"type-product","3":"status-publish","4":"has-post-thumbnail","6":"varumarke-yankee-candle","7":"product_cat-duftlys-no-2","8":"product_tag-yc-no","9":"pa_basnot-blandede-treslag","10":"pa_basnot-musk","11":"pa_basnot-sedertre","12":"pa_basnot-vetivergress","13":"pa_farg-hvit","14":"pa_mellannot-liljekonvall","15":"pa_mellannot-rosebud","16":"pa_sort-och-storlek-fylt-votiv","17":"pa_toppnot-bergamott-no","18":"pa_toppnot-ferskt-oksygen","19":"pa_toppnot-gronne-blader","20":"pa_vaxtyp-soyablanding","21":"pa_vaxvikt-37-g-no","23":"first","24":"instock","25":"product-type-simple"},"acf":[],"_links":{"self":[{"href":"https:\/\/doftrum.se\/no\/wp-json\/wp\/v2\/product\/4532","targetHints":{"allow":["GET"]}}],"collection":[{"href":"https:\/\/doftrum.se\/no\/wp-json\/wp\/v2\/product"}],"about":[{"href":"https:\/\/doftrum.se\/no\/wp-json\/wp\/v2\/types\/product"}],"replies":[{"embeddable":true,"href":"https:\/\/doftrum.se\/no\/wp-json\/wp\/v2\/comments?post=4532"}],"wp:featuredmedia":[{"embeddable":true,"href":"https:\/\/doftrum.se\/no\/wp-json\/wp\/v2\/media\/3124"}],"wp:attachment":[{"href":"https:\/\/doftrum.se\/no\/wp-json\/wp\/v2\/media?parent=4532"}],"wp:term":[{"taxonomy":"varumarke","embeddable":true,"href":"https:\/\/doftrum.se\/no\/wp-json\/wp\/v2\/varumarke?post=4532"},{"taxonomy":"product_brand","embeddable":true,"href":"https:\/\/doftrum.se\/no\/wp-json\/wp\/v2\/product_brand?post=4532"},{"taxonomy":"product_cat","embeddable":true,"href":"https:\/\/doftrum.se\/no\/wp-json\/wp\/v2\/product_cat?post=4532"},{"taxonomy":"product_tag","embeddable":true,"href":"https:\/\/doftrum.se\/no\/wp-json\/wp\/v2\/product_tag?post=4532"}],"curies":[{"name":"wp","href":"https:\/\/api.w.org\/{rel}","templated":true}]}}