{"id":4527,"date":"2024-03-05T15:17:57","date_gmt":"2024-03-05T14:17:57","guid":{"rendered":"https:\/\/doftrum.se\/produkt\/pink-sands-filled-votive\/"},"modified":"2024-12-18T08:19:12","modified_gmt":"2024-12-18T07:19:12","slug":"pink-sands-filled-votive","status":"publish","type":"product","link":"https:\/\/doftrum.se\/no\/produkt\/pink-sands-filled-votive\/","title":{"rendered":"Pink Sands &#8211; Filled Votive"},"content":{"rendered":"","protected":false},"excerpt":{"rendered":"<p>Duften av friske sitrusfrukter, s\u00f8te blomster og krydret vanilje f\u00e5r deg til \u00e5 dr\u00f8mme deg bort til en varm, eksotisk \u00f8y.<\/p>\n","protected":false},"featured_media":3205,"comment_status":"open","ping_status":"closed","template":"","meta":{"_acf_changed":false},"varumarke":[18],"product_brand":[],"product_cat":[924],"product_tag":[1871],"class_list":{"0":"post-4527","1":"product","2":"type-product","3":"status-publish","4":"has-post-thumbnail","6":"varumarke-yankee-candle","7":"product_cat-duftlys-no-2","8":"product_tag-yc-no","9":"pa_basnot-mandelgranola","10":"pa_basnot-musk","11":"pa_basnot-vanilje","12":"pa_farg-rosa-no","13":"pa_mellannot-osmanthusblomst","14":"pa_sort-och-storlek-fylt-votiv","15":"pa_toppnot-baernoter","16":"pa_toppnot-melon-no","17":"pa_toppnot-sitrusfrukter","18":"pa_vaxtyp-soyablanding","19":"pa_vaxvikt-37-g-no","21":"first","22":"instock","23":"product-type-simple"},"acf":[],"_links":{"self":[{"href":"https:\/\/doftrum.se\/no\/wp-json\/wp\/v2\/product\/4527","targetHints":{"allow":["GET"]}}],"collection":[{"href":"https:\/\/doftrum.se\/no\/wp-json\/wp\/v2\/product"}],"about":[{"href":"https:\/\/doftrum.se\/no\/wp-json\/wp\/v2\/types\/product"}],"replies":[{"embeddable":true,"href":"https:\/\/doftrum.se\/no\/wp-json\/wp\/v2\/comments?post=4527"}],"wp:featuredmedia":[{"embeddable":true,"href":"https:\/\/doftrum.se\/no\/wp-json\/wp\/v2\/media\/3205"}],"wp:attachment":[{"href":"https:\/\/doftrum.se\/no\/wp-json\/wp\/v2\/media?parent=4527"}],"wp:term":[{"taxonomy":"varumarke","embeddable":true,"href":"https:\/\/doftrum.se\/no\/wp-json\/wp\/v2\/varumarke?post=4527"},{"taxonomy":"product_brand","embeddable":true,"href":"https:\/\/doftrum.se\/no\/wp-json\/wp\/v2\/product_brand?post=4527"},{"taxonomy":"product_cat","embeddable":true,"href":"https:\/\/doftrum.se\/no\/wp-json\/wp\/v2\/product_cat?post=4527"},{"taxonomy":"product_tag","embeddable":true,"href":"https:\/\/doftrum.se\/no\/wp-json\/wp\/v2\/product_tag?post=4527"}],"curies":[{"name":"wp","href":"https:\/\/api.w.org\/{rel}","templated":true}]}}