{"id":4521,"date":"2024-03-05T15:17:57","date_gmt":"2024-03-05T14:17:57","guid":{"rendered":"https:\/\/doftrum.se\/produkt\/ocean-air-filled-votive\/"},"modified":"2024-12-18T08:19:14","modified_gmt":"2024-12-18T07:19:14","slug":"ocean-air-filled-votive","status":"publish","type":"product","link":"https:\/\/doftrum.se\/no\/produkt\/ocean-air-filled-votive\/","title":{"rendered":"Ocean Air &#8211; Filled Votive"},"content":{"rendered":"","protected":false},"excerpt":{"rendered":"<p>Frisk, forfriskende sj\u00f8luft b\u00e5ret av hvite b\u00f8lger &#8211; rene, solfylte noter blandet med jasmin, hvit rav og sandeltre.<\/p>\n","protected":false},"featured_media":3200,"comment_status":"open","ping_status":"closed","template":"","meta":{"_acf_changed":false},"varumarke":[18],"product_brand":[],"product_cat":[924],"product_tag":[1871],"class_list":{"0":"post-4521","1":"product","2":"type-product","3":"status-publish","4":"has-post-thumbnail","6":"varumarke-yankee-candle","7":"product_cat-duftlys-no-2","8":"product_tag-yc-no","9":"pa_basnot-frisk-vanilje","10":"pa_basnot-sedertre","11":"pa_basnot-skjortet-moskus","12":"pa_farg-bla-no-2","13":"pa_mellannot-bomullsblomst","14":"pa_mellannot-fersk-klover","15":"pa_mellannot-hvit-lilje","16":"pa_mellannot-liljekonvall","17":"pa_sort-och-storlek-fylt-votiv","18":"pa_toppnot-bergamott-no","19":"pa_toppnot-blatt-ozon","20":"pa_toppnot-lin","21":"pa_toppnot-sitron","22":"pa_vaxtyp-soyablanding","23":"pa_vaxvikt-37-g-no","25":"first","26":"instock","27":"product-type-simple"},"acf":[],"_links":{"self":[{"href":"https:\/\/doftrum.se\/no\/wp-json\/wp\/v2\/product\/4521","targetHints":{"allow":["GET"]}}],"collection":[{"href":"https:\/\/doftrum.se\/no\/wp-json\/wp\/v2\/product"}],"about":[{"href":"https:\/\/doftrum.se\/no\/wp-json\/wp\/v2\/types\/product"}],"replies":[{"embeddable":true,"href":"https:\/\/doftrum.se\/no\/wp-json\/wp\/v2\/comments?post=4521"}],"wp:featuredmedia":[{"embeddable":true,"href":"https:\/\/doftrum.se\/no\/wp-json\/wp\/v2\/media\/3200"}],"wp:attachment":[{"href":"https:\/\/doftrum.se\/no\/wp-json\/wp\/v2\/media?parent=4521"}],"wp:term":[{"taxonomy":"varumarke","embeddable":true,"href":"https:\/\/doftrum.se\/no\/wp-json\/wp\/v2\/varumarke?post=4521"},{"taxonomy":"product_brand","embeddable":true,"href":"https:\/\/doftrum.se\/no\/wp-json\/wp\/v2\/product_brand?post=4521"},{"taxonomy":"product_cat","embeddable":true,"href":"https:\/\/doftrum.se\/no\/wp-json\/wp\/v2\/product_cat?post=4521"},{"taxonomy":"product_tag","embeddable":true,"href":"https:\/\/doftrum.se\/no\/wp-json\/wp\/v2\/product_tag?post=4521"}],"curies":[{"name":"wp","href":"https:\/\/api.w.org\/{rel}","templated":true}]}}