{"id":4493,"date":"2024-03-05T15:15:24","date_gmt":"2024-03-05T14:15:24","guid":{"rendered":"https:\/\/doftrum.se\/produkt\/black-cherry-ultrasonic-aroma-diffuser-starter-kit\/"},"modified":"2024-12-18T08:19:02","modified_gmt":"2024-12-18T07:19:02","slug":"black-cherry-ultrasonic-aroma-diffuser-starter-kit","status":"publish","type":"product","link":"https:\/\/doftrum.se\/no\/produkt\/black-cherry-ultrasonic-aroma-diffuser-starter-kit\/","title":{"rendered":"Ultrasonic Aroma Diffuser Startkit (Inkl. Black Cherry)"},"content":{"rendered":"<p>Med Yankee Candles Ultrasonic diffuser kan du sette stemningen med noen f\u00e5 enkle trinn. Med noen f\u00e5 dr\u00e5per aromaolje f\u00e5r du en t\u00e5ke med herlige dufter. V\u00e6r oppmerksom p\u00e5 at duftolje ikke er inkludert og m\u00e5 kj\u00f8pes separat!<\/p>\n<ul>\n<li>Rommer opptil 100 ml vann<\/li>\n<li>Opptil 8 timers drift med duftpulser eller opptil 4 timers drift med kontinuerlig t\u00e5ke<\/li>\n<li>10 forskjellige farger<\/li>\n<li>Stille<\/li>\n<\/ul>\n","protected":false},"excerpt":{"rendered":"<p>Med Yankee Candles Ultrasonic diffuser kan du sette stemningen med noen f\u00e5 enkle trinn. Med noen f\u00e5 dr\u00e5per aromaolje f\u00e5r du en t\u00e5ke med herlige dufter. Blant annet Black Cherry-duften, som er en vidunderlig duft gjennomsyret av den herlige s\u00f8dmen fra modne, svarte kirseb\u00e6r. <\/p>\n<ul>\n<li>Rommer opptil 100 ml vann<\/li>\n<li>Opptil 8 timers drift med duftpulser eller opptil 4 timers drift med kontinuerlig t\u00e5ke<\/li>\n<li>10 forskjellige farger<\/li>\n<li>Stille<\/li>\n<li>Drives av 230 V<\/li>\n<\/ul>\n","protected":false},"featured_media":4866,"comment_status":"open","ping_status":"closed","template":"","meta":{"_acf_changed":false},"varumarke":[18],"product_brand":[],"product_cat":[1152],"product_tag":[1871],"class_list":{"0":"post-4493","1":"product","2":"type-product","3":"status-publish","4":"has-post-thumbnail","6":"varumarke-yankee-candle","7":"product_cat-aroma-diffuser-no-2","8":"product_tag-yc-no","9":"pa_basnot-sote-svarte-kirsebaer-no","10":"pa_doftfamilj-fruktig-no","11":"pa_farg-hvit","12":"pa_mellannot-kanel-no","13":"pa_mellannot-kirsebaer","14":"pa_sort-och-storlek-ultrasonic-aroma-diffuser-starter-kit-no","15":"pa_toppnot-mandel-no-2","16":"pa_toppnot-svarte-kirsebaer","17":"pa_vaxvikt-10-ml-no","19":"first","20":"instock","21":"product-type-simple"},"acf":[],"_links":{"self":[{"href":"https:\/\/doftrum.se\/no\/wp-json\/wp\/v2\/product\/4493","targetHints":{"allow":["GET"]}}],"collection":[{"href":"https:\/\/doftrum.se\/no\/wp-json\/wp\/v2\/product"}],"about":[{"href":"https:\/\/doftrum.se\/no\/wp-json\/wp\/v2\/types\/product"}],"replies":[{"embeddable":true,"href":"https:\/\/doftrum.se\/no\/wp-json\/wp\/v2\/comments?post=4493"}],"wp:featuredmedia":[{"embeddable":true,"href":"https:\/\/doftrum.se\/no\/wp-json\/wp\/v2\/media\/4866"}],"wp:attachment":[{"href":"https:\/\/doftrum.se\/no\/wp-json\/wp\/v2\/media?parent=4493"}],"wp:term":[{"taxonomy":"varumarke","embeddable":true,"href":"https:\/\/doftrum.se\/no\/wp-json\/wp\/v2\/varumarke?post=4493"},{"taxonomy":"product_brand","embeddable":true,"href":"https:\/\/doftrum.se\/no\/wp-json\/wp\/v2\/product_brand?post=4493"},{"taxonomy":"product_cat","embeddable":true,"href":"https:\/\/doftrum.se\/no\/wp-json\/wp\/v2\/product_cat?post=4493"},{"taxonomy":"product_tag","embeddable":true,"href":"https:\/\/doftrum.se\/no\/wp-json\/wp\/v2\/product_tag?post=4493"}],"curies":[{"name":"wp","href":"https:\/\/api.w.org\/{rel}","templated":true}]}}