{"id":4477,"date":"2024-03-05T15:14:15","date_gmt":"2024-03-05T14:14:15","guid":{"rendered":"https:\/\/doftrum.se\/produkt\/ocean-air-signature-large-tumbler\/"},"modified":"2024-12-18T08:18:50","modified_gmt":"2024-12-18T07:18:50","slug":"ocean-air-signature-large-tumbler","status":"publish","type":"product","link":"https:\/\/doftrum.se\/no\/produkt\/ocean-air-signature-large-tumbler\/","title":{"rendered":"Ocean Air &#8211; Signature Large Tumbler"},"content":{"rendered":"","protected":false},"excerpt":{"rendered":"<p>Frisk, forfriskende sj\u00f8luft b\u00e5ret av hvite b\u00f8lger &#8211; rene, solfylte noter blandet med jasmin, hvit rav og sandeltre.<\/p>\n","protected":false},"featured_media":3038,"comment_status":"open","ping_status":"closed","template":"","meta":{"_acf_changed":false},"varumarke":[18],"product_brand":[],"product_cat":[924],"product_tag":[1871],"class_list":{"0":"post-4477","1":"product","2":"type-product","3":"status-publish","4":"has-post-thumbnail","6":"varumarke-yankee-candle","7":"product_cat-duftlys-no-2","8":"product_tag-yc-no","9":"pa_basnot-frisk-vanilje","10":"pa_basnot-sedertre","11":"pa_basnot-skjortet-moskus","12":"pa_doftfamilj-rent-fresh","13":"pa_farg-bla-no-2","14":"pa_mellannot-bomullsblomst","15":"pa_mellannot-fersk-klover","16":"pa_mellannot-hvit-lilje","17":"pa_mellannot-liljekonvall","18":"pa_sort-och-storlek-signatur-stort-beger","19":"pa_toppnot-bergamott-no","20":"pa_toppnot-blatt-ozon","21":"pa_toppnot-lin","22":"pa_toppnot-sitron","23":"pa_vaxtyp-soyablanding","24":"pa_vaxvikt-567-g-no","26":"first","27":"instock","28":"product-type-simple"},"acf":[],"_links":{"self":[{"href":"https:\/\/doftrum.se\/no\/wp-json\/wp\/v2\/product\/4477","targetHints":{"allow":["GET"]}}],"collection":[{"href":"https:\/\/doftrum.se\/no\/wp-json\/wp\/v2\/product"}],"about":[{"href":"https:\/\/doftrum.se\/no\/wp-json\/wp\/v2\/types\/product"}],"replies":[{"embeddable":true,"href":"https:\/\/doftrum.se\/no\/wp-json\/wp\/v2\/comments?post=4477"}],"wp:featuredmedia":[{"embeddable":true,"href":"https:\/\/doftrum.se\/no\/wp-json\/wp\/v2\/media\/3038"}],"wp:attachment":[{"href":"https:\/\/doftrum.se\/no\/wp-json\/wp\/v2\/media?parent=4477"}],"wp:term":[{"taxonomy":"varumarke","embeddable":true,"href":"https:\/\/doftrum.se\/no\/wp-json\/wp\/v2\/varumarke?post=4477"},{"taxonomy":"product_brand","embeddable":true,"href":"https:\/\/doftrum.se\/no\/wp-json\/wp\/v2\/product_brand?post=4477"},{"taxonomy":"product_cat","embeddable":true,"href":"https:\/\/doftrum.se\/no\/wp-json\/wp\/v2\/product_cat?post=4477"},{"taxonomy":"product_tag","embeddable":true,"href":"https:\/\/doftrum.se\/no\/wp-json\/wp\/v2\/product_tag?post=4477"}],"curies":[{"name":"wp","href":"https:\/\/api.w.org\/{rel}","templated":true}]}}