{"id":4463,"date":"2024-03-05T15:14:15","date_gmt":"2024-03-05T14:14:15","guid":{"rendered":"https:\/\/doftrum.se\/produkt\/sage-citrus-signature-large-tumbler\/"},"modified":"2024-12-18T08:18:50","modified_gmt":"2024-12-18T07:18:50","slug":"sage-citrus-signature-large-tumbler","status":"publish","type":"product","link":"https:\/\/doftrum.se\/no\/produkt\/sage-citrus-signature-large-tumbler\/","title":{"rendered":"Sage &amp; Citrus &#8211; Signature Large Tumbler"},"content":{"rendered":"","protected":false},"excerpt":{"rendered":"<p>En herlig frisk blanding av jordn\u00e6re salvienoter som blander seg med luksuri\u00f8s talkum og sitron-lime. Sammen skaper de en naturlig, energigivende og harmonisk f\u00f8lelse.<\/p>\n","protected":false},"featured_media":2990,"comment_status":"open","ping_status":"closed","template":"","meta":{"_acf_changed":false},"varumarke":[18],"product_brand":[],"product_cat":[924],"product_tag":[1871],"class_list":{"0":"post-4463","1":"product","2":"type-product","3":"status-publish","4":"has-post-thumbnail","6":"varumarke-yankee-candle","7":"product_cat-duftlys-no-2","8":"product_tag-yc-no","9":"pa_basnot-blandede-treslag","10":"pa_basnot-musk","11":"pa_basnot-patchouli-no","12":"pa_basnot-pudderaktige-toner-no","13":"pa_doftfamilj-sitrusfrukter-no","14":"pa_farg-gronn","15":"pa_mellannot-geranium-no","16":"pa_mellannot-lavendel-no","17":"pa_sort-och-storlek-signatur-stort-beger","18":"pa_toppnot-blandede-gronne-urter","19":"pa_toppnot-lavendel-no","20":"pa_toppnot-sitrusfrukter","21":"pa_vaxtyp-soyablanding","22":"pa_vaxvikt-567-g-no","24":"first","25":"instock","26":"product-type-simple"},"acf":[],"_links":{"self":[{"href":"https:\/\/doftrum.se\/no\/wp-json\/wp\/v2\/product\/4463","targetHints":{"allow":["GET"]}}],"collection":[{"href":"https:\/\/doftrum.se\/no\/wp-json\/wp\/v2\/product"}],"about":[{"href":"https:\/\/doftrum.se\/no\/wp-json\/wp\/v2\/types\/product"}],"replies":[{"embeddable":true,"href":"https:\/\/doftrum.se\/no\/wp-json\/wp\/v2\/comments?post=4463"}],"wp:featuredmedia":[{"embeddable":true,"href":"https:\/\/doftrum.se\/no\/wp-json\/wp\/v2\/media\/2990"}],"wp:attachment":[{"href":"https:\/\/doftrum.se\/no\/wp-json\/wp\/v2\/media?parent=4463"}],"wp:term":[{"taxonomy":"varumarke","embeddable":true,"href":"https:\/\/doftrum.se\/no\/wp-json\/wp\/v2\/varumarke?post=4463"},{"taxonomy":"product_brand","embeddable":true,"href":"https:\/\/doftrum.se\/no\/wp-json\/wp\/v2\/product_brand?post=4463"},{"taxonomy":"product_cat","embeddable":true,"href":"https:\/\/doftrum.se\/no\/wp-json\/wp\/v2\/product_cat?post=4463"},{"taxonomy":"product_tag","embeddable":true,"href":"https:\/\/doftrum.se\/no\/wp-json\/wp\/v2\/product_tag?post=4463"}],"curies":[{"name":"wp","href":"https:\/\/api.w.org\/{rel}","templated":true}]}}