{"id":4450,"date":"2024-03-05T15:13:56","date_gmt":"2024-03-05T14:13:56","guid":{"rendered":"https:\/\/doftrum.se\/produkt\/pink-cherry-vanilla-signature-medium-jar\/"},"modified":"2024-12-18T08:18:39","modified_gmt":"2024-12-18T07:18:39","slug":"pink-cherry-vanilla-signature-medium-jar","status":"publish","type":"product","link":"https:\/\/doftrum.se\/no\/produkt\/pink-cherry-vanilla-signature-medium-jar\/","title":{"rendered":"Pink Cherry &amp; Vanilla &#8211; Signature Medium Jar"},"content":{"rendered":"","protected":false},"excerpt":{"rendered":"<p>S\u00f8te og saftige kirseb\u00e6r p\u00e5 en luftig sky av rosa vaniljekrem toppet med mandelspon. En dr\u00f8mmende flukt i en vidunderlig duft.<\/p>\n","protected":false},"featured_media":2984,"comment_status":"open","ping_status":"closed","template":"","meta":{"_acf_changed":false},"varumarke":[18],"product_brand":[],"product_cat":[924],"product_tag":[1871],"class_list":{"0":"post-4450","1":"product","2":"type-product","3":"status-publish","4":"has-post-thumbnail","6":"varumarke-yankee-candle","7":"product_cat-duftlys-no-2","8":"product_tag-yc-no","9":"pa_basnot-mandelgranola","10":"pa_basnot-musk","11":"pa_basnot-vanilje","12":"pa_doftfamilj-fruktig-no","13":"pa_farg-rosa-no","14":"pa_mellannot-kirsebaerblomst","15":"pa_mellannot-kjernemelk","16":"pa_mellannot-stempel","17":"pa_sort-och-storlek-signatur-medium-krukke","18":"pa_toppnot-aprikos-no","19":"pa_toppnot-bringebaer","20":"pa_toppnot-kirsebaer","21":"pa_vaxtyp-soyablanding","22":"pa_vaxvikt-368-g-no","24":"first","25":"instock","26":"product-type-simple"},"acf":[],"_links":{"self":[{"href":"https:\/\/doftrum.se\/no\/wp-json\/wp\/v2\/product\/4450","targetHints":{"allow":["GET"]}}],"collection":[{"href":"https:\/\/doftrum.se\/no\/wp-json\/wp\/v2\/product"}],"about":[{"href":"https:\/\/doftrum.se\/no\/wp-json\/wp\/v2\/types\/product"}],"replies":[{"embeddable":true,"href":"https:\/\/doftrum.se\/no\/wp-json\/wp\/v2\/comments?post=4450"}],"wp:featuredmedia":[{"embeddable":true,"href":"https:\/\/doftrum.se\/no\/wp-json\/wp\/v2\/media\/2984"}],"wp:attachment":[{"href":"https:\/\/doftrum.se\/no\/wp-json\/wp\/v2\/media?parent=4450"}],"wp:term":[{"taxonomy":"varumarke","embeddable":true,"href":"https:\/\/doftrum.se\/no\/wp-json\/wp\/v2\/varumarke?post=4450"},{"taxonomy":"product_brand","embeddable":true,"href":"https:\/\/doftrum.se\/no\/wp-json\/wp\/v2\/product_brand?post=4450"},{"taxonomy":"product_cat","embeddable":true,"href":"https:\/\/doftrum.se\/no\/wp-json\/wp\/v2\/product_cat?post=4450"},{"taxonomy":"product_tag","embeddable":true,"href":"https:\/\/doftrum.se\/no\/wp-json\/wp\/v2\/product_tag?post=4450"}],"curies":[{"name":"wp","href":"https:\/\/api.w.org\/{rel}","templated":true}]}}