{"id":4446,"date":"2024-03-05T15:13:41","date_gmt":"2024-03-05T14:13:41","guid":{"rendered":"https:\/\/doftrum.se\/produkt\/smoked-vanilla-cashmere-signature-large-jar\/"},"modified":"2024-12-18T08:18:32","modified_gmt":"2024-12-18T07:18:32","slug":"smoked-vanilla-cashmere-signature-large-jar","status":"publish","type":"product","link":"https:\/\/doftrum.se\/no\/produkt\/smoked-vanilla-cashmere-signature-large-jar\/","title":{"rendered":"Smoked Vanilla &amp; Cashmere &#8211; Signature Large Jar"},"content":{"rendered":"","protected":false},"excerpt":{"rendered":"<p>Luksuri\u00f8s vanilje som gj\u00f8res enda mer luksuri\u00f8s med r\u00f8ykfylte noter pakket inn i myk kashmir og varm rav.<\/p>\n","protected":false},"featured_media":2954,"comment_status":"open","ping_status":"closed","template":"","meta":{"_acf_changed":false},"varumarke":[18],"product_brand":[],"product_cat":[924],"product_tag":[1871],"class_list":{"0":"post-4446","1":"product","2":"type-product","3":"status-publish","4":"has-post-thumbnail","6":"varumarke-yankee-candle","7":"product_cat-duftlys-no-2","8":"product_tag-yc-no","9":"pa_basnot-guaiac-tre","10":"pa_basnot-kremaktig-moskus","11":"pa_basnot-rodt-sedertre","12":"pa_basnot-smeltet-rav","13":"pa_doftfamilj-sott-og-salt","14":"pa_farg-gra-no","15":"pa_mellannot-kashmir-no","16":"pa_mellannot-kull","17":"pa_mellannot-nellik","18":"pa_mellannot-rokt-kanel-no","19":"pa_mellannot-vaniljeaske","20":"pa_sort-och-storlek-signatur-stor-krukke","21":"pa_toppnot-rasukker","22":"pa_toppnot-solbaer","23":"pa_toppnot-sotet-marshmallow","24":"pa_vaxtyp-soyablanding","25":"pa_vaxvikt-568-g-no","27":"first","28":"instock","29":"product-type-simple"},"acf":[],"_links":{"self":[{"href":"https:\/\/doftrum.se\/no\/wp-json\/wp\/v2\/product\/4446","targetHints":{"allow":["GET"]}}],"collection":[{"href":"https:\/\/doftrum.se\/no\/wp-json\/wp\/v2\/product"}],"about":[{"href":"https:\/\/doftrum.se\/no\/wp-json\/wp\/v2\/types\/product"}],"replies":[{"embeddable":true,"href":"https:\/\/doftrum.se\/no\/wp-json\/wp\/v2\/comments?post=4446"}],"wp:featuredmedia":[{"embeddable":true,"href":"https:\/\/doftrum.se\/no\/wp-json\/wp\/v2\/media\/2954"}],"wp:attachment":[{"href":"https:\/\/doftrum.se\/no\/wp-json\/wp\/v2\/media?parent=4446"}],"wp:term":[{"taxonomy":"varumarke","embeddable":true,"href":"https:\/\/doftrum.se\/no\/wp-json\/wp\/v2\/varumarke?post=4446"},{"taxonomy":"product_brand","embeddable":true,"href":"https:\/\/doftrum.se\/no\/wp-json\/wp\/v2\/product_brand?post=4446"},{"taxonomy":"product_cat","embeddable":true,"href":"https:\/\/doftrum.se\/no\/wp-json\/wp\/v2\/product_cat?post=4446"},{"taxonomy":"product_tag","embeddable":true,"href":"https:\/\/doftrum.se\/no\/wp-json\/wp\/v2\/product_tag?post=4446"}],"curies":[{"name":"wp","href":"https:\/\/api.w.org\/{rel}","templated":true}]}}