{"id":4436,"date":"2024-03-05T15:13:56","date_gmt":"2024-03-05T14:13:56","guid":{"rendered":"https:\/\/doftrum.se\/produkt\/pink-sands-signature-medium-jar\/"},"modified":"2024-12-18T08:18:37","modified_gmt":"2024-12-18T07:18:37","slug":"pink-sands-signature-medium-jar","status":"publish","type":"product","link":"https:\/\/doftrum.se\/no\/produkt\/pink-sands-signature-medium-jar\/","title":{"rendered":"Pink Sands &#8211; Signature Medium Jar"},"content":{"rendered":"","protected":false},"excerpt":{"rendered":"<p>Duften av friske sitrusfrukter, s\u00f8te blomster og krydret vanilje f\u00e5r deg til \u00e5 dr\u00f8mme deg bort til en varm, eksotisk \u00f8y.<\/p>\n","protected":false},"featured_media":2960,"comment_status":"open","ping_status":"closed","template":"","meta":{"_acf_changed":false},"varumarke":[18],"product_brand":[],"product_cat":[924],"product_tag":[1871],"class_list":{"0":"post-4436","1":"product","2":"type-product","3":"status-publish","4":"has-post-thumbnail","6":"varumarke-yankee-candle","7":"product_cat-duftlys-no-2","8":"product_tag-yc-no","9":"pa_basnot-blandede-treslag","10":"pa_basnot-krydret-vanilje","11":"pa_basnot-musk","12":"pa_doftfamilj-blomstrende","13":"pa_farg-rosa-no","14":"pa_mellannot-osmanthusblomst","15":"pa_sort-och-storlek-signatur-medium-krukke","16":"pa_toppnot-baernoter","17":"pa_toppnot-melon-no","18":"pa_toppnot-sitrusfrukter","19":"pa_vaxtyp-soyablanding","20":"pa_vaxvikt-368-g-no","22":"first","23":"instock","24":"product-type-simple"},"acf":[],"_links":{"self":[{"href":"https:\/\/doftrum.se\/no\/wp-json\/wp\/v2\/product\/4436","targetHints":{"allow":["GET"]}}],"collection":[{"href":"https:\/\/doftrum.se\/no\/wp-json\/wp\/v2\/product"}],"about":[{"href":"https:\/\/doftrum.se\/no\/wp-json\/wp\/v2\/types\/product"}],"replies":[{"embeddable":true,"href":"https:\/\/doftrum.se\/no\/wp-json\/wp\/v2\/comments?post=4436"}],"wp:featuredmedia":[{"embeddable":true,"href":"https:\/\/doftrum.se\/no\/wp-json\/wp\/v2\/media\/2960"}],"wp:attachment":[{"href":"https:\/\/doftrum.se\/no\/wp-json\/wp\/v2\/media?parent=4436"}],"wp:term":[{"taxonomy":"varumarke","embeddable":true,"href":"https:\/\/doftrum.se\/no\/wp-json\/wp\/v2\/varumarke?post=4436"},{"taxonomy":"product_brand","embeddable":true,"href":"https:\/\/doftrum.se\/no\/wp-json\/wp\/v2\/product_brand?post=4436"},{"taxonomy":"product_cat","embeddable":true,"href":"https:\/\/doftrum.se\/no\/wp-json\/wp\/v2\/product_cat?post=4436"},{"taxonomy":"product_tag","embeddable":true,"href":"https:\/\/doftrum.se\/no\/wp-json\/wp\/v2\/product_tag?post=4436"}],"curies":[{"name":"wp","href":"https:\/\/api.w.org\/{rel}","templated":true}]}}