{"id":4408,"date":"2024-03-05T15:11:06","date_gmt":"2024-03-05T14:11:06","guid":{"rendered":"https:\/\/doftrum.se\/produkt\/clean-cotton-car-jar\/"},"modified":"2026-02-05T09:32:35","modified_gmt":"2026-02-05T08:32:35","slug":"clean-cotton-car-jar","status":"publish","type":"product","link":"https:\/\/doftrum.se\/no\/produkt\/clean-cotton-car-jar\/","title":{"rendered":"Clean Cotton &#8211; Car Jar Paper"},"content":{"rendered":"","protected":false},"excerpt":{"rendered":"<p>En duft s\u00e5 frisk som solt\u00f8rkede bomullslaken som bl\u00e5ser i vinden. Fornemmelsen forsterkes av aromaer av hvite blomster og sitron. Yankee Candles Car Jar Paper er en bilduft i tradisjonell papirform, som representerer de vakre lysene fra Yankee Candles.<\/p>\n","protected":false},"featured_media":3924,"comment_status":"open","ping_status":"closed","template":"","meta":{"_acf_changed":false},"varumarke":[18],"product_brand":[],"product_cat":[947],"product_tag":[1871],"class_list":{"0":"post-4408","1":"product","2":"type-product","3":"status-publish","4":"has-post-thumbnail","6":"varumarke-yankee-candle","7":"product_cat-car-jar-no","8":"product_tag-yc-no","9":"pa_basnot-blandede-treslag","10":"pa_basnot-musk","11":"pa_basnot-sedertre","12":"pa_basnot-vetivergress","13":"pa_doftfamilj-rent-fresh","14":"pa_farg-hvit","15":"pa_mellannot-liljekonvall","16":"pa_mellannot-rosebud","17":"pa_sort-och-storlek-bilkrukke","18":"pa_toppnot-bergamott-no","19":"pa_toppnot-ferskt-oksygen","20":"pa_toppnot-gronne-blader","22":"first","23":"instock","24":"product-type-simple"},"acf":[],"_links":{"self":[{"href":"https:\/\/doftrum.se\/no\/wp-json\/wp\/v2\/product\/4408","targetHints":{"allow":["GET"]}}],"collection":[{"href":"https:\/\/doftrum.se\/no\/wp-json\/wp\/v2\/product"}],"about":[{"href":"https:\/\/doftrum.se\/no\/wp-json\/wp\/v2\/types\/product"}],"replies":[{"embeddable":true,"href":"https:\/\/doftrum.se\/no\/wp-json\/wp\/v2\/comments?post=4408"}],"wp:featuredmedia":[{"embeddable":true,"href":"https:\/\/doftrum.se\/no\/wp-json\/wp\/v2\/media\/3924"}],"wp:attachment":[{"href":"https:\/\/doftrum.se\/no\/wp-json\/wp\/v2\/media?parent=4408"}],"wp:term":[{"taxonomy":"varumarke","embeddable":true,"href":"https:\/\/doftrum.se\/no\/wp-json\/wp\/v2\/varumarke?post=4408"},{"taxonomy":"product_brand","embeddable":true,"href":"https:\/\/doftrum.se\/no\/wp-json\/wp\/v2\/product_brand?post=4408"},{"taxonomy":"product_cat","embeddable":true,"href":"https:\/\/doftrum.se\/no\/wp-json\/wp\/v2\/product_cat?post=4408"},{"taxonomy":"product_tag","embeddable":true,"href":"https:\/\/doftrum.se\/no\/wp-json\/wp\/v2\/product_tag?post=4408"}],"curies":[{"name":"wp","href":"https:\/\/api.w.org\/{rel}","templated":true}]}}