{"id":6516,"date":"2024-11-19T10:27:00","date_gmt":"2024-11-19T09:27:00","guid":{"rendered":"https:\/\/doftrum.se\/videoklipp\/"},"modified":"2024-11-19T11:03:51","modified_gmt":"2024-11-19T10:03:51","slug":"videoklipp","status":"publish","type":"page","link":"https:\/\/doftrum.se\/no\/videoklipp\/","title":{"rendered":"Tips og triks"},"content":{"rendered":"\n\n  <div class=\"banner has-hover\" id=\"banner-1439404250\">\n          <div class=\"banner-inner fill\">\n        <div class=\"banner-bg fill\" >\n            <img loading=\"lazy\" decoding=\"async\" width=\"1280\" height=\"1920\" src=\"https:\/\/doftrum.se\/wp-content\/uploads\/2024\/11\/598104_cinnamonchai_593104_cinnamonchai_592175_fraserfir_576080_crimsonberries.jpg\" class=\"bg attachment-original size-original\" alt=\"Ljuslykta i tr\u00e4trappa med glittrande bokeh i bakgrunden.\" \/>                        <div class=\"overlay\"><\/div>            \n                    <\/div>\n\t\t\n        <div class=\"banner-layers container\">\n            <div class=\"fill banner-link\"><\/div>            \n\n   <div id=\"text-box-1366158276\" class=\"text-box banner-layer x50 md-x50 lg-x50 y50 md-y50 lg-y50 res-text\">\n                                <div class=\"text-box-content text dark\">\n              \n              <div class=\"text-inner text-center\">\n                  \n\n<h1>Tips och trix!<\/h1>\n<div class=\"flex max-w-full flex-col flex-grow\">\n<div class=\"min-h-8 text-message flex w-full flex-col items-end gap-2 whitespace-normal break-words &#091;.text-message+&amp;&#093;:mt-5\" dir=\"auto\" data-message-author-role=\"assistant\" data-message-id=\"e0145156-aece-4957-a7e2-29d722e1d6ea\" data-message-model-slug=\"gpt-4o-mini\">\n<div class=\"flex w-full flex-col gap-1 empty:hidden first:pt-&#091;3px&#093;\">\n<div class=\"markdown prose w-full break-words dark:prose-invert light\">\n<p>H\u00e4r delar vi med oss av v\u00e5ra b\u00e4sta tips och tricks f\u00f6r ditt doftljus.<\/p>\n<\/div>\n<\/div>\n<\/div>\n<\/div>\n<div class=\"mb-2 flex gap-3 empty:hidden -ml-2\">\n<div class=\"items-center justify-start rounded-xl p-1 flex\">\n<div class=\"flex items-center\">\n<div class=\"flex\">\u00a0<\/div>\n<div class=\"flex items-center pb-0\">\u00a0<\/div>\n<\/div>\n<\/div>\n<\/div>\n\n              <\/div>\n           <\/div>\n                            \n<style>\n#text-box-1366158276 {\n  width: 60%;\n}\n#text-box-1366158276 .text-box-content {\n  font-size: 100%;\n}\n<\/style>\n    <\/div>\n \n\n        <\/div>\n      <\/div>\n\n            \n<style>\n#banner-1439404250 {\n  padding-top: 378px;\n}\n#banner-1439404250 .overlay {\n  background-color: rgba(6, 6, 6, 0.483);\n}\n#banner-1439404250 .banner-bg img {\n  object-position: 36% 69%;\n}\n<\/style>\n  <\/div>\n\n\n\t<div id=\"gap-352232708\" class=\"gap-element clearfix\" style=\"display:block; height:auto;\">\n\t\t\n<style>\n#gap-352232708 {\n  padding-top: 30px;\n}\n<\/style>\n\t<\/div>\n\t\n\n\t<div id=\"gap-1931021032\" class=\"gap-element clearfix\" style=\"display:block; height:auto;\">\n\t\t\n<style>\n#gap-1931021032 {\n  padding-top: 30px;\n}\n<\/style>\n\t<\/div>\n\t\n\n<div class=\"row\"  id=\"row-178421297\">\n\n\n\t<div id=\"col-778066035\" class=\"col medium-4 small-12 large-4\"  >\n\t\t\t\t<div class=\"col-inner\"  >\n\t\t\t\n\t\t\t\n\n<div class=\"video video-fit mb\" style=\"padding-top:56.25%;\"><iframe loading=\"lazy\" title=\"\u00c5tervinn ditt doftljus\" width=\"1020\" height=\"574\" src=\"https:\/\/www.youtube.com\/embed\/m2-dwd2jW_M?feature=oembed\" frameborder=\"0\" allow=\"accelerometer; autoplay; clipboard-write; encrypted-media; gyroscope; picture-in-picture; web-share\" referrerpolicy=\"strict-origin-when-cross-origin\" allowfullscreen><\/iframe><\/div>\n\n<p>Visste du att du kan ge ditt gamla doftljus nytt liv genom att \u00e5teranv\u00e4nda glasburken? Efter att ljuset brunnit ut kan burken enkelt reng\u00f6ras och anv\u00e4ndas p\u00e5 m\u00e5nga kreativa s\u00e4tt!<\/p>\n\n\t\t<\/div>\n\t\t\t\t\t<\/div>\n\n\t\n\n\t<div id=\"col-1632271298\" class=\"col medium-4 small-12 large-4\"  >\n\t\t\t\t<div class=\"col-inner\"  >\n\t\t\t\n\t\t\t\n\n<div class=\"video video-fit mb\" style=\"padding-top:56.25%;\"><p><iframe loading=\"lazy\" title=\"T\u00e4nda ljus med spaghetti\" width=\"1020\" height=\"574\" src=\"https:\/\/www.youtube.com\/embed\/8VFpLypB-7w?feature=oembed\" frameborder=\"0\" allow=\"accelerometer; autoplay; clipboard-write; encrypted-media; gyroscope; picture-in-picture; web-share\" referrerpolicy=\"strict-origin-when-cross-origin\" allowfullscreen><\/iframe><\/p>\n<\/div>\n\n<p>Ibland kan det vara sv\u00e5rt att t\u00e4nda veken n\u00e4r ljuset har brunnit utan att riskera att br\u00e4nna sig. Vi har det ultimata knepet f\u00f6r att g\u00f6ra det enkelt och s\u00e4kert.<\/p>\n\n\t\t<\/div>\n\t\t\t\t\t<\/div>\n\n\t\n\n\t<div id=\"col-749924757\" class=\"col medium-4 small-12 large-4\"  >\n\t\t\t\t<div class=\"col-inner\"  >\n\t\t\t\n\t\t\t\n\n<div class=\"video video-fit mb\" style=\"padding-top:56.25%;\"><p><iframe loading=\"lazy\" title=\"St\u00e4ll ljuset p\u00e5 v\u00e4rmet\u00e5ligt underlag\" width=\"1020\" height=\"574\" src=\"https:\/\/www.youtube.com\/embed\/iiUuTCZtTJ0?feature=oembed\" frameborder=\"0\" allow=\"accelerometer; autoplay; clipboard-write; encrypted-media; gyroscope; picture-in-picture; web-share\" referrerpolicy=\"strict-origin-when-cross-origin\" allowfullscreen><\/iframe><\/p>\n<\/div>\n\n<p>Se till att skydda ditt bord fr\u00e5n v\u00e4rme och m\u00e4rken genom att alltid placera ljuset p\u00e5 ett v\u00e4rmet\u00e5ligt underlag. H\u00e4r \u00e4r v\u00e5rt b\u00e4sta tips f\u00f6r att slippa m\u00e4rken p\u00e5 bordet.<\/p>\n\n\t\t<\/div>\n\t\t\t\t\t<\/div>\n\n\t\n\n<\/div>\n<div class=\"row\"  id=\"row-744310652\">\n\n\n\t<div id=\"col-284801945\" class=\"col medium-4 small-12 large-4\"  >\n\t\t\t\t<div class=\"col-inner\"  >\n\t\t\t\n\t\t\t\n\n<div class=\"video video-fit mb\" style=\"padding-top:56.25%;\"><p><iframe loading=\"lazy\" title=\"Ljusets brinn-egenskaper\" width=\"1020\" height=\"574\" src=\"https:\/\/www.youtube.com\/embed\/GSwJcFgUdLE?feature=oembed\" frameborder=\"0\" allow=\"accelerometer; autoplay; clipboard-write; encrypted-media; gyroscope; picture-in-picture; web-share\" referrerpolicy=\"strict-origin-when-cross-origin\" allowfullscreen><\/iframe><\/p>\n<\/div>\n\n<p>Innan du t\u00e4nder ditt ljus i badrummet, t\u00e4nk p\u00e5 detta! H\u00e4r \u00e4r viktig information som m\u00e5nga inte k\u00e4nner till.<\/p>\n\n\t\t<\/div>\n\t\t\t\t\t<\/div>\n\n\t\n\n\t<div id=\"col-1631681698\" class=\"col medium-4 small-12 large-4\"  >\n\t\t\t\t<div class=\"col-inner\"  >\n\t\t\t\n\t\t\t\n\n<div class=\"video video-fit mb\" style=\"padding-top:56.25%;\"><p><iframe loading=\"lazy\" title=\"F\u00f6rhindra att ljusen missf\u00e4rgas\" width=\"1020\" height=\"574\" src=\"https:\/\/www.youtube.com\/embed\/j5OnnVJxt-E?feature=oembed\" frameborder=\"0\" allow=\"accelerometer; autoplay; clipboard-write; encrypted-media; gyroscope; picture-in-picture; web-share\" referrerpolicy=\"strict-origin-when-cross-origin\" allowfullscreen><\/iframe><\/p>\n<\/div>\n\n<div class=\"flex max-w-full flex-col flex-grow\">\n<div class=\"min-h-8 text-message flex w-full flex-col items-end gap-2 whitespace-normal break-words &#091;.text-message+&amp;&#093;:mt-5\" dir=\"auto\" data-message-author-role=\"assistant\" data-message-id=\"3af03273-6364-418b-8a32-c97bd5b01316\" data-message-model-slug=\"gpt-4o\">\n<div class=\"flex w-full flex-col gap-1 empty:hidden first:pt-&#091;3px&#093;\">\n<div class=\"markdown prose w-full break-words dark:prose-invert light\">\n<p>Var noga med var du placerar ditt ljus f\u00f6r att undvika missf\u00e4rgningar. I den h\u00e4r videon delar vi med oss av tips p\u00e5 platser du b\u00f6r undvika!\u00a0<\/p>\n<\/div>\n<\/div>\n<\/div>\n<\/div>\n<div class=\"mb-2 flex gap-3 empty:hidden -ml-2\">\n<div class=\"items-center justify-start rounded-xl p-1 flex\">\n<div class=\"flex items-center\">\n<div class=\"flex\">\u00a0<\/div>\n<div class=\"flex items-center pb-0\">\u00a0<\/div>\n<\/div>\n<\/div>\n<\/div>\n\n\t\t<\/div>\n\t\t\t\t\t<\/div>\n\n\t\n\n\t<div id=\"col-1257007653\" class=\"col medium-4 small-12 large-4\"  >\n\t\t\t\t<div class=\"col-inner\"  >\n\t\t\t\n\t\t\t\n\n<div class=\"video video-fit mb\" style=\"padding-top:56.25%;\"><p><iframe loading=\"lazy\" title=\"Viktigt!\" width=\"1020\" height=\"574\" src=\"https:\/\/www.youtube.com\/embed\/PhtEyzALnog?feature=oembed\" frameborder=\"0\" allow=\"accelerometer; autoplay; clipboard-write; encrypted-media; gyroscope; picture-in-picture; web-share\" referrerpolicy=\"strict-origin-when-cross-origin\" allowfullscreen><\/iframe><\/p>\n<\/div>\n\n<p>Den h\u00e4r videon inneh\u00e5ller viktiga r\u00e5d. Se till att lyssna noga och ta del av informationen!<\/p>\n\n\t\t<\/div>\n\t\t\t\t\t<\/div>\n\n\t\n\n<\/div>\n<div class=\"row\"  id=\"row-130905047\">\n\n\n\t<div id=\"col-1782626410\" class=\"col medium-4 small-12 large-4\"  >\n\t\t\t\t<div class=\"col-inner\"  >\n\t\t\t\n\t\t\t\n\n<div class=\"video video-fit mb\" style=\"padding-top:56.25%;\"><p><iframe loading=\"lazy\" title=\"Varierande brinntider\" width=\"1020\" height=\"574\" src=\"https:\/\/www.youtube.com\/embed\/v6-WcXlHGkM?feature=oembed\" frameborder=\"0\" allow=\"accelerometer; autoplay; clipboard-write; encrypted-media; gyroscope; picture-in-picture; web-share\" referrerpolicy=\"strict-origin-when-cross-origin\" allowfullscreen><\/iframe><\/p>\n<\/div>\n\n<p>Placeringen av ditt ljus kan p\u00e5verka hur l\u00e4nge det brinner. Titta p\u00e5 videon f\u00f6r att l\u00e4ra dig vad som kan p\u00e5verka brinntiden!<\/p>\n\n\t\t<\/div>\n\t\t\t\t\t<\/div>\n\n\t\n\n<\/div>\n\n","protected":false},"excerpt":{"rendered":"","protected":false},"author":18,"featured_media":0,"parent":0,"menu_order":0,"comment_status":"closed","ping_status":"closed","template":"page-blank.php","meta":{"_acf_changed":false,"footnotes":""},"class_list":["post-6516","page","type-page","status-publish","hentry"],"acf":[],"_links":{"self":[{"href":"https:\/\/doftrum.se\/no\/wp-json\/wp\/v2\/pages\/6516","targetHints":{"allow":["GET"]}}],"collection":[{"href":"https:\/\/doftrum.se\/no\/wp-json\/wp\/v2\/pages"}],"about":[{"href":"https:\/\/doftrum.se\/no\/wp-json\/wp\/v2\/types\/page"}],"author":[{"embeddable":true,"href":"https:\/\/doftrum.se\/no\/wp-json\/wp\/v2\/users\/18"}],"replies":[{"embeddable":true,"href":"https:\/\/doftrum.se\/no\/wp-json\/wp\/v2\/comments?post=6516"}],"version-history":[{"count":3,"href":"https:\/\/doftrum.se\/no\/wp-json\/wp\/v2\/pages\/6516\/revisions"}],"predecessor-version":[{"id":6521,"href":"https:\/\/doftrum.se\/no\/wp-json\/wp\/v2\/pages\/6516\/revisions\/6521"}],"wp:attachment":[{"href":"https:\/\/doftrum.se\/no\/wp-json\/wp\/v2\/media?parent=6516"}],"curies":[{"name":"wp","href":"https:\/\/api.w.org\/{rel}","templated":true}]}}