{"id":6238,"date":"2024-10-16T14:49:20","date_gmt":"2024-10-16T12:49:20","guid":{"rendered":"https:\/\/doftrum.se\/duftpakke-2\/"},"modified":"2024-10-16T14:50:19","modified_gmt":"2024-10-16T12:50:19","slug":"duftpakke-2","status":"publish","type":"page","link":"https:\/\/doftrum.se\/no\/duftpakke-2\/","title":{"rendered":"Duftpakke"},"content":{"rendered":"\n\n  <div class=\"banner has-hover\" id=\"banner-938947347\">\n          <div class=\"banner-inner fill\">\n        <div class=\"banner-bg fill\" >\n            <img loading=\"lazy\" decoding=\"async\" width=\"1920\" height=\"1244\" src=\"https:\/\/doftrum.se\/wp-content\/uploads\/2024\/10\/Julstamning.jpg\" class=\"bg attachment-original size-original\" alt=\"Doftljus med julmotiv fr\u00e5n Yankee Candle och skivade \u00e4pplen i bakgrunden.\" \/>                                    \n                    <\/div>\n\t\t\n        <div class=\"banner-layers container\">\n            <div class=\"fill banner-link\"><\/div>            \n\n   <div id=\"text-box-1751070196\" class=\"text-box banner-layer x50 md-x50 lg-x50 y25 md-y25 lg-y25 res-text\">\n                                <div class=\"text-box-content text dark\">\n              \n              <div class=\"text-inner text-center\">\n                  \n\n<h3 class=\"uppercase\">uppt\u00e4ck v\u00e5ra exklusiva doftpaket!<\/h3>\n<p>Upplev vardagslyx med v\u00e5ra exklusiva doftpaket med dofter fr\u00e5n Yankee Candle och Wood Wick. Oavsett om du vill skapa en mysig atmosf\u00e4r hemma eller ge bort en present, vi har dofter som passar till alla tillf\u00e4llen. L\u00e5t dig inspireras av dofter som f\u00f6rvandlar ditt hem till en plats av lugn och harmoni!<\/p>\n\n              <\/div>\n           <\/div>\n                            \n<style>\n#text-box-1751070196 .text-box-content {\n  background-color: rgba(43, 34, 34, 0.483);\n  font-size: 100%;\n}\n#text-box-1751070196 .text-inner {\n  padding: 10px 10px 10px 10px;\n}\n#text-box-1751070196 {\n  width: 73%;\n}\n<\/style>\n    <\/div>\n \n\n        <\/div>\n      <\/div>\n\n            \n<style>\n#banner-938947347 {\n  padding-top: 550px;\n}\n#banner-938947347 .banner-bg img {\n  object-position: 60% 89%;\n}\n<\/style>\n  <\/div>\n\n\n\t<div id=\"gap-463449172\" class=\"gap-element clearfix\" style=\"display:block; height:auto;\">\n\t\t\n<style>\n#gap-463449172 {\n  padding-top: 20px;\n}\n<\/style>\n\t<\/div>\n\t\n\n<div class=\"container section-title-container\" ><h3 class=\"section-title section-title-center\"><b aria-hidden=\"true\"><\/b><span class=\"section-title-main\" >doftpaket<\/span><b aria-hidden=\"true\"><\/b><\/h3><\/div>\n\n\t\n  \n    <div class=\"row large-columns-4 medium-columns-3 small-columns-2 row-small\" >\n  \n\t     <div class=\"product-small col has-hover product type-product post-6107 status-publish first instock product_cat-ikke-kategorisert has-post-thumbnail shipping-taxable product-type-simple\">\n\t<div class=\"col-inner\">\n\t\n<div class=\"badge-container absolute left top z-1\">\n\n<\/div>\n\t<div class=\"product-small box \">\n\t\t<div class=\"product-rating\">\n\t\t\t<div class=\"star-rating star-rating--inline\" role=\"img\" aria-label=\"Vurdert 4 av 5\"><span style=\"width:80%\">Vurdert <strong class=\"rating\">4<\/strong> av 5<\/span><\/div><span class=\"review-count is-small op-7\">(0)<\/span><br\/>\t\t<\/div>\n\t\t<a href=\"https:\/\/doftrum.se\/no\/produkt\/rent\/\" aria-label=\"Rent\">\n\t\t\t<div class=\"box-image\">\n\t\t\t\t<div class=\"image-fade_in_back image-cover\">\n\t\t\t\t\t\t<img loading=\"lazy\" decoding=\"async\" width=\"1000\" height=\"1257\" src=\"https:\/\/doftrum.se\/wp-content\/uploads\/2024\/10\/staende12-1000x1257.jpg\" class=\"attachment-woocommerce_thumbnail size-woocommerce_thumbnail\" alt=\"Rent\" srcset=\"https:\/\/doftrum.se\/wp-content\/uploads\/2024\/10\/staende12-1000x1257.jpg 1000w, https:\/\/doftrum.se\/wp-content\/uploads\/2024\/10\/staende12-795x1000.jpg 795w, https:\/\/doftrum.se\/wp-content\/uploads\/2024\/10\/staende12-814x1024.jpg 814w, https:\/\/doftrum.se\/wp-content\/uploads\/2024\/10\/staende12-768x966.jpg 768w, https:\/\/doftrum.se\/wp-content\/uploads\/2024\/10\/staende12-1222x1536.jpg 1222w, https:\/\/doftrum.se\/wp-content\/uploads\/2024\/10\/staende12.jpg 1527w\" sizes=\"auto, (max-width: 1000px) 100vw, 1000px\" \/><img loading=\"lazy\" decoding=\"async\" width=\"1000\" height=\"1000\" src=\"https:\/\/doftrum.se\/wp-content\/uploads\/2024\/03\/51630644_1_Clean-Cotton_Large_Lid-1000x1000.png\" class=\"show-on-hover absolute fill hide-for-small back-image\" alt=\"Alternative view of Rent\" aria-hidden=\"true\" srcset=\"https:\/\/doftrum.se\/wp-content\/uploads\/2024\/03\/51630644_1_Clean-Cotton_Large_Lid-1000x1000.png 1000w, https:\/\/doftrum.se\/wp-content\/uploads\/2024\/03\/51630644_1_Clean-Cotton_Large_Lid-100x100.png 100w, https:\/\/doftrum.se\/wp-content\/uploads\/2024\/03\/51630644_1_Clean-Cotton_Large_Lid-1024x1024.png 1024w, https:\/\/doftrum.se\/wp-content\/uploads\/2024\/03\/51630644_1_Clean-Cotton_Large_Lid-768x768.png 768w, https:\/\/doftrum.se\/wp-content\/uploads\/2024\/03\/51630644_1_Clean-Cotton_Large_Lid-1536x1536.png 1536w, https:\/\/doftrum.se\/wp-content\/uploads\/2024\/03\/51630644_1_Clean-Cotton_Large_Lid.png 1920w\" sizes=\"auto, (max-width: 1000px) 100vw, 1000px\" \/>\t\t\t\t<\/div>\n\t\t\t\t<div class=\"image-tools is-small top right show-on-hover\">\n\t\t\t\t\t\t\t\t\t<\/div>\n\t\t\t\t<div class=\"image-tools is-small hide-for-small bottom left show-on-hover\">\n\t\t\t\t\t\t\t\t\t<\/div>\n\t\t\t\t<div class=\"image-tools grid-tools text-center hide-for-small bottom hover-slide-in show-on-hover\">\n\t\t\t\t\t\t\t\t\t<\/div>\n\t\t\t\t\t\t\t<\/div>\n\t\t<\/a>\n\t\t<div class=\"box-text box-text-products\">\n\t\t<a class=\"overlay-link\" href=\"https:\/\/doftrum.se\/no\/produkt\/rent\/\" aria-label=\"Rent\"><\/a>\n\t\t\t<h3 class=\"product-title\"><a href=\"https:\/\/doftrum.se\/no\/produkt\/rent\/\" aria-label=\"Rent\">Rent<\/a><\/h3>\n\t\t\t<div class=\"price-wrapper\">\n\t\t\t\t<div class=\"star-rating star-rating--inline\" role=\"img\" aria-label=\"Vurdert 4 av 5\"><span style=\"width:80%\">Vurdert <strong class=\"rating\">4<\/strong> av 5<\/span><\/div><span class=\"review-count is-small op-8\" aria-label=\"0 omtaler\">(0)<\/span><stock-price-element-widget product-id=\"2452\" align=\"left\"><\/stock-price-element-widget>\t\t\t<\/div>\n\t\t\t<a href=\"https:\/\/doftrum.se\/no\/produkt\/rent\/\" class=\"button primary\"><span>Les mer og kj\u00f8p<\/span><\/a>\n\t\t<\/div>\n\t<\/div>\n\t\t\t<\/div>\n<\/div><div class=\"product-small col has-hover product type-product post-6128 status-publish instock product_cat-duftlys-no-2 has-post-thumbnail shipping-taxable product-type-simple\">\n\t<div class=\"col-inner\">\n\t\n<div class=\"badge-container absolute left top z-1\">\n\n<\/div>\n\t<div class=\"product-small box \">\n\t\t<div class=\"product-rating\">\n\t\t\t<div class=\"star-rating star-rating--inline\" role=\"img\" aria-label=\"Vurdert 4.67 av 5\"><span style=\"width:93.4%\">Vurdert <strong class=\"rating\">4.67<\/strong> av 5<\/span><\/div><span class=\"review-count is-small op-7\">(0)<\/span><br\/>\t\t<\/div>\n\t\t<a href=\"https:\/\/doftrum.se\/no\/produkt\/energi\/\" aria-label=\"Energi\">\n\t\t\t<div class=\"box-image\">\n\t\t\t\t<div class=\"image-fade_in_back image-cover\">\n\t\t\t\t\t\t<img loading=\"lazy\" decoding=\"async\" width=\"1000\" height=\"1257\" src=\"https:\/\/doftrum.se\/wp-content\/uploads\/2024\/10\/staende9-1000x1257.jpg\" class=\"attachment-woocommerce_thumbnail size-woocommerce_thumbnail\" alt=\"Energi\" srcset=\"https:\/\/doftrum.se\/wp-content\/uploads\/2024\/10\/staende9-1000x1257.jpg 1000w, https:\/\/doftrum.se\/wp-content\/uploads\/2024\/10\/staende9-795x1000.jpg 795w, https:\/\/doftrum.se\/wp-content\/uploads\/2024\/10\/staende9-814x1024.jpg 814w, https:\/\/doftrum.se\/wp-content\/uploads\/2024\/10\/staende9-768x966.jpg 768w, https:\/\/doftrum.se\/wp-content\/uploads\/2024\/10\/staende9-1222x1536.jpg 1222w, https:\/\/doftrum.se\/wp-content\/uploads\/2024\/10\/staende9.jpg 1527w\" sizes=\"auto, (max-width: 1000px) 100vw, 1000px\" \/><img loading=\"lazy\" decoding=\"async\" width=\"1000\" height=\"1000\" src=\"https:\/\/doftrum.se\/wp-content\/uploads\/2024\/03\/540886_1-1000x1000.jpg\" class=\"show-on-hover absolute fill hide-for-small back-image\" alt=\"Alternative view of Energi\" aria-hidden=\"true\" srcset=\"https:\/\/doftrum.se\/wp-content\/uploads\/2024\/03\/540886_1-1000x1000.jpg 1000w, https:\/\/doftrum.se\/wp-content\/uploads\/2024\/03\/540886_1-100x100.jpg 100w, https:\/\/doftrum.se\/wp-content\/uploads\/2024\/03\/540886_1-1024x1024.jpg 1024w, https:\/\/doftrum.se\/wp-content\/uploads\/2024\/03\/540886_1-768x768.jpg 768w, https:\/\/doftrum.se\/wp-content\/uploads\/2024\/03\/540886_1-1536x1536.jpg 1536w, https:\/\/doftrum.se\/wp-content\/uploads\/2024\/03\/540886_1.jpg 1920w\" sizes=\"auto, (max-width: 1000px) 100vw, 1000px\" \/>\t\t\t\t<\/div>\n\t\t\t\t<div class=\"image-tools is-small top right show-on-hover\">\n\t\t\t\t\t\t\t\t\t<\/div>\n\t\t\t\t<div class=\"image-tools is-small hide-for-small bottom left show-on-hover\">\n\t\t\t\t\t\t\t\t\t<\/div>\n\t\t\t\t<div class=\"image-tools grid-tools text-center hide-for-small bottom hover-slide-in show-on-hover\">\n\t\t\t\t\t\t\t\t\t<\/div>\n\t\t\t\t\t\t\t<\/div>\n\t\t<\/a>\n\t\t<div class=\"box-text box-text-products\">\n\t\t<a class=\"overlay-link\" href=\"https:\/\/doftrum.se\/no\/produkt\/energi\/\" aria-label=\"Energi\"><\/a>\n\t\t\t<h3 class=\"product-title\"><a href=\"https:\/\/doftrum.se\/no\/produkt\/energi\/\" aria-label=\"Energi\">Energi<\/a><\/h3>\n\t\t\t<div class=\"price-wrapper\">\n\t\t\t\t<div class=\"star-rating star-rating--inline\" role=\"img\" aria-label=\"Vurdert 4.67 av 5\"><span style=\"width:93.4%\">Vurdert <strong class=\"rating\">4.67<\/strong> av 5<\/span><\/div><span class=\"review-count is-small op-8\" aria-label=\"0 omtaler\">(0)<\/span><stock-price-element-widget product-id=\"2453\" align=\"left\"><\/stock-price-element-widget>\t\t\t<\/div>\n\t\t\t<a href=\"https:\/\/doftrum.se\/no\/produkt\/energi\/\" class=\"button primary\"><span>Les mer og kj\u00f8p<\/span><\/a>\n\t\t<\/div>\n\t<\/div>\n\t\t\t<\/div>\n<\/div><div class=\"product-small col has-hover product type-product post-6127 status-publish instock product_cat-ikke-kategorisert has-post-thumbnail shipping-taxable product-type-simple\">\n\t<div class=\"col-inner\">\n\t\n<div class=\"badge-container absolute left top z-1\">\n\n<\/div>\n\t<div class=\"product-small box \">\n\t\t<div class=\"product-rating\">\n\t\t\t<div class=\"star-rating star-rating--inline\" role=\"img\" aria-label=\"Vurdert 5 av 5\"><span style=\"width:100%\">Vurdert <strong class=\"rating\">5<\/strong> av 5<\/span><\/div><span class=\"review-count is-small op-7\">(0)<\/span><br\/>\t\t<\/div>\n\t\t<a href=\"https:\/\/doftrum.se\/no\/produkt\/relax\/\" aria-label=\"Relax\">\n\t\t\t<div class=\"box-image\">\n\t\t\t\t<div class=\"image-fade_in_back image-cover\">\n\t\t\t\t\t\t<img loading=\"lazy\" decoding=\"async\" width=\"1000\" height=\"1257\" src=\"https:\/\/doftrum.se\/wp-content\/uploads\/2024\/10\/staende11-1000x1257.jpg\" class=\"attachment-woocommerce_thumbnail size-woocommerce_thumbnail\" alt=\"Relax\" srcset=\"https:\/\/doftrum.se\/wp-content\/uploads\/2024\/10\/staende11-1000x1257.jpg 1000w, https:\/\/doftrum.se\/wp-content\/uploads\/2024\/10\/staende11-795x1000.jpg 795w, https:\/\/doftrum.se\/wp-content\/uploads\/2024\/10\/staende11-814x1024.jpg 814w, https:\/\/doftrum.se\/wp-content\/uploads\/2024\/10\/staende11-768x966.jpg 768w, https:\/\/doftrum.se\/wp-content\/uploads\/2024\/10\/staende11-1222x1536.jpg 1222w, https:\/\/doftrum.se\/wp-content\/uploads\/2024\/10\/staende11.jpg 1527w\" sizes=\"auto, (max-width: 1000px) 100vw, 1000px\" \/><img loading=\"lazy\" decoding=\"async\" width=\"1000\" height=\"1000\" src=\"https:\/\/doftrum.se\/wp-content\/uploads\/2024\/03\/531903_2-1000x1000.jpg\" class=\"show-on-hover absolute fill hide-for-small back-image\" alt=\"Alternative view of Relax\" aria-hidden=\"true\" srcset=\"https:\/\/doftrum.se\/wp-content\/uploads\/2024\/03\/531903_2-1000x1000.jpg 1000w, https:\/\/doftrum.se\/wp-content\/uploads\/2024\/03\/531903_2-100x100.jpg 100w, https:\/\/doftrum.se\/wp-content\/uploads\/2024\/03\/531903_2-1024x1024.jpg 1024w, https:\/\/doftrum.se\/wp-content\/uploads\/2024\/03\/531903_2-768x768.jpg 768w, https:\/\/doftrum.se\/wp-content\/uploads\/2024\/03\/531903_2-1536x1536.jpg 1536w, https:\/\/doftrum.se\/wp-content\/uploads\/2024\/03\/531903_2.jpg 1920w\" sizes=\"auto, (max-width: 1000px) 100vw, 1000px\" \/>\t\t\t\t<\/div>\n\t\t\t\t<div class=\"image-tools is-small top right show-on-hover\">\n\t\t\t\t\t\t\t\t\t<\/div>\n\t\t\t\t<div class=\"image-tools is-small hide-for-small bottom left show-on-hover\">\n\t\t\t\t\t\t\t\t\t<\/div>\n\t\t\t\t<div class=\"image-tools grid-tools text-center hide-for-small bottom hover-slide-in show-on-hover\">\n\t\t\t\t\t\t\t\t\t<\/div>\n\t\t\t\t\t\t\t<\/div>\n\t\t<\/a>\n\t\t<div class=\"box-text box-text-products\">\n\t\t<a class=\"overlay-link\" href=\"https:\/\/doftrum.se\/no\/produkt\/relax\/\" aria-label=\"Relax\"><\/a>\n\t\t\t<h3 class=\"product-title\"><a href=\"https:\/\/doftrum.se\/no\/produkt\/relax\/\" aria-label=\"Relax\">Relax<\/a><\/h3>\n\t\t\t<div class=\"price-wrapper\">\n\t\t\t\t<div class=\"star-rating star-rating--inline\" role=\"img\" aria-label=\"Vurdert 5 av 5\"><span style=\"width:100%\">Vurdert <strong class=\"rating\">5<\/strong> av 5<\/span><\/div><span class=\"review-count is-small op-8\" aria-label=\"0 omtaler\">(0)<\/span><stock-price-element-widget product-id=\"2454\" align=\"left\"><\/stock-price-element-widget>\t\t\t<\/div>\n\t\t\t<a href=\"https:\/\/doftrum.se\/no\/produkt\/relax\/\" class=\"button primary\"><span>Les mer og kj\u00f8p<\/span><\/a>\n\t\t<\/div>\n\t<\/div>\n\t\t\t<\/div>\n<\/div><div class=\"product-small col has-hover product type-product post-6126 status-publish last instock product_cat-ikke-kategorisert has-post-thumbnail shipping-taxable product-type-simple\">\n\t<div class=\"col-inner\">\n\t\n<div class=\"badge-container absolute left top z-1\">\n\n<\/div>\n\t<div class=\"product-small box \">\n\t\t<div class=\"product-rating\">\n\t\t\t<div class=\"star-rating star-rating--inline\" role=\"img\" aria-label=\"Vurdert 5 av 5\"><span style=\"width:100%\">Vurdert <strong class=\"rating\">5<\/strong> av 5<\/span><\/div><span class=\"review-count is-small op-7\">(0)<\/span><br\/>\t\t<\/div>\n\t\t<a href=\"https:\/\/doftrum.se\/no\/produkt\/julstamning\/\" aria-label=\"Julst\u00e4mning\">\n\t\t\t<div class=\"box-image\">\n\t\t\t\t<div class=\"image-fade_in_back image-cover\">\n\t\t\t\t\t\t<img loading=\"lazy\" decoding=\"async\" width=\"1000\" height=\"1257\" src=\"https:\/\/doftrum.se\/wp-content\/uploads\/2024\/10\/staende13-1000x1257.jpg\" class=\"attachment-woocommerce_thumbnail size-woocommerce_thumbnail\" alt=\"Julst\u00e4mning\" srcset=\"https:\/\/doftrum.se\/wp-content\/uploads\/2024\/10\/staende13-1000x1257.jpg 1000w, https:\/\/doftrum.se\/wp-content\/uploads\/2024\/10\/staende13-795x1000.jpg 795w, https:\/\/doftrum.se\/wp-content\/uploads\/2024\/10\/staende13-814x1024.jpg 814w, https:\/\/doftrum.se\/wp-content\/uploads\/2024\/10\/staende13-768x966.jpg 768w, https:\/\/doftrum.se\/wp-content\/uploads\/2024\/10\/staende13-1222x1536.jpg 1222w, https:\/\/doftrum.se\/wp-content\/uploads\/2024\/10\/staende13.jpg 1527w\" sizes=\"auto, (max-width: 1000px) 100vw, 1000px\" \/><img loading=\"lazy\" decoding=\"async\" width=\"1000\" height=\"1000\" src=\"https:\/\/doftrum.se\/wp-content\/uploads\/2024\/06\/51631776_Christmas-Eve_Large-Signature-1000x1000.png\" class=\"show-on-hover absolute fill hide-for-small back-image\" alt=\"Alternative view of Julst\u00e4mning\" aria-hidden=\"true\" srcset=\"https:\/\/doftrum.se\/wp-content\/uploads\/2024\/06\/51631776_Christmas-Eve_Large-Signature-1000x1000.png 1000w, https:\/\/doftrum.se\/wp-content\/uploads\/2024\/06\/51631776_Christmas-Eve_Large-Signature-1024x1024.png 1024w, https:\/\/doftrum.se\/wp-content\/uploads\/2024\/06\/51631776_Christmas-Eve_Large-Signature-768x768.png 768w, https:\/\/doftrum.se\/wp-content\/uploads\/2024\/06\/51631776_Christmas-Eve_Large-Signature-1536x1536.png 1536w, https:\/\/doftrum.se\/wp-content\/uploads\/2024\/06\/51631776_Christmas-Eve_Large-Signature-100x100.png 100w, https:\/\/doftrum.se\/wp-content\/uploads\/2024\/06\/51631776_Christmas-Eve_Large-Signature.png 1920w\" sizes=\"auto, (max-width: 1000px) 100vw, 1000px\" \/>\t\t\t\t<\/div>\n\t\t\t\t<div class=\"image-tools is-small top right show-on-hover\">\n\t\t\t\t\t\t\t\t\t<\/div>\n\t\t\t\t<div class=\"image-tools is-small hide-for-small bottom left show-on-hover\">\n\t\t\t\t\t\t\t\t\t<\/div>\n\t\t\t\t<div class=\"image-tools grid-tools text-center hide-for-small bottom hover-slide-in show-on-hover\">\n\t\t\t\t\t\t\t\t\t<\/div>\n\t\t\t\t\t\t\t<\/div>\n\t\t<\/a>\n\t\t<div class=\"box-text box-text-products\">\n\t\t<a class=\"overlay-link\" href=\"https:\/\/doftrum.se\/no\/produkt\/julstamning\/\" aria-label=\"Julst\u00e4mning\"><\/a>\n\t\t\t<h3 class=\"product-title\"><a href=\"https:\/\/doftrum.se\/no\/produkt\/julstamning\/\" aria-label=\"Julst\u00e4mning\">Julst\u00e4mning<\/a><\/h3>\n\t\t\t<div class=\"price-wrapper\">\n\t\t\t\t<div class=\"star-rating star-rating--inline\" role=\"img\" aria-label=\"Vurdert 5 av 5\"><span style=\"width:100%\">Vurdert <strong class=\"rating\">5<\/strong> av 5<\/span><\/div><span class=\"review-count is-small op-8\" aria-label=\"0 omtaler\">(0)<\/span><stock-price-element-widget product-id=\"2458\" align=\"left\"><\/stock-price-element-widget>\t\t\t<\/div>\n\t\t\t<a href=\"https:\/\/doftrum.se\/no\/produkt\/julstamning\/\" class=\"button primary\"><span>Les mer og kj\u00f8p<\/span><\/a>\n\t\t<\/div>\n\t<\/div>\n\t\t\t<\/div>\n<\/div><div class=\"product-small col has-hover product type-product post-6121 status-publish first instock product_cat-ikke-kategorisert has-post-thumbnail shipping-taxable product-type-simple\">\n\t<div class=\"col-inner\">\n\t\n<div class=\"badge-container absolute left top z-1\">\n\n<\/div>\n\t<div class=\"product-small box \">\n\t\t<div class=\"product-rating\">\n\t\t\t<div class=\"star-rating star-rating--inline\" role=\"img\" aria-label=\"Vurdert 5 av 5\"><span style=\"width:100%\">Vurdert <strong class=\"rating\">5<\/strong> av 5<\/span><\/div><span class=\"review-count is-small op-7\">(0)<\/span><br\/>\t\t<\/div>\n\t\t<a href=\"https:\/\/doftrum.se\/no\/produkt\/lyx\/\" aria-label=\"Lyx\">\n\t\t\t<div class=\"box-image\">\n\t\t\t\t<div class=\"image-fade_in_back image-cover\">\n\t\t\t\t\t\t<img loading=\"lazy\" decoding=\"async\" width=\"1000\" height=\"1257\" src=\"https:\/\/doftrum.se\/wp-content\/uploads\/2024\/10\/staende14-1000x1257.jpg\" class=\"attachment-woocommerce_thumbnail size-woocommerce_thumbnail\" alt=\"Lyx\" srcset=\"https:\/\/doftrum.se\/wp-content\/uploads\/2024\/10\/staende14-1000x1257.jpg 1000w, https:\/\/doftrum.se\/wp-content\/uploads\/2024\/10\/staende14-795x1000.jpg 795w, https:\/\/doftrum.se\/wp-content\/uploads\/2024\/10\/staende14-814x1024.jpg 814w, https:\/\/doftrum.se\/wp-content\/uploads\/2024\/10\/staende14-768x966.jpg 768w, https:\/\/doftrum.se\/wp-content\/uploads\/2024\/10\/staende14-1222x1536.jpg 1222w, https:\/\/doftrum.se\/wp-content\/uploads\/2024\/10\/staende14.jpg 1527w\" sizes=\"auto, (max-width: 1000px) 100vw, 1000px\" \/><img loading=\"lazy\" decoding=\"async\" width=\"1000\" height=\"1000\" src=\"https:\/\/doftrum.se\/wp-content\/uploads\/2024\/03\/592104_Cinnamon-Chai-1-1000x1000.jpg\" class=\"show-on-hover absolute fill hide-for-small back-image\" alt=\"Alternative view of Lyx\" aria-hidden=\"true\" srcset=\"https:\/\/doftrum.se\/wp-content\/uploads\/2024\/03\/592104_Cinnamon-Chai-1-1000x1000.jpg 1000w, https:\/\/doftrum.se\/wp-content\/uploads\/2024\/03\/592104_Cinnamon-Chai-1-100x100.jpg 100w, https:\/\/doftrum.se\/wp-content\/uploads\/2024\/03\/592104_Cinnamon-Chai-1-1024x1024.jpg 1024w, https:\/\/doftrum.se\/wp-content\/uploads\/2024\/03\/592104_Cinnamon-Chai-1-768x768.jpg 768w, https:\/\/doftrum.se\/wp-content\/uploads\/2024\/03\/592104_Cinnamon-Chai-1-1536x1536.jpg 1536w, https:\/\/doftrum.se\/wp-content\/uploads\/2024\/03\/592104_Cinnamon-Chai-1.jpg 1920w\" sizes=\"auto, (max-width: 1000px) 100vw, 1000px\" \/>\t\t\t\t<\/div>\n\t\t\t\t<div class=\"image-tools is-small top right show-on-hover\">\n\t\t\t\t\t\t\t\t\t<\/div>\n\t\t\t\t<div class=\"image-tools is-small hide-for-small bottom left show-on-hover\">\n\t\t\t\t\t\t\t\t\t<\/div>\n\t\t\t\t<div class=\"image-tools grid-tools text-center hide-for-small bottom hover-slide-in show-on-hover\">\n\t\t\t\t\t\t\t\t\t<\/div>\n\t\t\t\t\t\t\t<\/div>\n\t\t<\/a>\n\t\t<div class=\"box-text box-text-products\">\n\t\t<a class=\"overlay-link\" href=\"https:\/\/doftrum.se\/no\/produkt\/lyx\/\" aria-label=\"Lyx\"><\/a>\n\t\t\t<h3 class=\"product-title\"><a href=\"https:\/\/doftrum.se\/no\/produkt\/lyx\/\" aria-label=\"Lyx\">Lyx<\/a><\/h3>\n\t\t\t<div class=\"price-wrapper\">\n\t\t\t\t<div class=\"star-rating star-rating--inline\" role=\"img\" aria-label=\"Vurdert 5 av 5\"><span style=\"width:100%\">Vurdert <strong class=\"rating\">5<\/strong> av 5<\/span><\/div><span class=\"review-count is-small op-8\" aria-label=\"0 omtaler\">(0)<\/span><stock-price-element-widget product-id=\"2456\" align=\"left\"><\/stock-price-element-widget>\t\t\t<\/div>\n\t\t\t<a href=\"https:\/\/doftrum.se\/no\/produkt\/lyx\/\" class=\"button primary\"><span>Les mer og kj\u00f8p<\/span><\/a>\n\t\t<\/div>\n\t<\/div>\n\t\t\t<\/div>\n<\/div><div class=\"product-small col has-hover product type-product post-6114 status-publish instock product_cat-ikke-kategorisert has-post-thumbnail shipping-taxable product-type-simple\">\n\t<div class=\"col-inner\">\n\t\n<div class=\"badge-container absolute left top z-1\">\n\n<\/div>\n\t<div class=\"product-small box \">\n\t\t<div class=\"product-rating\">\n\t\t\t<div class=\"star-rating star-rating--inline\" role=\"img\" aria-label=\"Vurdert 4.5 av 5\"><span style=\"width:90%\">Vurdert <strong class=\"rating\">4.5<\/strong> av 5<\/span><\/div><span class=\"review-count is-small op-7\">(0)<\/span><br\/>\t\t<\/div>\n\t\t<a href=\"https:\/\/doftrum.se\/no\/produkt\/citrus\/\" aria-label=\"Citrus\">\n\t\t\t<div class=\"box-image\">\n\t\t\t\t<div class=\"image-fade_in_back image-cover\">\n\t\t\t\t\t\t<img loading=\"lazy\" decoding=\"async\" width=\"1000\" height=\"1257\" src=\"https:\/\/doftrum.se\/wp-content\/uploads\/2024\/10\/staende8-1000x1257.jpg\" class=\"attachment-woocommerce_thumbnail size-woocommerce_thumbnail\" alt=\"Citrus\" srcset=\"https:\/\/doftrum.se\/wp-content\/uploads\/2024\/10\/staende8-1000x1257.jpg 1000w, https:\/\/doftrum.se\/wp-content\/uploads\/2024\/10\/staende8-795x1000.jpg 795w, https:\/\/doftrum.se\/wp-content\/uploads\/2024\/10\/staende8-814x1024.jpg 814w, https:\/\/doftrum.se\/wp-content\/uploads\/2024\/10\/staende8-768x966.jpg 768w, https:\/\/doftrum.se\/wp-content\/uploads\/2024\/10\/staende8-1222x1536.jpg 1222w, https:\/\/doftrum.se\/wp-content\/uploads\/2024\/10\/staende8.jpg 1527w\" sizes=\"auto, (max-width: 1000px) 100vw, 1000px\" \/><img loading=\"lazy\" decoding=\"async\" width=\"1000\" height=\"1000\" src=\"https:\/\/doftrum.se\/wp-content\/uploads\/2024\/03\/51728873_Cucumber_Mint_Cooler_Large_Tumbler_LIT1-2-1000x1000.png\" class=\"show-on-hover absolute fill hide-for-small back-image\" alt=\"Alternative view of Citrus\" aria-hidden=\"true\" srcset=\"https:\/\/doftrum.se\/wp-content\/uploads\/2024\/03\/51728873_Cucumber_Mint_Cooler_Large_Tumbler_LIT1-2-1000x1000.png 1000w, https:\/\/doftrum.se\/wp-content\/uploads\/2024\/03\/51728873_Cucumber_Mint_Cooler_Large_Tumbler_LIT1-2-100x100.png 100w, https:\/\/doftrum.se\/wp-content\/uploads\/2024\/03\/51728873_Cucumber_Mint_Cooler_Large_Tumbler_LIT1-2-1024x1024.png 1024w, https:\/\/doftrum.se\/wp-content\/uploads\/2024\/03\/51728873_Cucumber_Mint_Cooler_Large_Tumbler_LIT1-2-768x768.png 768w, https:\/\/doftrum.se\/wp-content\/uploads\/2024\/03\/51728873_Cucumber_Mint_Cooler_Large_Tumbler_LIT1-2-1536x1536.png 1536w, https:\/\/doftrum.se\/wp-content\/uploads\/2024\/03\/51728873_Cucumber_Mint_Cooler_Large_Tumbler_LIT1-2.png 2048w\" sizes=\"auto, (max-width: 1000px) 100vw, 1000px\" \/>\t\t\t\t<\/div>\n\t\t\t\t<div class=\"image-tools is-small top right show-on-hover\">\n\t\t\t\t\t\t\t\t\t<\/div>\n\t\t\t\t<div class=\"image-tools is-small hide-for-small bottom left show-on-hover\">\n\t\t\t\t\t\t\t\t\t<\/div>\n\t\t\t\t<div class=\"image-tools grid-tools text-center hide-for-small bottom hover-slide-in show-on-hover\">\n\t\t\t\t\t\t\t\t\t<\/div>\n\t\t\t\t\t\t\t<\/div>\n\t\t<\/a>\n\t\t<div class=\"box-text box-text-products\">\n\t\t<a class=\"overlay-link\" href=\"https:\/\/doftrum.se\/no\/produkt\/citrus\/\" aria-label=\"Citrus\"><\/a>\n\t\t\t<h3 class=\"product-title\"><a href=\"https:\/\/doftrum.se\/no\/produkt\/citrus\/\" aria-label=\"Citrus\">Citrus<\/a><\/h3>\n\t\t\t<div class=\"price-wrapper\">\n\t\t\t\t<div class=\"star-rating star-rating--inline\" role=\"img\" aria-label=\"Vurdert 4.5 av 5\"><span style=\"width:90%\">Vurdert <strong class=\"rating\">4.5<\/strong> av 5<\/span><\/div><span class=\"review-count is-small op-8\" aria-label=\"0 omtaler\">(0)<\/span><stock-price-element-widget product-id=\"2455\" align=\"left\"><\/stock-price-element-widget>\t\t\t<\/div>\n\t\t\t<a href=\"https:\/\/doftrum.se\/no\/produkt\/citrus\/\" class=\"button primary\"><span>Les mer og kj\u00f8p<\/span><\/a>\n\t\t<\/div>\n\t<\/div>\n\t\t\t<\/div>\n<\/div><\/div>\n\n\t<div id=\"gap-1314462195\" class=\"gap-element clearfix\" style=\"display:block; height:auto;\">\n\t\t\n<style>\n#gap-1314462195 {\n  padding-top: 20px;\n}\n<\/style>\n\t<\/div>\n\t\n\n\t<div id=\"text-1785187776\" class=\"text\">\n\t\t\n\n<p><span data-text-color=\"secondary\">Med v\u00e5ra utvalda doftpaket kan du f\u00f6rvandla sm\u00e5 \u00f6gonblick till minnesv\u00e4rda stunder! \u00c4ven perfekta f\u00f6r att skapa en inbjudande och behaglig atmosf\u00e4r i ditt hem. Med ett brett utbud av doftljus och andra rumsdofter kan du enkelt anpassa doften efter varje rum och tillf\u00e4lle. Oavsett om du f\u00f6redrar friska, blommiga eller kryddiga dofter, har vi ett paket som passar just dina behov. Kika igenom v\u00e5ra alternativ och hitta den perfekta kombinationen f\u00f6r att lyfta din hemmamilj\u00f6 med l\u00e5ngvariga och h\u00f6gkvalitativa dofter.\u00a0<\/span><\/p>\n\t\t\n<style>\n#text-1785187776 {\n  font-size: 2.55rem;\n  text-align: center;\n}\n<\/style>\n\t<\/div>\n\t\n\n","protected":false},"excerpt":{"rendered":"","protected":false},"author":18,"featured_media":0,"parent":0,"menu_order":0,"comment_status":"closed","ping_status":"closed","template":"page-blank.php","meta":{"_acf_changed":false,"footnotes":""},"class_list":["post-6238","page","type-page","status-publish","hentry"],"acf":[],"_links":{"self":[{"href":"https:\/\/doftrum.se\/no\/wp-json\/wp\/v2\/pages\/6238","targetHints":{"allow":["GET"]}}],"collection":[{"href":"https:\/\/doftrum.se\/no\/wp-json\/wp\/v2\/pages"}],"about":[{"href":"https:\/\/doftrum.se\/no\/wp-json\/wp\/v2\/types\/page"}],"author":[{"embeddable":true,"href":"https:\/\/doftrum.se\/no\/wp-json\/wp\/v2\/users\/18"}],"replies":[{"embeddable":true,"href":"https:\/\/doftrum.se\/no\/wp-json\/wp\/v2\/comments?post=6238"}],"version-history":[{"count":2,"href":"https:\/\/doftrum.se\/no\/wp-json\/wp\/v2\/pages\/6238\/revisions"}],"predecessor-version":[{"id":6241,"href":"https:\/\/doftrum.se\/no\/wp-json\/wp\/v2\/pages\/6238\/revisions\/6241"}],"wp:attachment":[{"href":"https:\/\/doftrum.se\/no\/wp-json\/wp\/v2\/media?parent=6238"}],"curies":[{"name":"wp","href":"https:\/\/api.w.org\/{rel}","templated":true}]}}