{"id":5878,"date":"2024-10-01T11:08:06","date_gmt":"2024-10-01T09:08:06","guid":{"rendered":"https:\/\/doftrum.se\/manedens-duft\/"},"modified":"2024-10-01T11:09:22","modified_gmt":"2024-10-01T09:09:22","slug":"manedens-duft","status":"publish","type":"page","link":"https:\/\/doftrum.se\/no\/manedens-duft\/","title":{"rendered":"M\u00e5nedens duft"},"content":{"rendered":"\n\n\t<section class=\"section\" id=\"section_2007418237\">\n\t\t<div class=\"section-bg fill\" >\n\t\t\t\t\t\t\t\t\t\n\t\t\t\n\t<div class=\"is-border\"\n\t\tstyle=\"border-color:rgb(235, 235, 235);border-width:1px 0px 0px 0px;\">\n\t<\/div>\n\n\t\t<\/div>\n\n\t\t\n\n\t\t<div class=\"section-content relative\">\n\t\t\t\n\n<div class=\"row row-large align-middle align-center\"  id=\"row-1965821473\">\n\n\n\t<div id=\"col-435315156\" class=\"col medium-6 small-12 large-6\"  >\n\t\t\t\t<div class=\"col-inner text-center\"  >\n\t\t\t\n\t\t\t\n\n<h2>Upplev m\u00e5nadens doft!<\/h2>\n<p>V\u00e4lkomna h\u00f6sten med m\u00e5nadens doft, Amber &amp; Sandalwood. Amber &amp; Sandalwood \u00e4r en elegant och varm kombination av dofter som f\u00e5ngar naturens sk\u00f6nhet i varje nyans. Med en bas av sandeltr\u00e4 skapar den en mjuk och tr\u00e4ig grund som ger en k\u00e4nsla av stabilitet och ro. Den gyllene b\u00e4rnstenen tillf\u00f6r en djup v\u00e4rme, n\u00e4stan som en varm solnedg\u00e5ng, medan inslag av drivved ger en frisk, havsinspirerad friskhet.<\/p>\n<p>I doftens hj\u00e4rta ligger kardemummans varma kryddighet, som balanserar tr\u00e4tonerna med en subtil s\u00f6tma. Amber &amp; Sandalwood \u00e4r en doft som omfamnar dig med mjuka, kryddiga och tr\u00e4iga noter, perfekt f\u00f6r att v\u00e4lkomna lugnet och v\u00e4rmen i varje stund.<\/p>\n\n\t\t<\/div>\n\t\t\t\t\t<\/div>\n\n\t\n\n\t<div id=\"col-1812362625\" class=\"col medium-6 small-12 large-6\"  >\n\t\t\t\t<div class=\"col-inner box-shadow-2 box-shadow-5-hover\" style=\"background-color:rgb(255, 255, 255);\" >\n\t\t\t\n\t\t\t\n\n<div class=\"slider-wrapper relative\" id=\"slider-551773625\" >\n    <div class=\"slider slider-nav-circle slider-nav-large slider-nav-light slider-style-normal\"\n        data-flickity-options='{\n            \"cellAlign\": \"center\",\n            \"imagesLoaded\": true,\n            \"lazyLoad\": 1,\n            \"freeScroll\": false,\n            \"wrapAround\": true,\n            \"autoPlay\": 6000,\n            \"pauseAutoPlayOnHover\" : true,\n            \"prevNextButtons\": true,\n            \"contain\" : true,\n            \"adaptiveHeight\" : true,\n            \"dragThreshold\" : 10,\n            \"percentPosition\": true,\n            \"pageDots\": true,\n            \"rightToLeft\": false,\n            \"draggable\": true,\n            \"selectedAttraction\": 0.1,\n            \"parallax\" : 0,\n            \"friction\": 0.6        }'\n        >\n        \n\n\t<div class=\"img has-hover x md-x lg-x y md-y lg-y\" id=\"image_543133586\">\n\t\t\t\t\t\t\t\t<div class=\"img-inner image-cover dark\" style=\"padding-top:100%;\">\n\t\t\t<img loading=\"lazy\" decoding=\"async\" width=\"1280\" height=\"1920\" src=\"https:\/\/doftrum.se\/wp-content\/uploads\/2024\/03\/Amber-Sandalwood_Med_Large.jpg\" class=\"attachment-original size-original\" alt=\"Doftljus i elegant sovrum f\u00f6r hemtrevlig st\u00e4mning.\" srcset=\"https:\/\/doftrum.se\/wp-content\/uploads\/2024\/03\/Amber-Sandalwood_Med_Large.jpg 1280w, https:\/\/doftrum.se\/wp-content\/uploads\/2024\/03\/Amber-Sandalwood_Med_Large-1000x1500.jpg 1000w, https:\/\/doftrum.se\/wp-content\/uploads\/2024\/03\/Amber-Sandalwood_Med_Large-667x1000.jpg 667w, https:\/\/doftrum.se\/wp-content\/uploads\/2024\/03\/Amber-Sandalwood_Med_Large-683x1024.jpg 683w, https:\/\/doftrum.se\/wp-content\/uploads\/2024\/03\/Amber-Sandalwood_Med_Large-768x1152.jpg 768w, https:\/\/doftrum.se\/wp-content\/uploads\/2024\/03\/Amber-Sandalwood_Med_Large-1024x1536.jpg 1024w\" sizes=\"auto, (max-width: 1280px) 100vw, 1280px\" \/>\t\t\t\t\t\t\n\t\t\t\t\t<\/div>\n\t\t\t\t\t\t\t\t\n<style>\n#image_543133586 {\n  width: 100%;\n}\n<\/style>\n\t<\/div>\n\t\n\n\n     <\/div>\n\n     <div class=\"loading-spin dark large centered\"><\/div>\n\n\t<\/div>\n\n\n\n\t\t<\/div>\n\t\t\t\t\n<style>\n#col-1812362625 > .col-inner {\n  padding: 15px 15px 15px 15px;\n}\n<\/style>\n\t<\/div>\n\n\t\n\n<\/div>\n\n\t\t<\/div>\n\n\t\t\n<style>\n#section_2007418237 {\n  padding-top: 59px;\n  padding-bottom: 59px;\n  min-height: 300px;\n  background-color: #774f46;\n}\n<\/style>\n\t<\/section>\n\t\n\t<div id=\"gap-274454628\" class=\"gap-element clearfix\" style=\"display:block; height:auto;\">\n\t\t\n<style>\n#gap-274454628 {\n  padding-top: 30px;\n}\n<\/style>\n\t<\/div>\n\t\n\n\t\n  \n    <div class=\"row large-columns-3 medium-columns- small-columns-2 row-small slider row-slider slider-nav-reveal slider-nav-push\"  data-flickity-options='{&quot;imagesLoaded&quot;: true, &quot;groupCells&quot;: &quot;100%&quot;, &quot;dragThreshold&quot; : 5, &quot;cellAlign&quot;: &quot;left&quot;,&quot;wrapAround&quot;: true,&quot;prevNextButtons&quot;: true,&quot;percentPosition&quot;: true,&quot;pageDots&quot;: false, &quot;rightToLeft&quot;: false, &quot;autoPlay&quot; : false}' >\n\n  \n\t     <div class=\"product-small col has-hover product type-product post-4590 status-publish first instock product_cat-duftlys-no-2 product_tag-yc-no has-post-thumbnail product-type-simple\">\n\t<div class=\"col-inner\">\n\t\n<div class=\"badge-container absolute left top z-1\">\n\n<\/div>\n\t<div class=\"product-small box \">\n\t\t<div class=\"product-rating\">\n\t\t\t<div class=\"star-rating star-rating--inline\" role=\"img\" aria-label=\"Vurdert 5 av 5\"><span style=\"width:100%\">Vurdert <strong class=\"rating\">5<\/strong> av 5<\/span><\/div><span class=\"review-count is-small op-7\">(0)<\/span><br\/>\t\t<\/div>\n\t\t<a href=\"https:\/\/doftrum.se\/no\/produkt\/amber-sandalwood-signature-small-tumbler\/\" aria-label=\"Amber &amp; Sandalwood - Signature Small Tumbler\">\n\t\t\t<div class=\"box-image\">\n\t\t\t\t<div class=\"image-fade_in_back image-cover\">\n\t\t\t\t\t\t<img loading=\"lazy\" decoding=\"async\" width=\"1000\" height=\"1000\" src=\"https:\/\/doftrum.se\/wp-content\/uploads\/2024\/03\/51744756_Amber__Sandalwood_Small_Tumbler_with_Lid1-1000x1000.png\" class=\"attachment-woocommerce_thumbnail size-woocommerce_thumbnail\" alt=\"Amber &amp; Sandalwood - Signature Small Tumbler\" srcset=\"https:\/\/doftrum.se\/wp-content\/uploads\/2024\/03\/51744756_Amber__Sandalwood_Small_Tumbler_with_Lid1-1000x1000.png 1000w, https:\/\/doftrum.se\/wp-content\/uploads\/2024\/03\/51744756_Amber__Sandalwood_Small_Tumbler_with_Lid1-100x100.png 100w, https:\/\/doftrum.se\/wp-content\/uploads\/2024\/03\/51744756_Amber__Sandalwood_Small_Tumbler_with_Lid1-1024x1024.png 1024w, https:\/\/doftrum.se\/wp-content\/uploads\/2024\/03\/51744756_Amber__Sandalwood_Small_Tumbler_with_Lid1-768x768.png 768w, https:\/\/doftrum.se\/wp-content\/uploads\/2024\/03\/51744756_Amber__Sandalwood_Small_Tumbler_with_Lid1-1536x1536.png 1536w, https:\/\/doftrum.se\/wp-content\/uploads\/2024\/03\/51744756_Amber__Sandalwood_Small_Tumbler_with_Lid1.png 1920w\" sizes=\"auto, (max-width: 1000px) 100vw, 1000px\" \/><img loading=\"lazy\" decoding=\"async\" width=\"1000\" height=\"1000\" src=\"https:\/\/doftrum.se\/wp-content\/uploads\/2024\/03\/51744756_Amber__Sandalwood_Small_Tumbler_LIT1-1000x1000.png\" class=\"show-on-hover absolute fill hide-for-small back-image\" alt=\"Alternative view of Amber &amp; Sandalwood - Signature Small Tumbler\" aria-hidden=\"true\" srcset=\"https:\/\/doftrum.se\/wp-content\/uploads\/2024\/03\/51744756_Amber__Sandalwood_Small_Tumbler_LIT1-1000x1000.png 1000w, https:\/\/doftrum.se\/wp-content\/uploads\/2024\/03\/51744756_Amber__Sandalwood_Small_Tumbler_LIT1-100x100.png 100w, https:\/\/doftrum.se\/wp-content\/uploads\/2024\/03\/51744756_Amber__Sandalwood_Small_Tumbler_LIT1-1024x1024.png 1024w, https:\/\/doftrum.se\/wp-content\/uploads\/2024\/03\/51744756_Amber__Sandalwood_Small_Tumbler_LIT1-768x768.png 768w, https:\/\/doftrum.se\/wp-content\/uploads\/2024\/03\/51744756_Amber__Sandalwood_Small_Tumbler_LIT1-1536x1536.png 1536w, https:\/\/doftrum.se\/wp-content\/uploads\/2024\/03\/51744756_Amber__Sandalwood_Small_Tumbler_LIT1.png 1920w\" sizes=\"auto, (max-width: 1000px) 100vw, 1000px\" \/>\t\t\t\t<\/div>\n\t\t\t\t<div class=\"image-tools is-small top right show-on-hover\">\n\t\t\t\t\t\t\t\t\t<\/div>\n\t\t\t\t<div class=\"image-tools is-small hide-for-small bottom left show-on-hover\">\n\t\t\t\t\t\t\t\t\t<\/div>\n\t\t\t\t<div class=\"image-tools grid-tools text-center hide-for-small bottom hover-slide-in show-on-hover\">\n\t\t\t\t\t\t\t\t\t<\/div>\n\t\t\t\t\t\t\t<\/div>\n\t\t<\/a>\n\t\t<div class=\"box-text box-text-products\">\n\t\t<a class=\"overlay-link\" href=\"https:\/\/doftrum.se\/no\/produkt\/amber-sandalwood-signature-small-tumbler\/\" aria-label=\"Amber &amp; Sandalwood - Signature Small Tumbler\"><\/a>\n\t\t\t<h3 class=\"product-title\"><a href=\"https:\/\/doftrum.se\/no\/produkt\/amber-sandalwood-signature-small-tumbler\/\" aria-label=\"Amber &amp; Sandalwood - Signature Small Tumbler\">Amber &amp; Sandalwood - Signature Small Tumbler<\/a><\/h3>\n\t\t\t<div class=\"price-wrapper\">\n\t\t\t\t<div class=\"star-rating star-rating--inline\" role=\"img\" aria-label=\"Vurdert 5 av 5\"><span style=\"width:100%\">Vurdert <strong class=\"rating\">5<\/strong> av 5<\/span><\/div><span class=\"review-count is-small op-8\" aria-label=\"0 omtaler\">(0)<\/span><stock-price-element-widget product-id=\"2061\" align=\"left\"><\/stock-price-element-widget>\t\t\t<\/div>\n\t\t\t<a href=\"https:\/\/doftrum.se\/no\/produkt\/amber-sandalwood-signature-small-tumbler\/\" class=\"button primary\"><span>Les mer og kj\u00f8p<\/span><\/a>\n\t\t<\/div>\n\t<\/div>\n\t\t\t<\/div>\n<\/div><div class=\"product-small col has-hover product type-product post-4456 status-publish instock product_cat-duftlys-no-2 product_tag-yc-no has-post-thumbnail product-type-simple\">\n\t<div class=\"col-inner\">\n\t\n<div class=\"badge-container absolute left top z-1\">\n\n<\/div>\n\t<div class=\"product-small box \">\n\t\t<div class=\"product-rating\">\n\t\t\t<div class=\"star-rating star-rating--inline\" role=\"img\" aria-label=\"Vurdert 5 av 5\"><span style=\"width:100%\">Vurdert <strong class=\"rating\">5<\/strong> av 5<\/span><\/div><span class=\"review-count is-small op-7\">(0)<\/span><br\/>\t\t<\/div>\n\t\t<a href=\"https:\/\/doftrum.se\/no\/produkt\/amber-sandalwood-signature-medium-jar\/\" aria-label=\"Amber &amp; Sandalwood - Signature Medium Jar\">\n\t\t\t<div class=\"box-image\">\n\t\t\t\t<div class=\"image-fade_in_back image-cover\">\n\t\t\t\t\t\t<img loading=\"lazy\" decoding=\"async\" width=\"1000\" height=\"1000\" src=\"https:\/\/doftrum.se\/wp-content\/uploads\/2024\/03\/51630016_1_Amber-Sandalwood_Signature_Medium-1000x1000.png\" class=\"attachment-woocommerce_thumbnail size-woocommerce_thumbnail\" alt=\"Amber &amp; Sandalwood - Signature Medium Jar\" srcset=\"https:\/\/doftrum.se\/wp-content\/uploads\/2024\/03\/51630016_1_Amber-Sandalwood_Signature_Medium-1000x1000.png 1000w, https:\/\/doftrum.se\/wp-content\/uploads\/2024\/03\/51630016_1_Amber-Sandalwood_Signature_Medium-100x100.png 100w, https:\/\/doftrum.se\/wp-content\/uploads\/2024\/03\/51630016_1_Amber-Sandalwood_Signature_Medium-1024x1024.png 1024w, https:\/\/doftrum.se\/wp-content\/uploads\/2024\/03\/51630016_1_Amber-Sandalwood_Signature_Medium-768x768.png 768w, https:\/\/doftrum.se\/wp-content\/uploads\/2024\/03\/51630016_1_Amber-Sandalwood_Signature_Medium-1536x1536.png 1536w, https:\/\/doftrum.se\/wp-content\/uploads\/2024\/03\/51630016_1_Amber-Sandalwood_Signature_Medium.png 1920w\" sizes=\"auto, (max-width: 1000px) 100vw, 1000px\" \/><img loading=\"lazy\" decoding=\"async\" width=\"1000\" height=\"1000\" src=\"https:\/\/doftrum.se\/wp-content\/uploads\/2024\/03\/51630016_Amber_and_Sandalwood_Medium_LIT1-1000x1000.png\" class=\"show-on-hover absolute fill hide-for-small back-image\" alt=\"Alternative view of Amber &amp; Sandalwood - Signature Medium Jar\" aria-hidden=\"true\" srcset=\"https:\/\/doftrum.se\/wp-content\/uploads\/2024\/03\/51630016_Amber_and_Sandalwood_Medium_LIT1-1000x1000.png 1000w, https:\/\/doftrum.se\/wp-content\/uploads\/2024\/03\/51630016_Amber_and_Sandalwood_Medium_LIT1-100x100.png 100w, https:\/\/doftrum.se\/wp-content\/uploads\/2024\/03\/51630016_Amber_and_Sandalwood_Medium_LIT1-1024x1024.png 1024w, https:\/\/doftrum.se\/wp-content\/uploads\/2024\/03\/51630016_Amber_and_Sandalwood_Medium_LIT1-768x768.png 768w, https:\/\/doftrum.se\/wp-content\/uploads\/2024\/03\/51630016_Amber_and_Sandalwood_Medium_LIT1-1536x1536.png 1536w, https:\/\/doftrum.se\/wp-content\/uploads\/2024\/03\/51630016_Amber_and_Sandalwood_Medium_LIT1.png 1920w\" sizes=\"auto, (max-width: 1000px) 100vw, 1000px\" \/>\t\t\t\t<\/div>\n\t\t\t\t<div class=\"image-tools is-small top right show-on-hover\">\n\t\t\t\t\t\t\t\t\t<\/div>\n\t\t\t\t<div class=\"image-tools is-small hide-for-small bottom left show-on-hover\">\n\t\t\t\t\t\t\t\t\t<\/div>\n\t\t\t\t<div class=\"image-tools grid-tools text-center hide-for-small bottom hover-slide-in show-on-hover\">\n\t\t\t\t\t\t\t\t\t<\/div>\n\t\t\t\t\t\t\t<\/div>\n\t\t<\/a>\n\t\t<div class=\"box-text box-text-products\">\n\t\t<a class=\"overlay-link\" href=\"https:\/\/doftrum.se\/no\/produkt\/amber-sandalwood-signature-medium-jar\/\" aria-label=\"Amber &amp; Sandalwood - Signature Medium Jar\"><\/a>\n\t\t\t<h3 class=\"product-title\"><a href=\"https:\/\/doftrum.se\/no\/produkt\/amber-sandalwood-signature-medium-jar\/\" aria-label=\"Amber &amp; Sandalwood - Signature Medium Jar\">Amber &amp; Sandalwood - Signature Medium Jar<\/a><\/h3>\n\t\t\t<div class=\"price-wrapper\">\n\t\t\t\t<div class=\"star-rating star-rating--inline\" role=\"img\" aria-label=\"Vurdert 5 av 5\"><span style=\"width:100%\">Vurdert <strong class=\"rating\">5<\/strong> av 5<\/span><\/div><span class=\"review-count is-small op-8\" aria-label=\"0 omtaler\">(0)<\/span><stock-price-element-widget product-id=\"1359\" align=\"left\"><\/stock-price-element-widget>\t\t\t<\/div>\n\t\t\t<a href=\"https:\/\/doftrum.se\/no\/produkt\/amber-sandalwood-signature-medium-jar\/\" class=\"button primary\"><span>Les mer og kj\u00f8p<\/span><\/a>\n\t\t<\/div>\n\t<\/div>\n\t\t\t<\/div>\n<\/div><div class=\"product-small col has-hover product type-product post-4497 status-publish instock product_cat-duftlys-no-2 product_tag-yc-no has-post-thumbnail product-type-simple\">\n\t<div class=\"col-inner\">\n\t\n<div class=\"badge-container absolute left top z-1\">\n\n<\/div>\n\t<div class=\"product-small box \">\n\t\t<div class=\"product-rating\">\n\t\t\t\t\t<\/div>\n\t\t<a href=\"https:\/\/doftrum.se\/no\/produkt\/amber-sandalwood-signature-large-tumbler\/\" aria-label=\"Amber &amp; Sandalwood - Signature Large Tumbler\">\n\t\t\t<div class=\"box-image\">\n\t\t\t\t<div class=\"image-fade_in_back image-cover\">\n\t\t\t\t\t\t<img loading=\"lazy\" decoding=\"async\" width=\"283\" height=\"283\" src=\"https:\/\/doftrum.se\/wp-content\/uploads\/2024\/03\/Amber-Sandalwood_Large-Tumbler_Lid.jpg\" class=\"attachment-woocommerce_thumbnail size-woocommerce_thumbnail\" alt=\"Amber &amp; Sandalwood - Signature Large Tumbler\" srcset=\"https:\/\/doftrum.se\/wp-content\/uploads\/2024\/03\/Amber-Sandalwood_Large-Tumbler_Lid.jpg 283w, https:\/\/doftrum.se\/wp-content\/uploads\/2024\/03\/Amber-Sandalwood_Large-Tumbler_Lid-100x100.jpg 100w\" sizes=\"auto, (max-width: 283px) 100vw, 283px\" \/><img loading=\"lazy\" decoding=\"async\" width=\"283\" height=\"283\" src=\"https:\/\/doftrum.se\/wp-content\/uploads\/2024\/03\/Amber__Sandalwood_Large_Tumbler_LIT1.jpg\" class=\"show-on-hover absolute fill hide-for-small back-image\" alt=\"Alternative view of Amber &amp; Sandalwood - Signature Large Tumbler\" aria-hidden=\"true\" srcset=\"https:\/\/doftrum.se\/wp-content\/uploads\/2024\/03\/Amber__Sandalwood_Large_Tumbler_LIT1.jpg 283w, https:\/\/doftrum.se\/wp-content\/uploads\/2024\/03\/Amber__Sandalwood_Large_Tumbler_LIT1-100x100.jpg 100w\" sizes=\"auto, (max-width: 283px) 100vw, 283px\" \/>\t\t\t\t<\/div>\n\t\t\t\t<div class=\"image-tools is-small top right show-on-hover\">\n\t\t\t\t\t\t\t\t\t<\/div>\n\t\t\t\t<div class=\"image-tools is-small hide-for-small bottom left show-on-hover\">\n\t\t\t\t\t\t\t\t\t<\/div>\n\t\t\t\t<div class=\"image-tools grid-tools text-center hide-for-small bottom hover-slide-in show-on-hover\">\n\t\t\t\t\t\t\t\t\t<\/div>\n\t\t\t\t\t\t\t<\/div>\n\t\t<\/a>\n\t\t<div class=\"box-text box-text-products\">\n\t\t<a class=\"overlay-link\" href=\"https:\/\/doftrum.se\/no\/produkt\/amber-sandalwood-signature-large-tumbler\/\" aria-label=\"Amber &amp; Sandalwood - Signature Large Tumbler\"><\/a>\n\t\t\t<h3 class=\"product-title\"><a href=\"https:\/\/doftrum.se\/no\/produkt\/amber-sandalwood-signature-large-tumbler\/\" aria-label=\"Amber &amp; Sandalwood - Signature Large Tumbler\">Amber &amp; Sandalwood - Signature Large Tumbler<\/a><\/h3>\n\t\t\t<div class=\"price-wrapper\">\n\t\t\t\t<stock-price-element-widget product-id=\"1382\" align=\"left\"><\/stock-price-element-widget>\t\t\t<\/div>\n\t\t\t<a href=\"https:\/\/doftrum.se\/no\/produkt\/amber-sandalwood-signature-large-tumbler\/\" class=\"button primary\"><span>Les mer og kj\u00f8p<\/span><\/a>\n\t\t<\/div>\n\t<\/div>\n\t\t\t<\/div>\n<\/div><\/div>\n\n\n  <div class=\"banner has-hover\" id=\"banner-181233169\">\n          <div class=\"banner-inner fill\">\n        <div class=\"banner-bg fill\" >\n            <img loading=\"lazy\" decoding=\"async\" width=\"1597\" height=\"1075\" src=\"https:\/\/doftrum.se\/wp-content\/uploads\/2024\/03\/Amber-Sandalwood_Enviro-2.jpg\" class=\"bg attachment-original size-original\" alt=\"Lugnt rum med brinnande doftljus och havsinspirerad dekoration.\" \/>                                    \n                    <\/div>\n\t\t\n        <div class=\"banner-layers container\">\n            <div class=\"fill banner-link\"><\/div>            \n\n   <div id=\"text-box-838071217\" class=\"text-box banner-layer x50 md-x50 lg-x50 y50 md-y50 lg-y50 res-text\">\n                                <div class=\"text-box-content text dark\">\n              \n              <div class=\"text-inner text-center\">\n                  \n\n<h3>Fynda h\u00f6stens nya favorit!<\/h3>\n<p>Passa p\u00e5 att fynda m\u00e5nadens doft! Detta doftljus bjuder p\u00e5 en harmonisk blandning av varma b\u00e4rnstenstoner och mjukt sandeltr\u00e4, vilket skapar en mysig och inbjudande atmosf\u00e4r. Just nu hittar du detta fantastiska doftljus till bra pris. Perfekt f\u00f6r att f\u00f6rvandla ditt hem eller som en perfekt present. Best\u00e4ll ditt Amber &amp; Sandalwood-doftljus idag och upplev den lyxiga doften!<\/p>\n\n              <\/div>\n           <\/div>\n                            \n<style>\n#text-box-838071217 .text-box-content {\n  background-color: rgba(20, 3, 3, 0.424);\n  font-size: 100%;\n}\n#text-box-838071217 .text-inner {\n  padding: 10px 10px 10px 10px;\n}\n#text-box-838071217 {\n  width: 60%;\n}\n<\/style>\n    <\/div>\n \n\n        <\/div>\n      <\/div>\n\n            \n<style>\n#banner-181233169 {\n  padding-top: 500px;\n}\n#banner-181233169 .banner-bg img {\n  object-position: 3% 3%;\n}\n<\/style>\n  <\/div>\n\n\n\t<div id=\"gap-660768586\" class=\"gap-element clearfix\" style=\"display:block; height:auto;\">\n\t\t\n<style>\n#gap-660768586 {\n  padding-top: 30px;\n}\n<\/style>\n\t<\/div>\n\t\n\n\n  <div class=\"banner has-hover\" id=\"banner-1908840644\">\n          <div class=\"banner-inner fill\">\n        <div class=\"banner-bg fill\" >\n                                    <div class=\"overlay\"><\/div>            \n                    <\/div>\n\t\t\n        <div class=\"banner-layers container\">\n            <div class=\"fill banner-link\"><\/div>            \n\n   <div id=\"text-box-166658069\" class=\"text-box banner-layer x50 md-x50 lg-x50 y50 md-y50 lg-y50 res-text\">\n                                <div class=\"text-box-content text dark\">\n              \n              <div class=\"text-inner text-center\">\n                  \n\n<h3>PERFEKT TILL H\u00d6STMYSET!<\/h3>\n<p>Amber &amp; Sandalwood \u00e4r en oemotst\u00e5ndlig kombination som skapar en k\u00e4nsla av lyx och stillhet, perfekt f\u00f6r att f\u00f6rvandla din omgivning och dagliga rutin.<\/p>\n<p><strong>Tips p\u00e5 hur du b\u00e4st anv\u00e4nder doften i h\u00f6st:<\/strong><\/p>\n<ul>\n<li><strong>Kv\u00e4llsritual<\/strong>: Anv\u00e4nd doftljus eller diffuser f\u00f6re l\u00e4ggdags f\u00f6r att lugna sinnet och varva ner.<\/li>\n<li><strong>H\u00f6stmys<\/strong>: Placera doftljus i vardagsrum eller badrum f\u00f6r en inbjudande k\u00e4nsla under kyliga kv\u00e4llar.<\/li>\n<li><strong>Arbetsfokus<\/strong>: Anv\u00e4nd doften i hemmakontoret f\u00f6r att balansera och skapa inspiration.<\/li>\n<\/ul>\n<p>Amber &amp; Sandalwood \u00e4r mer \u00e4n bara en doft \u2013 det \u00e4r en resa till lugn och lyx. L\u00e5t den bli en del av din vardag!<\/p>\n\n              <\/div>\n           <\/div>\n                            \n<style>\n#text-box-166658069 {\n  width: 60%;\n}\n#text-box-166658069 .text-box-content {\n  font-size: 100%;\n}\n<\/style>\n    <\/div>\n \n\n        <\/div>\n      <\/div>\n\n            \n<style>\n#banner-1908840644 {\n  padding-top: 500px;\n}\n#banner-1908840644 .overlay {\n  background-color: rgba(0, 0, 0, 0.17);\n}\n<\/style>\n  <\/div>\n\n\n\n","protected":false},"excerpt":{"rendered":"","protected":false},"author":18,"featured_media":0,"parent":0,"menu_order":0,"comment_status":"closed","ping_status":"closed","template":"page-blank.php","meta":{"_acf_changed":false,"footnotes":""},"class_list":["post-5878","page","type-page","status-publish","hentry"],"acf":[],"_links":{"self":[{"href":"https:\/\/doftrum.se\/no\/wp-json\/wp\/v2\/pages\/5878","targetHints":{"allow":["GET"]}}],"collection":[{"href":"https:\/\/doftrum.se\/no\/wp-json\/wp\/v2\/pages"}],"about":[{"href":"https:\/\/doftrum.se\/no\/wp-json\/wp\/v2\/types\/page"}],"author":[{"embeddable":true,"href":"https:\/\/doftrum.se\/no\/wp-json\/wp\/v2\/users\/18"}],"replies":[{"embeddable":true,"href":"https:\/\/doftrum.se\/no\/wp-json\/wp\/v2\/comments?post=5878"}],"version-history":[{"count":2,"href":"https:\/\/doftrum.se\/no\/wp-json\/wp\/v2\/pages\/5878\/revisions"}],"predecessor-version":[{"id":5881,"href":"https:\/\/doftrum.se\/no\/wp-json\/wp\/v2\/pages\/5878\/revisions\/5881"}],"wp:attachment":[{"href":"https:\/\/doftrum.se\/no\/wp-json\/wp\/v2\/media?parent=5878"}],"curies":[{"name":"wp","href":"https:\/\/api.w.org\/{rel}","templated":true}]}}