{"id":5778,"date":"2024-09-23T16:47:47","date_gmt":"2024-09-23T14:47:47","guid":{"rendered":"https:\/\/doftrum.se\/hva-betyr-duft-for-oss\/"},"modified":"2024-09-24T08:51:04","modified_gmt":"2024-09-24T06:51:04","slug":"hva-betyr-duft-for-oss","status":"publish","type":"page","link":"https:\/\/doftrum.se\/no\/hva-betyr-duft-for-oss\/","title":{"rendered":"Hva betyr duft for oss"},"content":{"rendered":"\n\n  <div class=\"banner has-hover\" id=\"banner-263111717\">\n          <div class=\"banner-inner fill\">\n        <div class=\"banner-bg fill\" >\n            <img loading=\"lazy\" decoding=\"async\" width=\"1920\" height=\"1280\" src=\"https:\/\/doftrum.se\/wp-content\/uploads\/2024\/06\/5175926_5175927_51759609_Autumn-Group_enviro.jpg\" class=\"bg attachment-original size-original\" alt=\"Mysiga doftljus p\u00e5 tr\u00e4bord, dekorativ pumpa och h\u00f6stig inredning i bakgrunden.\" \/>                                    \n                    <\/div>\n\t\t\n        <div class=\"banner-layers container\">\n            <div class=\"fill banner-link\"><\/div>            \n\n   <div id=\"text-box-144838486\" class=\"text-box banner-layer x50 md-x50 lg-x50 y25 md-y25 lg-y25 res-text\">\n                                <div class=\"text-box-content text dark\">\n              \n              <div class=\"text-inner text-center\">\n                  \n\n<h2><strong>Vad betyder doft f\u00f6r oss?<\/strong><\/h2>\n<p>\u00a0<\/p>\n\n              <\/div>\n           <\/div>\n                            \n<style>\n#text-box-144838486 .text-box-content {\n  background-color: rgba(9, 2, 2, 0.634);\n  font-size: 100%;\n}\n#text-box-144838486 .text-inner {\n  padding: 30px 0px 0px 0px;\n}\n#text-box-144838486 {\n  width: 81%;\n}\n@media (min-width:550px) {\n  #text-box-144838486 {\n    width: 43%;\n  }\n}\n<\/style>\n    <\/div>\n \n\n        <\/div>\n      <\/div>\n\n            \n<style>\n#banner-263111717 {\n  padding-top: 500px;\n}\n#banner-263111717 .banner-bg img {\n  object-position: 20% 78%;\n}\n<\/style>\n  <\/div>\n\n\n<div class=\"row row-collapse row-full-width align-middle\"  id=\"row-1968902018\">\n\n\n\t<div id=\"col-693323953\" class=\"col medium-6 small-12 large-6\"  >\n\t\t\t\t<div class=\"col-inner\"  >\n\t\t\t\n\t\t\t\n\n\t<div class=\"img has-hover x md-x lg-x y md-y lg-y\" id=\"image_1967405284\">\n\t\t\t\t\t\t\t\t<div class=\"img-inner dark\" >\n\t\t\t<img loading=\"lazy\" decoding=\"async\" width=\"683\" height=\"1024\" src=\"https:\/\/doftrum.se\/wp-content\/uploads\/2024\/06\/5175960_5175926_YC_AU_AFTERNOON_SCRAPBOOKING_DOUBLE_017-683x1024.jpg\" class=\"attachment-large size-large\" alt=\"Doftljus i glasburkar p\u00e5 nattygsbord med b\u00f6cker.\" srcset=\"https:\/\/doftrum.se\/wp-content\/uploads\/2024\/06\/5175960_5175926_YC_AU_AFTERNOON_SCRAPBOOKING_DOUBLE_017-683x1024.jpg 683w, https:\/\/doftrum.se\/wp-content\/uploads\/2024\/06\/5175960_5175926_YC_AU_AFTERNOON_SCRAPBOOKING_DOUBLE_017-667x1000.jpg 667w, https:\/\/doftrum.se\/wp-content\/uploads\/2024\/06\/5175960_5175926_YC_AU_AFTERNOON_SCRAPBOOKING_DOUBLE_017-768x1151.jpg 768w, https:\/\/doftrum.se\/wp-content\/uploads\/2024\/06\/5175960_5175926_YC_AU_AFTERNOON_SCRAPBOOKING_DOUBLE_017-1025x1536.jpg 1025w, https:\/\/doftrum.se\/wp-content\/uploads\/2024\/06\/5175960_5175926_YC_AU_AFTERNOON_SCRAPBOOKING_DOUBLE_017-1000x1499.jpg 1000w, https:\/\/doftrum.se\/wp-content\/uploads\/2024\/06\/5175960_5175926_YC_AU_AFTERNOON_SCRAPBOOKING_DOUBLE_017.jpg 1281w\" sizes=\"auto, (max-width: 683px) 100vw, 683px\" \/>\t\t\t\t\t\t\n\t\t\t\t\t<\/div>\n\t\t\t\t\t\t\t\t\n<style>\n#image_1967405284 {\n  width: 100%;\n}\n<\/style>\n\t<\/div>\n\t\n\n\n\t\t<\/div>\n\t\t\t\t\t<\/div>\n\n\t\n\n\t<div id=\"col-1969837525\" class=\"col medium-6 small-12 large-6\"  >\n\t\t\t\t<div class=\"col-inner\"  >\n\t\t\t\n\t\t\t\n\n<p>Doft har en f\u00f6rm\u00e5ga att v\u00e4cka k\u00e4nslor, minnen och skapa en k\u00e4nsla av trygghet. N\u00e4r vi andas in doften av nybakat br\u00f6d, en kopp varm choklad, eller nytv\u00e4ttade lakan, b\u00e4r den oss ofta till en plats d\u00e4r vi k\u00e4nner oss omfamnade och lugna. Dessa dofter \u00e4r som osynliga filtar som lindar in v\u00e5ra sinnen i v\u00e4rme, de skapar stunder d\u00e4r stressen sm\u00e4lter bort och vi f\u00e5r landa i nuet.<\/p>\n<p>F\u00f6r m\u00e5nga m\u00e4nniskor \u00e4r just dofter ett s\u00e4tt att k\u00e4nna sig hemma, oavsett var de befinner sig. En mild vaniljdoft kan p\u00e5minna om barndomens trygghet, medan lavendel kan skapa en k\u00e4nsla av ro i en hektisk vardag. Dessa mjuka dofter kan ocks\u00e5 f\u00f6rmedla k\u00e4rlek, omsorg och omtanke \u2013 som en omfamnande doft fr\u00e5n en \u00e4lskad persons tr\u00f6ja eller en doftande varm kram i vinterkylan.<\/p>\n<p>De mysiga dofterna har kraften att f\u00f6rvandla ett rum till en fristad, och v\u00e5r dag till en upplevelse av n\u00e4rvaro. De ger oss en k\u00e4nsla av stillhet och skapar utrymme f\u00f6r att k\u00e4nna in vad som \u00e4r viktigt \u2013 relationer, vila, och att ta hand om oss sj\u00e4lva. I en v\u00e4rld som ofta r\u00f6r sig snabbt, kan dofterna bli en p\u00e5minnelse om att sakta ner, andas djupt och l\u00e5ta de sm\u00e5 stunderna bli stora i v\u00e5r egen inre v\u00e4rld.<\/p>\n\n\t\t<\/div>\n\t\t\t\t\n<style>\n#col-1969837525 > .col-inner {\n  padding: 5% 5% 5% 5%;\n  max-width: 520px;\n}\n<\/style>\n\t<\/div>\n\n\t\n\n<\/div>\n<div class=\"row\"  id=\"row-1926361431\">\n\n\n\t<div id=\"col-1016101275\" class=\"col small-12 large-12\"  >\n\t\t\t\t<div class=\"col-inner\"  >\n\t\t\t\n\t\t\t\n\n<h3>Doftens kraft att p\u00e5verka oss<\/h3>\n\n\t\t<\/div>\n\t\t\t\t\t<\/div>\n\n\t\n\n<\/div>\n<div class=\"row row-box-shadow-3 row-box-shadow-5-hover\"  id=\"row-1692071165\">\n\n\n\t<div id=\"col-1700409916\" class=\"col medium-4 small-12 large-4\"  >\n\t\t\t\t<div class=\"col-inner\"  >\n\t\t\t\n\t\t\t\n\n<h4 class=\"uppercase\">KANEL<\/h4>\n<p>Doften av kanel \u00e4r v\u00e4lk\u00e4nd f\u00f6r att skapa en mysig och varm atmosf\u00e4r. Den associeras ofta med lugn och hemtrevnad, vilket g\u00f6r den perfekt f\u00f6r h\u00f6st- och vinterm\u00e5naderna. Ut\u00f6ver sin behagliga doft har kanel ocks\u00e5 uppfriskande och stimulerande egenskaper, vilket kan f\u00f6rb\u00e4ttra fokus och minska tr\u00f6tthet. Den kan fungera som en fantastisk boost f\u00f6r kreativiteten.\u00a0<\/p>\n\n\t\t<\/div>\n\t\t\t\t\n<style>\n#col-1700409916 > .col-inner {\n  padding: 10px 10px 10px 10px;\n  margin: 0px 0px 0px 0px;\n}\n<\/style>\n\t<\/div>\n\n\t\n\n\t<div id=\"col-1616279783\" class=\"col medium-4 small-12 large-4\"  >\n\t\t\t\t<div class=\"col-inner\"  >\n\t\t\t\n\t\t\t\n\n<h4 class=\"uppercase\">VANILJ<\/h4>\n<p>Doften av vanilj har en lugnande och tr\u00f6stande effekt p\u00e5 oss m\u00e4nniskor. Den kan minska stress och \u00e5ngest, samtidigt som den skapar en k\u00e4nsla av trygghet och v\u00e4lbefinnande. Vanilj \u00e4r ofta f\u00f6rknippad med varma, nostalgiska minnen, vilket g\u00f6r den perfekt f\u00f6r att skapa en hemtrevlig och avslappnad atmosf\u00e4r. Dess milda, s\u00f6ta toner kan ocks\u00e5 \u00f6ka v\u00e5rt hum\u00f6r och ge en k\u00e4nsla av ro och harmoni.<\/p>\n\n\t\t<\/div>\n\t\t\t\t\n<style>\n#col-1616279783 > .col-inner {\n  padding: 10px 10px 10px 10px;\n}\n<\/style>\n\t<\/div>\n\n\t\n\n\t<div id=\"col-1799079892\" class=\"col medium-4 small-12 large-4\"  >\n\t\t\t\t<div class=\"col-inner\"  >\n\t\t\t\n\t\t\t\n\n<h4 class=\"uppercase\">CItrus<\/h4>\n<p>Doften av citrus \u00e4r som ett friskt andetag som genast fyller oss med energi och klarhet. Den upplyftande, syrliga aromen fr\u00e5n apelsin, citron eller grapefrukt skingrar tr\u00f6tthet och stress, och ers\u00e4tter dem med positivitet och livsgl\u00e4dje. Citrus skapar en k\u00e4nsla av renhet och fr\u00e4schhet. L\u00e5t denna doft ge dig ny energi och fylla ditt hem med ljus och livlighet.<\/p>\n\n\t\t<\/div>\n\t\t\t\t\n<style>\n#col-1799079892 > .col-inner {\n  padding: 10px 10px 10px 10px;\n}\n<\/style>\n\t<\/div>\n\n\t\n\n\n<style>\n#row-1692071165 > .col > .col-inner {\n  background-color: #774f46;\n}\n<\/style>\n<\/div>\n<div class=\"is-divider divider clearfix\" style=\"max-width:1000px;height:1px;\"><\/div>\n\n\n\t<section class=\"section dark has-mask mask-arrow\" id=\"section_82597842\">\n\t\t<div class=\"section-bg fill\" >\n\t\t\t<img loading=\"lazy\" decoding=\"async\" width=\"1281\" height=\"1920\" src=\"https:\/\/doftrum.se\/wp-content\/uploads\/2024\/06\/5175961_5175927__COTTAGE_GETAWAY_COLLECTION_DOUBLE_031.jpg\" class=\"bg attachment-original size-original\" alt=\"Dekorativa ljus p\u00e5 en hylla med varm inredning och tavla i bakgrunden.\" \/>\t\t\t\t\t\t<div class=\"section-bg-overlay absolute fill\"><\/div>\n\t\t\t\n\t<div class=\"is-border\"\n\t\tstyle=\"border-color:rgb(235, 235, 235);border-width:1px 0px 0px 0px;\">\n\t<\/div>\n\n\t\t<\/div>\n\n\t\t\n\n\t\t<div class=\"section-content relative\">\n\t\t\t\n\n<div class=\"row\"  id=\"row-1092450922\">\n\n\n\t<div id=\"col-550429668\" class=\"col medium-5 small-12 large-5\"  >\n\t\t\t\t<div class=\"col-inner text-shadow-2\"  >\n\t\t\t\n\t\t\t\n\n<p>\u00a0<\/p>\n<h3 class=\"uppercase\">F\u00f6r oss \u00e4r doft inte bara en doft&#8230;<\/h3>\n<p>utan en portal till minnen, k\u00e4nslor och stunder av ren njutning som f\u00f6rdjupar v\u00e5r upplevelse av livet.<\/p>\n<p>\u00a0<\/p>\n\n\t\t<\/div>\n\t\t\t\t\t<\/div>\n\n\t\n\n\t<div id=\"col-589452569\" class=\"col medium-6 small-12 large-6\"  >\n\t\t\t\t<div class=\"col-inner text-shadow-2\"  >\n\t\t\t\n\t\t\t\n\n<p>T\u00e4nk dig en mysig kv\u00e4ll hemma, d\u00e4r skenet fr\u00e5n ett doftljus sprider ett varmt och inbjudande ljus. N\u00e4r du t\u00e4nder det, fylls rummet av en behaglig arom som genast transporterar dig tillbaka till minnen av glada stunder \u2013 kanske en sommarkv\u00e4ll med v\u00e4nner eller en lugn s\u00f6ndag med en god bok. Doftljuset skapar en atmosf\u00e4r som inbjuder till avkoppling och reflektion, d\u00e4r varje doft blir en p\u00e5minnelse om det som \u00e4r viktigt f\u00f6r oss.<\/p>\n\n\t\t<\/div>\n\t\t\t\t\t<\/div>\n\n\t\n\n<\/div>\n\n\t\t<\/div>\n\n\t\t\n<style>\n#section_82597842 {\n  padding-top: 59px;\n  padding-bottom: 59px;\n  min-height: 300px;\n  background-color: rgb(0, 0, 0);\n}\n#section_82597842 .section-bg-overlay {\n  background-color: rgba(0, 0, 0, 0.4);\n}\n#section_82597842 .section-bg img {\n  object-position: 42% 62%;\n}\n<\/style>\n\t<\/section>\n\t\n<div class=\"is-divider divider clearfix\" style=\"max-width:1000px;height:1px;\"><\/div>\n\n<h3>Skapa dina egna minnen med v\u00e5ra dofter<\/h3>\n\t\n  \n    <div class=\"row large-columns-3 medium-columns- small-columns-2 row-collapse slider row-slider slider-nav-reveal slider-nav-push\"  data-flickity-options='{&quot;imagesLoaded&quot;: true, &quot;groupCells&quot;: &quot;100%&quot;, &quot;dragThreshold&quot; : 5, &quot;cellAlign&quot;: &quot;left&quot;,&quot;wrapAround&quot;: true,&quot;prevNextButtons&quot;: true,&quot;percentPosition&quot;: true,&quot;pageDots&quot;: false, &quot;rightToLeft&quot;: false, &quot;autoPlay&quot; : false}' >\n\n  \n\t     <div class=\"product-small col has-hover product type-product post-5755 status-publish first instock product_cat-duftlys-no-2 product_tag-yc-no has-post-thumbnail shipping-taxable product-type-simple\">\n\t<div class=\"col-inner\">\n\t\n<div class=\"badge-container absolute left top z-1\">\n\n<\/div>\n\t<div class=\"product-small box \">\n\t\t<div class=\"product-rating\">\n\t\t\t\t\t<\/div>\n\t\t<a href=\"https:\/\/doftrum.se\/no\/produkt\/signature-small-tumbler-vanilla-cupcake\/\" aria-label=\"Signature Small Tumbler Vanilla Cupcake\">\n\t\t\t<div class=\"box-image\">\n\t\t\t\t<div class=\"image-fade_in_back image-cover\">\n\t\t\t\t\t\t<img loading=\"lazy\" decoding=\"async\" width=\"1000\" height=\"1000\" src=\"https:\/\/doftrum.se\/wp-content\/uploads\/2024\/09\/52654106_2_YANKEE-CANDLE_SIGNATURE-SMALL-TUMBLER_VANILLA-CUPCAKE_PRODUCT-SHOT_STRAIGHT-ON_ON-LID-1000x1000.png\" class=\"attachment-woocommerce_thumbnail size-woocommerce_thumbnail\" alt=\"Signature Small Tumbler Vanilla Cupcake\" srcset=\"https:\/\/doftrum.se\/wp-content\/uploads\/2024\/09\/52654106_2_YANKEE-CANDLE_SIGNATURE-SMALL-TUMBLER_VANILLA-CUPCAKE_PRODUCT-SHOT_STRAIGHT-ON_ON-LID-1000x1000.png 1000w, https:\/\/doftrum.se\/wp-content\/uploads\/2024\/09\/52654106_2_YANKEE-CANDLE_SIGNATURE-SMALL-TUMBLER_VANILLA-CUPCAKE_PRODUCT-SHOT_STRAIGHT-ON_ON-LID-1024x1024.png 1024w, https:\/\/doftrum.se\/wp-content\/uploads\/2024\/09\/52654106_2_YANKEE-CANDLE_SIGNATURE-SMALL-TUMBLER_VANILLA-CUPCAKE_PRODUCT-SHOT_STRAIGHT-ON_ON-LID-768x768.png 768w, https:\/\/doftrum.se\/wp-content\/uploads\/2024\/09\/52654106_2_YANKEE-CANDLE_SIGNATURE-SMALL-TUMBLER_VANILLA-CUPCAKE_PRODUCT-SHOT_STRAIGHT-ON_ON-LID-1536x1536.png 1536w, https:\/\/doftrum.se\/wp-content\/uploads\/2024\/09\/52654106_2_YANKEE-CANDLE_SIGNATURE-SMALL-TUMBLER_VANILLA-CUPCAKE_PRODUCT-SHOT_STRAIGHT-ON_ON-LID-100x100.png 100w, https:\/\/doftrum.se\/wp-content\/uploads\/2024\/09\/52654106_2_YANKEE-CANDLE_SIGNATURE-SMALL-TUMBLER_VANILLA-CUPCAKE_PRODUCT-SHOT_STRAIGHT-ON_ON-LID.png 1920w\" sizes=\"auto, (max-width: 1000px) 100vw, 1000px\" \/><img loading=\"lazy\" decoding=\"async\" width=\"1000\" height=\"1000\" src=\"https:\/\/doftrum.se\/wp-content\/uploads\/2024\/09\/52654106_YANKEE-CANDLE_SIGNATURE-SMALL-TUMBLER_VANILLA-CUPCAKE_PRODUCT-SHOT_STRAIGHT-ON_LID-ON-1000x1000.png\" class=\"show-on-hover absolute fill hide-for-small back-image\" alt=\"Alternative view of Signature Small Tumbler Vanilla Cupcake\" aria-hidden=\"true\" srcset=\"https:\/\/doftrum.se\/wp-content\/uploads\/2024\/09\/52654106_YANKEE-CANDLE_SIGNATURE-SMALL-TUMBLER_VANILLA-CUPCAKE_PRODUCT-SHOT_STRAIGHT-ON_LID-ON-1000x1000.png 1000w, https:\/\/doftrum.se\/wp-content\/uploads\/2024\/09\/52654106_YANKEE-CANDLE_SIGNATURE-SMALL-TUMBLER_VANILLA-CUPCAKE_PRODUCT-SHOT_STRAIGHT-ON_LID-ON-1024x1024.png 1024w, https:\/\/doftrum.se\/wp-content\/uploads\/2024\/09\/52654106_YANKEE-CANDLE_SIGNATURE-SMALL-TUMBLER_VANILLA-CUPCAKE_PRODUCT-SHOT_STRAIGHT-ON_LID-ON-768x768.png 768w, https:\/\/doftrum.se\/wp-content\/uploads\/2024\/09\/52654106_YANKEE-CANDLE_SIGNATURE-SMALL-TUMBLER_VANILLA-CUPCAKE_PRODUCT-SHOT_STRAIGHT-ON_LID-ON-1536x1536.png 1536w, https:\/\/doftrum.se\/wp-content\/uploads\/2024\/09\/52654106_YANKEE-CANDLE_SIGNATURE-SMALL-TUMBLER_VANILLA-CUPCAKE_PRODUCT-SHOT_STRAIGHT-ON_LID-ON-100x100.png 100w, https:\/\/doftrum.se\/wp-content\/uploads\/2024\/09\/52654106_YANKEE-CANDLE_SIGNATURE-SMALL-TUMBLER_VANILLA-CUPCAKE_PRODUCT-SHOT_STRAIGHT-ON_LID-ON.png 1920w\" sizes=\"auto, (max-width: 1000px) 100vw, 1000px\" \/>\t\t\t\t<\/div>\n\t\t\t\t<div class=\"image-tools is-small top right show-on-hover\">\n\t\t\t\t\t\t\t\t\t<\/div>\n\t\t\t\t<div class=\"image-tools is-small hide-for-small bottom left show-on-hover\">\n\t\t\t\t\t\t\t\t\t<\/div>\n\t\t\t\t<div class=\"image-tools grid-tools text-center hide-for-small bottom hover-slide-in show-on-hover\">\n\t\t\t\t\t\t\t\t\t<\/div>\n\t\t\t\t\t\t\t<\/div>\n\t\t<\/a>\n\t\t<div class=\"box-text box-text-products\">\n\t\t<a class=\"overlay-link\" href=\"https:\/\/doftrum.se\/no\/produkt\/signature-small-tumbler-vanilla-cupcake\/\" aria-label=\"Signature Small Tumbler Vanilla Cupcake\"><\/a>\n\t\t\t<h3 class=\"product-title\"><a href=\"https:\/\/doftrum.se\/no\/produkt\/signature-small-tumbler-vanilla-cupcake\/\" aria-label=\"Signature Small Tumbler Vanilla Cupcake\">Signature Small Tumbler Vanilla Cupcake<\/a><\/h3>\n\t\t\t<div class=\"price-wrapper\">\n\t\t\t\t<stock-price-element-widget product-id=\"2445\" align=\"left\"><\/stock-price-element-widget>\t\t\t<\/div>\n\t\t\t<a href=\"https:\/\/doftrum.se\/no\/produkt\/signature-small-tumbler-vanilla-cupcake\/\" class=\"button primary\"><span>Les mer og kj\u00f8p<\/span><\/a>\n\t\t<\/div>\n\t<\/div>\n\t\t\t<\/div>\n<\/div><div class=\"product-small col has-hover product type-product post-4614 status-publish instock product_cat-duftlys-no-2 product_tag-yc-no has-post-thumbnail product-type-simple\">\n\t<div class=\"col-inner\">\n\t\n<div class=\"badge-container absolute left top z-1\">\n\n<\/div>\n\t<div class=\"product-small box \">\n\t\t<div class=\"product-rating\">\n\t\t\t\t\t<\/div>\n\t\t<a href=\"https:\/\/doftrum.se\/no\/produkt\/lemon-lavender-signature-small-tumbler\/\" aria-label=\"Lemon Lavender - Signature Small Tumbler\">\n\t\t\t<div class=\"box-image\">\n\t\t\t\t<div class=\"image-fade_in_back image-cover\">\n\t\t\t\t\t\t<img loading=\"lazy\" decoding=\"async\" width=\"1000\" height=\"1000\" src=\"https:\/\/doftrum.se\/wp-content\/uploads\/2024\/03\/51744758_Lemon_Lavender_Small_Tumbler_LIT1-1000x1000.png\" class=\"attachment-woocommerce_thumbnail size-woocommerce_thumbnail\" alt=\"Lemon Lavender - Signature Small Tumbler\" srcset=\"https:\/\/doftrum.se\/wp-content\/uploads\/2024\/03\/51744758_Lemon_Lavender_Small_Tumbler_LIT1-1000x1000.png 1000w, https:\/\/doftrum.se\/wp-content\/uploads\/2024\/03\/51744758_Lemon_Lavender_Small_Tumbler_LIT1-100x100.png 100w, https:\/\/doftrum.se\/wp-content\/uploads\/2024\/03\/51744758_Lemon_Lavender_Small_Tumbler_LIT1-1024x1024.png 1024w, https:\/\/doftrum.se\/wp-content\/uploads\/2024\/03\/51744758_Lemon_Lavender_Small_Tumbler_LIT1-768x768.png 768w, https:\/\/doftrum.se\/wp-content\/uploads\/2024\/03\/51744758_Lemon_Lavender_Small_Tumbler_LIT1-1536x1536.png 1536w, https:\/\/doftrum.se\/wp-content\/uploads\/2024\/03\/51744758_Lemon_Lavender_Small_Tumbler_LIT1.png 1920w\" sizes=\"auto, (max-width: 1000px) 100vw, 1000px\" \/><img loading=\"lazy\" decoding=\"async\" width=\"1000\" height=\"1000\" src=\"https:\/\/doftrum.se\/wp-content\/uploads\/2024\/03\/51744758_Lemon_Lavender_Small_Tumbler_with_Lid1-1000x1000.png\" class=\"show-on-hover absolute fill hide-for-small back-image\" alt=\"Alternative view of Lemon Lavender - Signature Small Tumbler\" aria-hidden=\"true\" srcset=\"https:\/\/doftrum.se\/wp-content\/uploads\/2024\/03\/51744758_Lemon_Lavender_Small_Tumbler_with_Lid1-1000x1000.png 1000w, https:\/\/doftrum.se\/wp-content\/uploads\/2024\/03\/51744758_Lemon_Lavender_Small_Tumbler_with_Lid1-100x100.png 100w, https:\/\/doftrum.se\/wp-content\/uploads\/2024\/03\/51744758_Lemon_Lavender_Small_Tumbler_with_Lid1-1024x1024.png 1024w, https:\/\/doftrum.se\/wp-content\/uploads\/2024\/03\/51744758_Lemon_Lavender_Small_Tumbler_with_Lid1-768x768.png 768w, https:\/\/doftrum.se\/wp-content\/uploads\/2024\/03\/51744758_Lemon_Lavender_Small_Tumbler_with_Lid1-1536x1536.png 1536w, https:\/\/doftrum.se\/wp-content\/uploads\/2024\/03\/51744758_Lemon_Lavender_Small_Tumbler_with_Lid1.png 1920w\" sizes=\"auto, (max-width: 1000px) 100vw, 1000px\" \/>\t\t\t\t<\/div>\n\t\t\t\t<div class=\"image-tools is-small top right show-on-hover\">\n\t\t\t\t\t\t\t\t\t<\/div>\n\t\t\t\t<div class=\"image-tools is-small hide-for-small bottom left show-on-hover\">\n\t\t\t\t\t\t\t\t\t<\/div>\n\t\t\t\t<div class=\"image-tools grid-tools text-center hide-for-small bottom hover-slide-in show-on-hover\">\n\t\t\t\t\t\t\t\t\t<\/div>\n\t\t\t\t\t\t\t<\/div>\n\t\t<\/a>\n\t\t<div class=\"box-text box-text-products\">\n\t\t<a class=\"overlay-link\" href=\"https:\/\/doftrum.se\/no\/produkt\/lemon-lavender-signature-small-tumbler\/\" aria-label=\"Lemon Lavender - Signature Small Tumbler\"><\/a>\n\t\t\t<h3 class=\"product-title\"><a href=\"https:\/\/doftrum.se\/no\/produkt\/lemon-lavender-signature-small-tumbler\/\" aria-label=\"Lemon Lavender - Signature Small Tumbler\">Lemon Lavender - Signature Small Tumbler<\/a><\/h3>\n\t\t\t<div class=\"price-wrapper\">\n\t\t\t\t<stock-price-element-widget product-id=\"2063\" align=\"left\"><\/stock-price-element-widget>\t\t\t<\/div>\n\t\t\t<a href=\"https:\/\/doftrum.se\/no\/produkt\/lemon-lavender-signature-small-tumbler\/\" class=\"button primary\"><span>Les mer og kj\u00f8p<\/span><\/a>\n\t\t<\/div>\n\t<\/div>\n\t\t\t<\/div>\n<\/div><div class=\"product-small col has-hover product type-product post-5745 status-publish instock product_cat-duftlys-no-2 product_tag-yc-no has-post-thumbnail shipping-taxable product-type-simple\">\n\t<div class=\"col-inner\">\n\t\n<div class=\"badge-container absolute left top z-1\">\n\n<\/div>\n\t<div class=\"product-small box \">\n\t\t<div class=\"product-rating\">\n\t\t\t\t\t<\/div>\n\t\t<a href=\"https:\/\/doftrum.se\/no\/produkt\/signature-small-tumbler-cinnamon-stick\/\" aria-label=\"Signature Small Tumbler Cinnamon Stick\">\n\t\t\t<div class=\"box-image\">\n\t\t\t\t<div class=\"image-fade_in_back image-cover\">\n\t\t\t\t\t\t<img loading=\"lazy\" decoding=\"async\" width=\"1000\" height=\"1000\" src=\"https:\/\/doftrum.se\/wp-content\/uploads\/2024\/09\/52654102_2_YANKEE-CANDLE_SIGNATURE-SMALL-TUMBLER_CINNAMON-STICK_PRODUCT-SHOT_STRAIGHT-ON_ON-LID-1000x1000.png\" class=\"attachment-woocommerce_thumbnail size-woocommerce_thumbnail\" alt=\"Signature Small Tumbler Cinnamon Stick\" srcset=\"https:\/\/doftrum.se\/wp-content\/uploads\/2024\/09\/52654102_2_YANKEE-CANDLE_SIGNATURE-SMALL-TUMBLER_CINNAMON-STICK_PRODUCT-SHOT_STRAIGHT-ON_ON-LID-1000x1000.png 1000w, https:\/\/doftrum.se\/wp-content\/uploads\/2024\/09\/52654102_2_YANKEE-CANDLE_SIGNATURE-SMALL-TUMBLER_CINNAMON-STICK_PRODUCT-SHOT_STRAIGHT-ON_ON-LID-1024x1024.png 1024w, https:\/\/doftrum.se\/wp-content\/uploads\/2024\/09\/52654102_2_YANKEE-CANDLE_SIGNATURE-SMALL-TUMBLER_CINNAMON-STICK_PRODUCT-SHOT_STRAIGHT-ON_ON-LID-768x768.png 768w, https:\/\/doftrum.se\/wp-content\/uploads\/2024\/09\/52654102_2_YANKEE-CANDLE_SIGNATURE-SMALL-TUMBLER_CINNAMON-STICK_PRODUCT-SHOT_STRAIGHT-ON_ON-LID-1536x1536.png 1536w, https:\/\/doftrum.se\/wp-content\/uploads\/2024\/09\/52654102_2_YANKEE-CANDLE_SIGNATURE-SMALL-TUMBLER_CINNAMON-STICK_PRODUCT-SHOT_STRAIGHT-ON_ON-LID-100x100.png 100w, https:\/\/doftrum.se\/wp-content\/uploads\/2024\/09\/52654102_2_YANKEE-CANDLE_SIGNATURE-SMALL-TUMBLER_CINNAMON-STICK_PRODUCT-SHOT_STRAIGHT-ON_ON-LID.png 1920w\" sizes=\"auto, (max-width: 1000px) 100vw, 1000px\" \/><img loading=\"lazy\" decoding=\"async\" width=\"1000\" height=\"1000\" src=\"https:\/\/doftrum.se\/wp-content\/uploads\/2024\/09\/52654102_YANKEE-CANDLE_SIGNATURE-SMALL-TUMBLER_CINNAMON-STICK_PRODUCT-SHOT_STRAIGHT-ON_LID-ON-1000x1000.png\" class=\"show-on-hover absolute fill hide-for-small back-image\" alt=\"Alternative view of Signature Small Tumbler Cinnamon Stick\" aria-hidden=\"true\" srcset=\"https:\/\/doftrum.se\/wp-content\/uploads\/2024\/09\/52654102_YANKEE-CANDLE_SIGNATURE-SMALL-TUMBLER_CINNAMON-STICK_PRODUCT-SHOT_STRAIGHT-ON_LID-ON-1000x1000.png 1000w, https:\/\/doftrum.se\/wp-content\/uploads\/2024\/09\/52654102_YANKEE-CANDLE_SIGNATURE-SMALL-TUMBLER_CINNAMON-STICK_PRODUCT-SHOT_STRAIGHT-ON_LID-ON-1024x1024.png 1024w, https:\/\/doftrum.se\/wp-content\/uploads\/2024\/09\/52654102_YANKEE-CANDLE_SIGNATURE-SMALL-TUMBLER_CINNAMON-STICK_PRODUCT-SHOT_STRAIGHT-ON_LID-ON-768x768.png 768w, https:\/\/doftrum.se\/wp-content\/uploads\/2024\/09\/52654102_YANKEE-CANDLE_SIGNATURE-SMALL-TUMBLER_CINNAMON-STICK_PRODUCT-SHOT_STRAIGHT-ON_LID-ON-1536x1536.png 1536w, https:\/\/doftrum.se\/wp-content\/uploads\/2024\/09\/52654102_YANKEE-CANDLE_SIGNATURE-SMALL-TUMBLER_CINNAMON-STICK_PRODUCT-SHOT_STRAIGHT-ON_LID-ON-100x100.png 100w, https:\/\/doftrum.se\/wp-content\/uploads\/2024\/09\/52654102_YANKEE-CANDLE_SIGNATURE-SMALL-TUMBLER_CINNAMON-STICK_PRODUCT-SHOT_STRAIGHT-ON_LID-ON.png 1920w\" sizes=\"auto, (max-width: 1000px) 100vw, 1000px\" \/>\t\t\t\t<\/div>\n\t\t\t\t<div class=\"image-tools is-small top right show-on-hover\">\n\t\t\t\t\t\t\t\t\t<\/div>\n\t\t\t\t<div class=\"image-tools is-small hide-for-small bottom left show-on-hover\">\n\t\t\t\t\t\t\t\t\t<\/div>\n\t\t\t\t<div class=\"image-tools grid-tools text-center hide-for-small bottom hover-slide-in show-on-hover\">\n\t\t\t\t\t\t\t\t\t<\/div>\n\t\t\t\t\t\t\t<\/div>\n\t\t<\/a>\n\t\t<div class=\"box-text box-text-products\">\n\t\t<a class=\"overlay-link\" href=\"https:\/\/doftrum.se\/no\/produkt\/signature-small-tumbler-cinnamon-stick\/\" aria-label=\"Signature Small Tumbler Cinnamon Stick\"><\/a>\n\t\t\t<h3 class=\"product-title\"><a href=\"https:\/\/doftrum.se\/no\/produkt\/signature-small-tumbler-cinnamon-stick\/\" aria-label=\"Signature Small Tumbler Cinnamon Stick\">Signature Small Tumbler Cinnamon Stick<\/a><\/h3>\n\t\t\t<div class=\"price-wrapper\">\n\t\t\t\t<stock-price-element-widget product-id=\"2441\" align=\"left\"><\/stock-price-element-widget>\t\t\t<\/div>\n\t\t\t<a href=\"https:\/\/doftrum.se\/no\/produkt\/signature-small-tumbler-cinnamon-stick\/\" class=\"button primary\"><span>Les mer og kj\u00f8p<\/span><\/a>\n\t\t<\/div>\n\t<\/div>\n\t\t\t<\/div>\n<\/div><\/div>\n\n\n\n<stock-price-service-widget><\/stock-price-service-widget>\n\n\n","protected":false},"excerpt":{"rendered":"","protected":false},"author":18,"featured_media":0,"parent":0,"menu_order":0,"comment_status":"closed","ping_status":"closed","template":"page-blank.php","meta":{"_acf_changed":false,"footnotes":""},"class_list":["post-5778","page","type-page","status-publish","hentry"],"acf":[],"_links":{"self":[{"href":"https:\/\/doftrum.se\/no\/wp-json\/wp\/v2\/pages\/5778","targetHints":{"allow":["GET"]}}],"collection":[{"href":"https:\/\/doftrum.se\/no\/wp-json\/wp\/v2\/pages"}],"about":[{"href":"https:\/\/doftrum.se\/no\/wp-json\/wp\/v2\/types\/page"}],"author":[{"embeddable":true,"href":"https:\/\/doftrum.se\/no\/wp-json\/wp\/v2\/users\/18"}],"replies":[{"embeddable":true,"href":"https:\/\/doftrum.se\/no\/wp-json\/wp\/v2\/comments?post=5778"}],"version-history":[{"count":4,"href":"https:\/\/doftrum.se\/no\/wp-json\/wp\/v2\/pages\/5778\/revisions"}],"predecessor-version":[{"id":5819,"href":"https:\/\/doftrum.se\/no\/wp-json\/wp\/v2\/pages\/5778\/revisions\/5819"}],"wp:attachment":[{"href":"https:\/\/doftrum.se\/no\/wp-json\/wp\/v2\/media?parent=5778"}],"curies":[{"name":"wp","href":"https:\/\/api.w.org\/{rel}","templated":true}]}}