{"id":5061,"date":"2024-06-14T11:38:57","date_gmt":"2024-06-14T09:38:57","guid":{"rendered":"https:\/\/doftrum.se\/juledue\/"},"modified":"2024-08-16T08:22:06","modified_gmt":"2024-08-16T06:22:06","slug":"juledue","status":"publish","type":"page","link":"https:\/\/doftrum.se\/no\/juledue\/","title":{"rendered":"Juledue"},"content":{"rendered":"\n\n\t<section class=\"section dark\" id=\"section_80066552\">\n\t\t<div class=\"section-bg fill\" >\n\t\t\t\t\t\t\t\t\t<div class=\"section-bg-overlay absolute fill\"><\/div>\n\t\t\t\n\n\t\t<\/div>\n\n\t\t\n\n\t\t<div class=\"section-content relative\">\n\t\t\t\n\n<div class=\"row row-collapse row-full-width align-middle\"  id=\"row-1510548091\">\n\n\n\t<div id=\"col-1046725847\" class=\"col medium-6 small-12 large-6\"  >\n\t\t\t\t<div class=\"col-inner text-left\"  >\n\t\t\t\n\t\t\t\n\n<h2 class=\"uppercase\">En doft av jul<\/h2>\n<p>Det finns inget b\u00e4ttre \u00e4n en h\u00e4rlig doft av jul. Vi hj\u00e4lper dig att f\u00e5 till den d\u00e4r h\u00e4rliga doften av f\u00e4rska granskott, nygr\u00e4ddade pepparkakor eller varf\u00f6r inte kardemumma &amp; kanelst\u00e5ng?<\/p>\n\n\t\t<\/div>\n\t\t\t\t\n<style>\n#col-1046725847 > .col-inner {\n  padding: 5% 5% 5% 0px;\n  max-width: 520px;\n}\n<\/style>\n\t<\/div>\n\n\t\n\n\t<div id=\"col-1447461097\" class=\"col medium-6 small-12 large-6\"  >\n\t\t\t\t<div class=\"col-inner\"  >\n\t\t\t\n\t\t\t\n\n\t<div class=\"img has-hover x md-x lg-x y md-y lg-y\" id=\"image_1637349617\">\n\t\t\t\t\t\t\t\t<div class=\"img-inner dark\" >\n\t\t\t<img loading=\"lazy\" decoding=\"async\" width=\"1020\" height=\"765\" src=\"https:\/\/doftrum.se\/wp-content\/uploads\/2024\/03\/Fireside-Large-Jar-1024x768.jpg\" class=\"attachment-large size-large\" alt=\"Doftljus vid sprakande brasa, mysig atmosf\u00e4r i hemmet.\" srcset=\"https:\/\/doftrum.se\/wp-content\/uploads\/2024\/03\/Fireside-Large-Jar-1024x768.jpg 1024w, https:\/\/doftrum.se\/wp-content\/uploads\/2024\/03\/Fireside-Large-Jar-1000x750.jpg 1000w, https:\/\/doftrum.se\/wp-content\/uploads\/2024\/03\/Fireside-Large-Jar-768x576.jpg 768w, https:\/\/doftrum.se\/wp-content\/uploads\/2024\/03\/Fireside-Large-Jar-1536x1152.jpg 1536w, https:\/\/doftrum.se\/wp-content\/uploads\/2024\/03\/Fireside-Large-Jar.jpg 1920w\" sizes=\"auto, (max-width: 1020px) 100vw, 1020px\" \/>\t\t\t\t\t\t\n\t\t\t\t\t<\/div>\n\t\t\t\t\t\t\t\t\n<style>\n#image_1637349617 {\n  width: 100%;\n}\n<\/style>\n\t<\/div>\n\t\n\n\n\t\t<\/div>\n\t\t\t\t\t<\/div>\n\n\t\n\n<\/div>\n<div class=\"row\"  id=\"row-806743961\">\n\n\n\t<div id=\"col-582193779\" class=\"col small-12 large-12\"  >\n\t\t\t\t<div class=\"col-inner\"  >\n\t\t\t\n\t\t\t\n\n\t\n  \n    <div class=\"row large-columns-5 medium-columns-3 small-columns-2 row-small slider row-slider slider-nav-reveal slider-nav-push\"  data-flickity-options='{&quot;imagesLoaded&quot;: true, &quot;groupCells&quot;: &quot;100%&quot;, &quot;dragThreshold&quot; : 5, &quot;cellAlign&quot;: &quot;left&quot;,&quot;wrapAround&quot;: true,&quot;prevNextButtons&quot;: true,&quot;percentPosition&quot;: true,&quot;pageDots&quot;: false, &quot;rightToLeft&quot;: false, &quot;autoPlay&quot; : false}' >\n\n  \n\t     <div class=\"product-small col has-hover product type-product post-5275 status-publish first instock product_cat-duftlys-no-2 product_tag-yc-no has-post-thumbnail product-type-simple\">\n\t<div class=\"col-inner\">\n\t\n<div class=\"badge-container absolute left top z-1\">\n\n<\/div>\n\t<div class=\"product-small box \">\n\t\t<div class=\"product-rating\">\n\t\t\t\t\t<\/div>\n\t\t<a href=\"https:\/\/doftrum.se\/no\/produkt\/munich-christmas-market-filled-votive\/\" aria-label=\"Munich Christmas Market - Filled Votive\">\n\t\t\t<div class=\"box-image\">\n\t\t\t\t<div class=\"image-fade_in_back image-cover\">\n\t\t\t\t\t\t<img loading=\"lazy\" decoding=\"async\" width=\"1000\" height=\"833\" src=\"https:\/\/doftrum.se\/wp-content\/uploads\/2024\/06\/51760996_FilledVotive_Sleeve_Render_MunichChristmasMarket1-1000x833.jpg\" class=\"attachment-woocommerce_thumbnail size-woocommerce_thumbnail\" alt=\"Munich Christmas Market - Filled Votive\" srcset=\"https:\/\/doftrum.se\/wp-content\/uploads\/2024\/06\/51760996_FilledVotive_Sleeve_Render_MunichChristmasMarket1-1000x833.jpg 1000w, https:\/\/doftrum.se\/wp-content\/uploads\/2024\/06\/51760996_FilledVotive_Sleeve_Render_MunichChristmasMarket1-1024x853.jpg 1024w, https:\/\/doftrum.se\/wp-content\/uploads\/2024\/06\/51760996_FilledVotive_Sleeve_Render_MunichChristmasMarket1-768x640.jpg 768w, https:\/\/doftrum.se\/wp-content\/uploads\/2024\/06\/51760996_FilledVotive_Sleeve_Render_MunichChristmasMarket1-1536x1280.jpg 1536w, https:\/\/doftrum.se\/wp-content\/uploads\/2024\/06\/51760996_FilledVotive_Sleeve_Render_MunichChristmasMarket1.jpg 1800w\" sizes=\"auto, (max-width: 1000px) 100vw, 1000px\" \/><img loading=\"lazy\" decoding=\"async\" width=\"1000\" height=\"833\" src=\"https:\/\/doftrum.se\/wp-content\/uploads\/2024\/06\/51760996_FilledVotive_Render_MunichChristmasMarket-1000x833.jpg\" class=\"show-on-hover absolute fill hide-for-small back-image\" alt=\"Alternative view of Munich Christmas Market - Filled Votive\" aria-hidden=\"true\" srcset=\"https:\/\/doftrum.se\/wp-content\/uploads\/2024\/06\/51760996_FilledVotive_Render_MunichChristmasMarket-1000x833.jpg 1000w, https:\/\/doftrum.se\/wp-content\/uploads\/2024\/06\/51760996_FilledVotive_Render_MunichChristmasMarket-1024x853.jpg 1024w, https:\/\/doftrum.se\/wp-content\/uploads\/2024\/06\/51760996_FilledVotive_Render_MunichChristmasMarket-768x640.jpg 768w, https:\/\/doftrum.se\/wp-content\/uploads\/2024\/06\/51760996_FilledVotive_Render_MunichChristmasMarket-1536x1280.jpg 1536w, https:\/\/doftrum.se\/wp-content\/uploads\/2024\/06\/51760996_FilledVotive_Render_MunichChristmasMarket.jpg 1800w\" sizes=\"auto, (max-width: 1000px) 100vw, 1000px\" \/>\t\t\t\t<\/div>\n\t\t\t\t<div class=\"image-tools is-small top right show-on-hover\">\n\t\t\t\t\t\t\t\t\t<\/div>\n\t\t\t\t<div class=\"image-tools is-small hide-for-small bottom left show-on-hover\">\n\t\t\t\t\t\t\t\t\t<\/div>\n\t\t\t\t<div class=\"image-tools grid-tools text-center hide-for-small bottom hover-slide-in show-on-hover\">\n\t\t\t\t\t\t\t\t\t<\/div>\n\t\t\t\t\t\t\t<\/div>\n\t\t<\/a>\n\t\t<div class=\"box-text box-text-products\">\n\t\t<a class=\"overlay-link\" href=\"https:\/\/doftrum.se\/no\/produkt\/munich-christmas-market-filled-votive\/\" aria-label=\"Munich Christmas Market - Filled Votive\"><\/a>\n\t\t\t<h3 class=\"product-title\"><a href=\"https:\/\/doftrum.se\/no\/produkt\/munich-christmas-market-filled-votive\/\" aria-label=\"Munich Christmas Market - Filled Votive\">Munich Christmas Market - Filled Votive<\/a><\/h3>\n\t\t\t<div class=\"price-wrapper\">\n\t\t\t\t<stock-price-element-widget product-id=\"2348\" align=\"left\"><\/stock-price-element-widget>\t\t\t<\/div>\n\t\t\t<a href=\"https:\/\/doftrum.se\/no\/produkt\/munich-christmas-market-filled-votive\/\" class=\"button primary\"><span>Les mer og kj\u00f8p<\/span><\/a>\n\t\t<\/div>\n\t<\/div>\n\t\t\t<\/div>\n<\/div><div class=\"product-small col has-hover product type-product post-5162 status-publish instock product_cat-duftlys-no-2 product_tag-yc-no has-post-thumbnail product-type-simple\">\n\t<div class=\"col-inner\">\n\t\n<div class=\"badge-container absolute left top z-1\">\n\n<\/div>\n\t<div class=\"product-small box \">\n\t\t<div class=\"product-rating\">\n\t\t\t<div class=\"star-rating star-rating--inline\" role=\"img\" aria-label=\"Vurdert 4.5 av 5\"><span style=\"width:90%\">Vurdert <strong class=\"rating\">4.5<\/strong> av 5<\/span><\/div><span class=\"review-count is-small op-7\">(0)<\/span><br\/>\t\t<\/div>\n\t\t<a href=\"https:\/\/doftrum.se\/no\/produkt\/woodland-weekend-memories-signature-large-tumbler\/\" aria-label=\"Woodland Weekend Memories - Signature Large Tumbler\">\n\t\t\t<div class=\"box-image\">\n\t\t\t\t<div class=\"image-fade_in_back image-cover\">\n\t\t\t\t\t\t<img loading=\"lazy\" decoding=\"async\" width=\"1000\" height=\"1000\" src=\"https:\/\/doftrum.se\/wp-content\/uploads\/2024\/06\/51759283_Woodland-Weekend-Memories_Large-Tumbler-1000x1000.png\" class=\"attachment-woocommerce_thumbnail size-woocommerce_thumbnail\" alt=\"Woodland Weekend Memories - Signature Large Tumbler\" srcset=\"https:\/\/doftrum.se\/wp-content\/uploads\/2024\/06\/51759283_Woodland-Weekend-Memories_Large-Tumbler-1000x1000.png 1000w, https:\/\/doftrum.se\/wp-content\/uploads\/2024\/06\/51759283_Woodland-Weekend-Memories_Large-Tumbler-1024x1024.png 1024w, https:\/\/doftrum.se\/wp-content\/uploads\/2024\/06\/51759283_Woodland-Weekend-Memories_Large-Tumbler-768x768.png 768w, https:\/\/doftrum.se\/wp-content\/uploads\/2024\/06\/51759283_Woodland-Weekend-Memories_Large-Tumbler-1536x1536.png 1536w, https:\/\/doftrum.se\/wp-content\/uploads\/2024\/06\/51759283_Woodland-Weekend-Memories_Large-Tumbler-100x100.png 100w, https:\/\/doftrum.se\/wp-content\/uploads\/2024\/06\/51759283_Woodland-Weekend-Memories_Large-Tumbler.png 1920w\" sizes=\"auto, (max-width: 1000px) 100vw, 1000px\" \/><img loading=\"lazy\" decoding=\"async\" width=\"1000\" height=\"1029\" src=\"https:\/\/doftrum.se\/wp-content\/uploads\/2024\/06\/5175928_Woodland-Weekend-Memories_Tumbler_enviro-1000x1029.jpg\" class=\"show-on-hover absolute fill hide-for-small back-image\" alt=\"Alternative view of Woodland Weekend Memories - Signature Large Tumbler\" aria-hidden=\"true\" srcset=\"https:\/\/doftrum.se\/wp-content\/uploads\/2024\/06\/5175928_Woodland-Weekend-Memories_Tumbler_enviro-1000x1029.jpg 1000w, https:\/\/doftrum.se\/wp-content\/uploads\/2024\/06\/5175928_Woodland-Weekend-Memories_Tumbler_enviro-971x1000.jpg 971w, https:\/\/doftrum.se\/wp-content\/uploads\/2024\/06\/5175928_Woodland-Weekend-Memories_Tumbler_enviro-995x1024.jpg 995w, https:\/\/doftrum.se\/wp-content\/uploads\/2024\/06\/5175928_Woodland-Weekend-Memories_Tumbler_enviro-768x791.jpg 768w, https:\/\/doftrum.se\/wp-content\/uploads\/2024\/06\/5175928_Woodland-Weekend-Memories_Tumbler_enviro-1492x1536.jpg 1492w, https:\/\/doftrum.se\/wp-content\/uploads\/2024\/06\/5175928_Woodland-Weekend-Memories_Tumbler_enviro.jpg 1865w\" sizes=\"auto, (max-width: 1000px) 100vw, 1000px\" \/>\t\t\t\t<\/div>\n\t\t\t\t<div class=\"image-tools is-small top right show-on-hover\">\n\t\t\t\t\t\t\t\t\t<\/div>\n\t\t\t\t<div class=\"image-tools is-small hide-for-small bottom left show-on-hover\">\n\t\t\t\t\t\t\t\t\t<\/div>\n\t\t\t\t<div class=\"image-tools grid-tools text-center hide-for-small bottom hover-slide-in show-on-hover\">\n\t\t\t\t\t\t\t\t\t<\/div>\n\t\t\t\t\t\t\t<\/div>\n\t\t<\/a>\n\t\t<div class=\"box-text box-text-products\">\n\t\t<a class=\"overlay-link\" href=\"https:\/\/doftrum.se\/no\/produkt\/woodland-weekend-memories-signature-large-tumbler\/\" aria-label=\"Woodland Weekend Memories - Signature Large Tumbler\"><\/a>\n\t\t\t<h3 class=\"product-title\"><a href=\"https:\/\/doftrum.se\/no\/produkt\/woodland-weekend-memories-signature-large-tumbler\/\" aria-label=\"Woodland Weekend Memories - Signature Large Tumbler\">Woodland Weekend Memories - Signature Large Tumbler<\/a><\/h3>\n\t\t\t<div class=\"price-wrapper\">\n\t\t\t\t<div class=\"star-rating star-rating--inline\" role=\"img\" aria-label=\"Vurdert 4.5 av 5\"><span style=\"width:90%\">Vurdert <strong class=\"rating\">4.5<\/strong> av 5<\/span><\/div><span class=\"review-count is-small op-8\" aria-label=\"0 omtaler\">(0)<\/span><stock-price-element-widget product-id=\"2331\" align=\"left\"><\/stock-price-element-widget>\t\t\t<\/div>\n\t\t\t<a href=\"https:\/\/doftrum.se\/no\/produkt\/woodland-weekend-memories-signature-large-tumbler\/\" class=\"button primary\"><span>Les mer og kj\u00f8p<\/span><\/a>\n\t\t<\/div>\n\t<\/div>\n\t\t\t<\/div>\n<\/div><\/div>\n\n\t<div id=\"gap-2042754052\" class=\"gap-element clearfix\" style=\"display:block; height:auto;\">\n\t\t\n<style>\n#gap-2042754052 {\n  padding-top: 30px;\n}\n<\/style>\n\t<\/div>\n\t\n\n\t<div id=\"text-1758841010\" class=\"text\">\n\t\t\n\n<p><span data-text-color=\"primary\">Vi \u00e4lskar b\u00e5de doftljus och julen. Hos oss hittar du alla dofter du beh\u00f6ver f\u00f6r att huset skall dofta av jul!\u00a0<\/span><br \/><span data-text-color=\"primary\">Juldoftljus, Doftljus julkollektion, B\u00e4sta doftljus f\u00f6r julen, Doftljus med juldoft, Handgjorda juldoftljus, Julinspirerade doftljus, Doftljus f\u00f6r julst\u00e4mning, Julklappstips doftljus, DIY juldoftljus, Doftljus pepparkaka, Doftljus kanel och \u00e4pple, Doftljus gran och tall, Festliga doftljus f\u00f6r jul, Ljus med juldofter, Exklusiva juldoftljus, Juldoftljus set, Ekologiska juldoftljus, L\u00e5nga brinntid doftljus jul, Doftljus med vinterdofter, Doftljus med kryddiga juldofter<\/span><\/p>\n\t\t\n<style>\n#text-1758841010 {\n  font-size: 2.55rem;\n  text-align: center;\n}\n<\/style>\n\t<\/div>\n\t\n\n\t\t<\/div>\n\t\t\t\t\t<\/div>\n\n\t\n\n<\/div>\n\n\t\t<\/div>\n\n\t\t\n<style>\n#section_80066552 {\n  padding-top: 0px;\n  padding-bottom: 0px;\n  background-color: rgb(64, 64, 64);\n}\n#section_80066552 .section-bg-overlay {\n  background-color: rgba(0, 0, 0, 0.7);\n}\n<\/style>\n\t<\/section>\n\t\n\n","protected":false},"excerpt":{"rendered":"","protected":false},"author":18,"featured_media":5506,"parent":0,"menu_order":0,"comment_status":"closed","ping_status":"closed","template":"page-blank.php","meta":{"_acf_changed":false,"footnotes":""},"class_list":["post-5061","page","type-page","status-publish","has-post-thumbnail","hentry"],"acf":[],"_links":{"self":[{"href":"https:\/\/doftrum.se\/no\/wp-json\/wp\/v2\/pages\/5061","targetHints":{"allow":["GET"]}}],"collection":[{"href":"https:\/\/doftrum.se\/no\/wp-json\/wp\/v2\/pages"}],"about":[{"href":"https:\/\/doftrum.se\/no\/wp-json\/wp\/v2\/types\/page"}],"author":[{"embeddable":true,"href":"https:\/\/doftrum.se\/no\/wp-json\/wp\/v2\/users\/18"}],"replies":[{"embeddable":true,"href":"https:\/\/doftrum.se\/no\/wp-json\/wp\/v2\/comments?post=5061"}],"version-history":[{"count":5,"href":"https:\/\/doftrum.se\/no\/wp-json\/wp\/v2\/pages\/5061\/revisions"}],"predecessor-version":[{"id":5310,"href":"https:\/\/doftrum.se\/no\/wp-json\/wp\/v2\/pages\/5061\/revisions\/5310"}],"wp:featuredmedia":[{"embeddable":true,"href":"https:\/\/doftrum.se\/no\/wp-json\/wp\/v2\/media\/5506"}],"wp:attachment":[{"href":"https:\/\/doftrum.se\/no\/wp-json\/wp\/v2\/media?parent=5061"}],"curies":[{"name":"wp","href":"https:\/\/api.w.org\/{rel}","templated":true}]}}