{"id":4902,"date":"2024-05-07T14:52:18","date_gmt":"2024-05-07T12:52:18","guid":{"rendered":"https:\/\/doftrum.se\/vare-duftfavoritter\/"},"modified":"2024-05-07T14:53:59","modified_gmt":"2024-05-07T12:53:59","slug":"vare-duftfavoritter","status":"publish","type":"page","link":"https:\/\/doftrum.se\/no\/vare-duftfavoritter\/","title":{"rendered":"V\u00e5re duftfavoritter"},"content":{"rendered":"\n<div class=\"container section-title-container\" ><h3 class=\"section-title section-title-center\"><b aria-hidden=\"true\"><\/b><span class=\"section-title-main\" >V\u00e5re duftfavoritter<\/span><b aria-hidden=\"true\"><\/b><\/h3><\/div>\n\n\n\t<section class=\"section dark\" id=\"section_583518044\">\n\t\t<div class=\"section-bg fill\" >\n\t\t\t\t\t\t\t\t\t\n\t\t\t\n\n\t\t<\/div>\n\n\t\t\n\n\t\t<div class=\"section-content relative\">\n\t\t\t\n\n            <div class=\"row\"><div class=\"large-12 col\">\n          <div style=\"background-color:#FFF;\" class=\"slider flipContainer slider-nav-circle slide box-shadow-2\"\n            data-flickity-options='{\n              \"cellAlign\": \"center\",\n              \"wrapAround\": true,\n              \"percentPosition\": true,\n              \"imagesLoaded\": true,\n              \"pageDots\": true,\n              \"contain\": true\n          }'>\n                        <div class=\"slide\" style=\"background-color:#FFF;\">  <div class=\"row row-collapse align-middle flip-slide\" style=\"width:100%\">\n        <div class=\"large-6 col flip-page-one\">\n        <div class=\"featured-product col-inner\">\n          <a href=\"https:\/\/doftrum.se\/no\/produkt\/clean-cotton-signature-large-jar\/\">\n                <div class=\"product-image relative\">\n                   <div class=\"front-image\">\n                    <img loading=\"lazy\" decoding=\"async\" width=\"1000\" height=\"1000\" src=\"https:\/\/doftrum.se\/wp-content\/uploads\/2024\/03\/51630644_1_Clean-Cotton_Large_Lid-1000x1000.png\" class=\"attachment-woocommerce_single size-woocommerce_single wp-post-image\" alt=\"\" srcset=\"https:\/\/doftrum.se\/wp-content\/uploads\/2024\/03\/51630644_1_Clean-Cotton_Large_Lid-1000x1000.png 1000w, https:\/\/doftrum.se\/wp-content\/uploads\/2024\/03\/51630644_1_Clean-Cotton_Large_Lid-100x100.png 100w, https:\/\/doftrum.se\/wp-content\/uploads\/2024\/03\/51630644_1_Clean-Cotton_Large_Lid-1024x1024.png 1024w, https:\/\/doftrum.se\/wp-content\/uploads\/2024\/03\/51630644_1_Clean-Cotton_Large_Lid-768x768.png 768w, https:\/\/doftrum.se\/wp-content\/uploads\/2024\/03\/51630644_1_Clean-Cotton_Large_Lid-1536x1536.png 1536w, https:\/\/doftrum.se\/wp-content\/uploads\/2024\/03\/51630644_1_Clean-Cotton_Large_Lid.png 1920w\" sizes=\"auto, (max-width: 1000px) 100vw, 1000px\" \/>                  <\/div>\n                  \n<div class=\"badge-container absolute left top z-1\">\n\n<\/div>\n                <\/div>\n          <\/a>\n        <\/div>\n        <\/div>\n       <div class=\"large-6 col flip-page-two\">\n        <div class=\"product-info col-inner inner-padding\">\n              <h1 class=\"entry-title\"><a href=\"https:\/\/doftrum.se\/no\/produkt\/clean-cotton-signature-large-jar\/\">Clean Cotton &#8211; Signature Large Jar<\/a><\/h1>\n              <div class=\"is-divider medium\"><\/div>\n              <div class=\"price-wrapper\">\n\t<p class=\"price product-page-price \">\n  <\/p>\n<\/div>\n<div class=\"product-short-description\">\n\t<p>En duft s\u00e5 frisk som solt\u00f8rkede bomullslaken som bl\u00e5ser i vinden. Fornemmelsen forsterkes av aromaer av hvite blomster og sitron.<\/p>\n<\/div>\n<div class=\"product_meta\">\n\n\t\n\t\n\t\t<span class=\"sku_wrapper\">Produktnummer: <span class=\"sku\">51630644<\/span><\/span>\n\n\t\n\t<span class=\"posted_in\">Kategori: <a href=\"https:\/\/doftrum.se\/no\/duftlys-no-2\/\" rel=\"tag\">Duftlys<\/a><\/span>\n\t<span class=\"tagged_as\">Stikkord: <a href=\"https:\/\/doftrum.se\/no\/produktetikett\/yc-no\/\" rel=\"tag\">yc<\/a><\/span>\n\t\n<\/div>\n              <a href=\"https:\/\/doftrum.se\/no\/produkt\/clean-cotton-signature-large-jar\/\" class=\"button\">Les mer<\/a>\n         <\/div>\n        <\/div>\n<\/div>\n<\/div>\n                    <\/div>\n          <\/div><\/div>\n          \n\n\n\t\t<\/div>\n\n\t\t\n<style>\n#section_583518044 {\n  padding-top: 30px;\n  padding-bottom: 30px;\n}\n<\/style>\n\t<\/section>\n\t\n\n","protected":false},"excerpt":{"rendered":"","protected":false},"author":18,"featured_media":0,"parent":0,"menu_order":0,"comment_status":"closed","ping_status":"closed","template":"","meta":{"_acf_changed":false,"footnotes":""},"class_list":["post-4902","page","type-page","status-publish","hentry"],"acf":[],"_links":{"self":[{"href":"https:\/\/doftrum.se\/no\/wp-json\/wp\/v2\/pages\/4902","targetHints":{"allow":["GET"]}}],"collection":[{"href":"https:\/\/doftrum.se\/no\/wp-json\/wp\/v2\/pages"}],"about":[{"href":"https:\/\/doftrum.se\/no\/wp-json\/wp\/v2\/types\/page"}],"author":[{"embeddable":true,"href":"https:\/\/doftrum.se\/no\/wp-json\/wp\/v2\/users\/18"}],"replies":[{"embeddable":true,"href":"https:\/\/doftrum.se\/no\/wp-json\/wp\/v2\/comments?post=4902"}],"version-history":[{"count":2,"href":"https:\/\/doftrum.se\/no\/wp-json\/wp\/v2\/pages\/4902\/revisions"}],"predecessor-version":[{"id":4905,"href":"https:\/\/doftrum.se\/no\/wp-json\/wp\/v2\/pages\/4902\/revisions\/4905"}],"wp:attachment":[{"href":"https:\/\/doftrum.se\/no\/wp-json\/wp\/v2\/media?parent=4902"}],"curies":[{"name":"wp","href":"https:\/\/api.w.org\/{rel}","templated":true}]}}