{"id":4310,"date":"2024-03-21T10:43:08","date_gmt":"2024-03-21T09:43:08","guid":{"rendered":"https:\/\/doftrum.se\/laer-mer-om-duft\/"},"modified":"2024-05-02T08:44:08","modified_gmt":"2024-05-02T06:44:08","slug":"laer-mer-om-duft","status":"publish","type":"page","link":"https:\/\/doftrum.se\/no\/laer-mer-om-duft\/","title":{"rendered":"L\u00e6r mer om duft"},"content":{"rendered":"\n\n\t<section class=\"section\" id=\"section_1781695736\">\n\t\t<div class=\"section-bg fill\" >\n\t\t\t\t\t\t\t<div class=\"video-overlay no-click fill hide-for-medium\"><\/div>\n\t<video class=\"video-bg fill hide-for-medium\" preload playsinline autoplay muted loop>\n\t\t<source src=\"https:\/\/doftrum.se\/wp-content\/uploads\/2024\/02\/pexels_videos_2544522-1080p.mp4\" type=\"video\/mp4\">\t<\/video>\n\t\t\t<div class=\"section-bg-overlay absolute fill\"><\/div>\n\t\t\t\n\n\t\t<\/div>\n\n\t\t\n\n\t\t<div class=\"section-content relative\">\n\t\t\t\n\n\t<div id=\"gap-527380891\" class=\"gap-element clearfix\" style=\"display:block; height:auto;\">\n\t\t\n<style>\n#gap-527380891 {\n  padding-top: 0px;\n}\n<\/style>\n\t<\/div>\n\t\n\n<div class=\"container section-title-container\" ><h3 class=\"section-title section-title-center\"><b aria-hidden=\"true\"><\/b><span class=\"section-title-main\" >Mer om duft<\/span><b aria-hidden=\"true\"><\/b><\/h3><\/div>\n\n\t<div id=\"gap-123717127\" class=\"gap-element clearfix\" style=\"display:block; height:auto;\">\n\t\t\n<style>\n#gap-123717127 {\n  padding-top: 30px;\n}\n<\/style>\n\t<\/div>\n\t\n\n\t<div id=\"text-393586881\" class=\"text\">\n\t\t\n\n<p>Duft er en fascinerende opplevelse som vekker sansene v\u00e5re og kan fremkalle minner, f\u00f8lelser og assosiasjoner p\u00e5 en m\u00e5te som f\u00e5 andre sanseinntrykk kan. For \u00e5 forst\u00e5 hvordan duften er bygget opp, m\u00e5 vi grave dypere i dens komplekse natur.<br>Duft, eller lukt, oppst\u00e5r fra stoffer som n\u00e5r luktreseptorene v\u00e5re n\u00e5r vi puster dem inn eller blir eksponert for dem p\u00e5 andre m\u00e5ter. Disse kjemikaliene kalles luktstoffer og kan v\u00e6re enkle molekyler eller mer komplekse forbindelser. Duftene omgir oss overalt, fra naturlige kilder som blomster og frukt til kunstige dufter i parfymer og rengj\u00f8ringsprodukter.<\/p>\n<p>Parfymer kan deles inn i tre hovedgrupper basert p\u00e5 deres kjemiske egenskaper:<\/p>\n<ol>\n<li>\n<p><strong>Hydrofobe parfymer<\/strong>: Disse er vannavst\u00f8tende og oppl\u00f8ses ikke godt i vann. De er vanligvis flyktige og spres lett i luften. Eksempler p\u00e5 hydrofobe duftstoffer er dufter fra krydder, eteriske oljer og enkelte syntetiske kjemikalier.<\/p>\n<\/li>\n<li>\n<p><strong>Hydrofile duftstoffer<\/strong>: Disse er vannl\u00f8selige og kan derfor ikke spres i luften like lett som hydrofobe duftstoffer. De fleste naturlige luktstoffer som produseres av levende organismer, er hydrofile. Dette inkluderer dufter fra frukt, gr\u00f8nnsaker og blomster.<\/p>\n<\/li>\n<li>\n<p><strong>Amfifile duftstoffer<\/strong>: Disse har b\u00e5de hydrofile og hydrofobe deler i molekylstrukturen. De kan derfor l\u00f8ses opp i vann s\u00e5 vel som i fett, noe som gj\u00f8r dem allsidige n\u00e5r det gjelder spredning. Amfifile duftstoffer finnes i enkelte eteriske oljer og matlagingsdufter.<\/p>\n<\/li>\n<\/ol>\n<p>N\u00e5r vi utsettes for luktstoffer, trenger de inn i nesen og n\u00e5r luktorganet v\u00e5rt, som kalles luktepitelet. Luktepitelet dekker den \u00f8vre delen av nesehulen og inneholder millioner av sm\u00e5 luktreseptorer. Disse reseptorene er spesialisert p\u00e5 \u00e5 gjenkjenne og binde seg til spesifikke dufter, noe som utl\u00f8ser en kjemisk reaksjon som sender signaler til hjernen.<br>Signalene fra luktesansen sendes til ulike deler av hjernen, blant annet til det limbiske systemet, som er involvert i f\u00f8lelser og minner. Derfor kan dufter ofte vekke sterke f\u00f8lelser eller minner fra fortiden.<\/p>\n<p>Kort oppsummert best\u00e5r duftstoffer av ulike stoffer som kan v\u00e6re hydrofobe, hydrofile eller amfifile. Disse stoffene interagerer med luktreseptorene i nesen, noe som utl\u00f8ser en kaskade av signaler til hjernen og resulterer i opplevelsen av duft.<\/p>\n<p>Det f\u00f8rste steget p\u00e5 DIN duftreise starter nedenfor ved at du velger hvilket merke du vil utforske.  <\/p>\n<p> <\/p>\n\t\t\n<style>\n#text-393586881 {\n  text-align: left;\n}\n<\/style>\n\t<\/div>\n\t\n\t<div id=\"gap-1719485966\" class=\"gap-element clearfix\" style=\"display:block; height:auto;\">\n\t\t\n<style>\n#gap-1719485966 {\n  padding-top: 100px;\n}\n<\/style>\n\t<\/div>\n\t\n\n<div class=\"container section-title-container\" ><h3 class=\"section-title section-title-center\"><b aria-hidden=\"true\"><\/b><span class=\"section-title-main\" >V\u00e5re merkevarer<\/span><b aria-hidden=\"true\"><\/b><\/h3><\/div>\n\n<div class=\"slider-wrapper relative\" id=\"slider-1690237027\" >\n    <div class=\"slider slider-nav-circle slider-nav-large slider-nav-light slider-style-container\"\n        data-flickity-options='{\n            \"cellAlign\": \"center\",\n            \"imagesLoaded\": true,\n            \"lazyLoad\": 1,\n            \"freeScroll\": false,\n            \"wrapAround\": true,\n            \"autoPlay\": 6000,\n            \"pauseAutoPlayOnHover\" : true,\n            \"prevNextButtons\": true,\n            \"contain\" : true,\n            \"adaptiveHeight\" : true,\n            \"dragThreshold\" : 10,\n            \"percentPosition\": true,\n            \"pageDots\": true,\n            \"rightToLeft\": false,\n            \"draggable\": false,\n            \"selectedAttraction\": 0.1,\n            \"parallax\" : 2,\n            \"friction\": 0.6        }'\n        >\n        \n\n<div class=\"row\"  id=\"row-1381229102\">\n\n\n\t<div id=\"col-1092778521\" class=\"col medium-4 small-12 large-4\"  >\n\t\t\t\t<div class=\"col-inner\"  >\n\t\t\t\n\t\t\t\n\n\t<div class=\"img has-hover x md-x lg-x y md-y lg-y\" id=\"image_743321585\">\n\t\t<a class=\"\" href=\"https:\/\/doftrum.se\/varumarke\/yankee-candle\/\" >\t\t\t\t\t\t<div class=\"img-inner image-glow dark\" >\n\t\t\t<img loading=\"lazy\" decoding=\"async\" width=\"316\" height=\"35\" src=\"https:\/\/doftrum.se\/wp-content\/uploads\/2024\/02\/yankeecandle-logo-light.svg\" class=\"attachment-large size-large\" alt=\"\" \/>\t\t\t\t\t\t\n\t\t\t\t\t<\/div>\n\t\t\t\t\t\t<\/a>\t\t\n<style>\n#image_743321585 {\n  width: 100%;\n}\n<\/style>\n\t<\/div>\n\t\n\n\n\t\t<\/div>\n\t\t\t\t\n<style>\n#col-1092778521 > .col-inner {\n  padding: 5px 0px 0px 0px;\n}\n<\/style>\n\t<\/div>\n\n\t\n\n\t<div id=\"col-790843980\" class=\"col medium-4 small-12 large-4\"  >\n\t\t\t\t<div class=\"col-inner text-center\"  >\n\t\t\t\n\t\t\t\n\n\t<div class=\"img has-hover x md-x lg-x y md-y lg-y\" id=\"image_779430060\">\n\t\t<a class=\"\" href=\"https:\/\/doftrum.se\/varumarke\/woodwick\/\" >\t\t\t\t\t\t<div class=\"img-inner image-glow dark\" >\n\t\t\t<img loading=\"lazy\" decoding=\"async\" width=\"66\" height=\"10\" src=\"https:\/\/doftrum.se\/wp-content\/uploads\/2024\/02\/woodwick-logo-light.svg\" class=\"attachment-large size-large\" alt=\"\" \/>\t\t\t\t\t\t\n\t\t\t\t\t<\/div>\n\t\t\t\t\t\t<\/a>\t\t\n<style>\n#image_779430060 {\n  width: 78%;\n}\n<\/style>\n\t<\/div>\n\t\n\n\n\t\t<\/div>\n\t\t\t\t\t<\/div>\n\n\t\n\n\t<div id=\"col-396269994\" class=\"col medium-4 small-12 large-4\"  >\n\t\t\t\t<div class=\"col-inner\"  >\n\t\t\t\n\t\t\t\n\n\t<div class=\"img has-hover x md-x lg-x y md-y lg-y\" id=\"image_2030534507\">\n\t\t<a class=\"\" href=\"https:\/\/doftrum.se\/varumarke\/chesapeake-bay\/\" >\t\t\t\t\t\t<div class=\"img-inner image-glow dark\" >\n\t\t\t<img loading=\"lazy\" decoding=\"async\" width=\"217\" height=\"11\" src=\"https:\/\/doftrum.se\/wp-content\/uploads\/2024\/02\/chesapeakebay-logo-light.svg\" class=\"attachment-large size-large\" alt=\"\" \/>\t\t\t\t\t\t\n\t\t\t\t\t<\/div>\n\t\t\t\t\t\t<\/a>\t\t\n<style>\n#image_2030534507 {\n  width: 100%;\n}\n<\/style>\n\t<\/div>\n\t\n\n\n\t\t<\/div>\n\t\t\t\t\n<style>\n#col-396269994 > .col-inner {\n  padding: 12px 0px 0px 0px;\n}\n<\/style>\n\t<\/div>\n\n\t\n\n<\/div>\n\n     <\/div>\n\n     <div class=\"loading-spin dark large centered\"><\/div>\n\n\t<\/div>\n\n\n\n\t\t<\/div>\n\n\t\t\n<style>\n#section_1781695736 {\n  padding-top: 100px;\n  padding-bottom: 100px;\n}\n#section_1781695736 .section-bg-overlay {\n  background-color: rgba(0,0,0,.5);\n}\n<\/style>\n\t<\/section>\n\t\n\n","protected":false},"excerpt":{"rendered":"","protected":false},"author":18,"featured_media":0,"parent":0,"menu_order":0,"comment_status":"closed","ping_status":"closed","template":"","meta":{"_acf_changed":false,"footnotes":""},"class_list":["post-4310","page","type-page","status-publish","hentry"],"acf":[],"_links":{"self":[{"href":"https:\/\/doftrum.se\/no\/wp-json\/wp\/v2\/pages\/4310","targetHints":{"allow":["GET"]}}],"collection":[{"href":"https:\/\/doftrum.se\/no\/wp-json\/wp\/v2\/pages"}],"about":[{"href":"https:\/\/doftrum.se\/no\/wp-json\/wp\/v2\/types\/page"}],"author":[{"embeddable":true,"href":"https:\/\/doftrum.se\/no\/wp-json\/wp\/v2\/users\/18"}],"replies":[{"embeddable":true,"href":"https:\/\/doftrum.se\/no\/wp-json\/wp\/v2\/comments?post=4310"}],"version-history":[{"count":3,"href":"https:\/\/doftrum.se\/no\/wp-json\/wp\/v2\/pages\/4310\/revisions"}],"predecessor-version":[{"id":4855,"href":"https:\/\/doftrum.se\/no\/wp-json\/wp\/v2\/pages\/4310\/revisions\/4855"}],"wp:attachment":[{"href":"https:\/\/doftrum.se\/no\/wp-json\/wp\/v2\/media?parent=4310"}],"curies":[{"name":"wp","href":"https:\/\/api.w.org\/{rel}","templated":true}]}}