{"id":3460,"date":"2024-03-11T08:38:26","date_gmt":"2024-03-11T07:38:26","guid":{"rendered":"https:\/\/doftrum.se\/kontakt-oss\/"},"modified":"2024-03-15T08:08:06","modified_gmt":"2024-03-15T07:08:06","slug":"kontakt-oss","status":"publish","type":"page","link":"https:\/\/doftrum.se\/no\/kontakt-oss\/","title":{"rendered":"Kontakt oss"},"content":{"rendered":"\n\n  <div class=\"banner has-hover subpage-title has-video\" id=\"banner-1536819906\">\n          <div class=\"banner-inner fill\">\n        <div class=\"banner-bg fill\" >\n            <img loading=\"lazy\" decoding=\"async\" width=\"1178\" height=\"1178\" src=\"https:\/\/doftrum.se\/wp-content\/uploads\/2024\/02\/nedladdning-1.png\" class=\"bg attachment-original size-original\" alt=\"H\u00f6stdekoration med kaneldoftande ljus och pumpor p\u00e5 en f\u00f6nsterbr\u00e4da.\" \/>            \t<div class=\"video-overlay no-click fill hide-for-medium\"><\/div>\n\t<video class=\"video-bg fill hide-for-medium\" preload playsinline autoplay muted loop>\n\t\t<source src=\"https:\/\/doftrum.se\/wp-content\/uploads\/2024\/02\/pexels_videos_2544522-1080p.mp4\" type=\"video\/mp4\">\t<\/video>\n            <div class=\"overlay\"><\/div>            \n                    <\/div>\n\t\t\n        <div class=\"banner-layers container\">\n            <div class=\"fill banner-link\"><\/div>            \n\n   <div id=\"text-box-587854792\" class=\"text-box banner-layer x0 md-x0 lg-x0 y50 md-y50 lg-y50 res-text\">\n                                <div class=\"text-box-content text dark\">\n              \n              <div class=\"text-inner text-left\">\n                  \n\n<h1>Kundeservice og support<\/h1>\n\n\n              <\/div>\n           <\/div>\n                            \n<style>\n#text-box-587854792 {\n  width: 60%;\n}\n#text-box-587854792 .text-box-content {\n  font-size: 100%;\n}\n<\/style>\n    <\/div>\n \n\n        <\/div>\n      <\/div>\n\n              <div class=\"height-fix is-invisible\"><img loading=\"lazy\" decoding=\"async\" width=\"1178\" height=\"1178\" src=\"https:\/\/doftrum.se\/wp-content\/uploads\/2024\/02\/nedladdning-1.png\" class=\"attachment-original size-original\" alt=\"H\u00f6stdekoration med kaneldoftande ljus och pumpor p\u00e5 en f\u00f6nsterbr\u00e4da.\" srcset=\"https:\/\/doftrum.se\/wp-content\/uploads\/2024\/02\/nedladdning-1.png 1178w, https:\/\/doftrum.se\/wp-content\/uploads\/2024\/02\/nedladdning-1-1000x1000.png 1000w, https:\/\/doftrum.se\/wp-content\/uploads\/2024\/02\/nedladdning-1-100x100.png 100w, https:\/\/doftrum.se\/wp-content\/uploads\/2024\/02\/nedladdning-1-300x300.png 300w, https:\/\/doftrum.se\/wp-content\/uploads\/2024\/02\/nedladdning-1-1024x1024.png 1024w, https:\/\/doftrum.se\/wp-content\/uploads\/2024\/02\/nedladdning-1-150x150.png 150w, https:\/\/doftrum.se\/wp-content\/uploads\/2024\/02\/nedladdning-1-768x768.png 768w\" sizes=\"auto, (max-width: 1178px) 100vw, 1178px\" \/><\/div>\n            \n<style>\n#banner-1536819906 .overlay {\n  background-color: rgba(0,0,0,.5);\n}\n<\/style>\n  <\/div>\n\n\n\n\t<section class=\"section dark\" id=\"section_1239486375\">\n\t\t<div class=\"section-bg fill\" >\n\t\t\t\t\t\t\t\t\t<div class=\"section-bg-overlay absolute fill\"><\/div>\n\t\t\t\n\n\t\t<\/div>\n\n\t\t\n\n\t\t<div class=\"section-content relative\">\n\t\t\t\n\n\t<div id=\"gap-1802629559\" class=\"gap-element clearfix\" style=\"display:block; height:auto;\">\n\t\t\n<style>\n#gap-1802629559 {\n  padding-top: 30px;\n}\n<\/style>\n\t<\/div>\n\t\n\n<div class=\"row\"  id=\"row-1808055716\">\n\n\n\t<div id=\"col-1943209469\" class=\"col small-12 large-12\"  >\n\t\t\t\t<div class=\"col-inner\"  >\n\t\t\t\n\t\t\t\n\n<h2>Kj\u00f8p og levering<\/h2>\n<p style=\"text-align: left;\">Hvis du har sp\u00f8rsm\u00e5l om nettbutikken eller bestillingen din, kan du kontakte v\u00e5r ordreavdeling.  <\/p>\n<p style=\"text-align: left;\"><strong>Telefon: <\/strong>031-3000 500 (alternativ 1)<strong><br>E-post: <\/strong><a href=\"mailto:support@acreto.se\">order@acreto.se<\/a><\/p>\n<p style=\"text-align: left;\">Sentralbordet er \u00e5pent p\u00e5 hverdager mellom kl. 13.00 og 02.00. 08.30 og 16.00  <br>med stenging ved lunsjtid kl. 12.00 &#8211; 13.00<\/p>\n<h2>Produktproblemer<\/h2>\n<p>Hvis du har sp\u00f8rsm\u00e5l eller bekymringer om produktene p\u00e5 doftrum.se, er du velkommen til \u00e5 kontakte v\u00e5r <a href=\"mailto:\/\/support@acreto.se\" target=\"_blank\" rel=\"noopener\">kundesupport<\/a> via e-post <a href=\"mailto:support@acreto.se\">support@acreto.se<\/a>.<\/p>\n\n\t\t<\/div>\n\t\t\t\t\t<\/div>\n\n\t\n\n<\/div>\n\n\t\t<\/div>\n\n\t\t\n<style>\n#section_1239486375 {\n  padding-top: 50px;\n  padding-bottom: 50px;\n  background-color: rgb(64, 64, 64);\n}\n#section_1239486375 .section-bg-overlay {\n  background-color: rgba(0, 0, 0, 0.7);\n}\n<\/style>\n\t<\/section>\n\t\n\n","protected":false},"excerpt":{"rendered":"","protected":false},"author":18,"featured_media":0,"parent":0,"menu_order":0,"comment_status":"closed","ping_status":"closed","template":"page-blank.php","meta":{"_acf_changed":false,"footnotes":""},"class_list":["post-3460","page","type-page","status-publish","hentry"],"acf":[],"_links":{"self":[{"href":"https:\/\/doftrum.se\/no\/wp-json\/wp\/v2\/pages\/3460","targetHints":{"allow":["GET"]}}],"collection":[{"href":"https:\/\/doftrum.se\/no\/wp-json\/wp\/v2\/pages"}],"about":[{"href":"https:\/\/doftrum.se\/no\/wp-json\/wp\/v2\/types\/page"}],"author":[{"embeddable":true,"href":"https:\/\/doftrum.se\/no\/wp-json\/wp\/v2\/users\/18"}],"replies":[{"embeddable":true,"href":"https:\/\/doftrum.se\/no\/wp-json\/wp\/v2\/comments?post=3460"}],"version-history":[{"count":1,"href":"https:\/\/doftrum.se\/no\/wp-json\/wp\/v2\/pages\/3460\/revisions"}],"predecessor-version":[{"id":3465,"href":"https:\/\/doftrum.se\/no\/wp-json\/wp\/v2\/pages\/3460\/revisions\/3465"}],"wp:attachment":[{"href":"https:\/\/doftrum.se\/no\/wp-json\/wp\/v2\/media?parent=3460"}],"curies":[{"name":"wp","href":"https:\/\/api.w.org\/{rel}","templated":true}]}}